{"id":794,"date":"2024-10-14T17:25:33","date_gmt":"2024-10-14T15:25:33","guid":{"rendered":"https:\/\/dev.vitalstoffversand.com\/?post_type=product&#038;p=794"},"modified":"2026-04-01T12:57:38","modified_gmt":"2026-04-01T10:57:38","slug":"natura-med-hericium-organico-em-po-kopie","status":"publish","type":"product","link":"https:\/\/dev.vitalstoffversand.com\/pt-pt\/produto\/natura-med-hericium-organico-em-po-kopie\/","title":{"rendered":"Cogumelo Coriolus biol\u00f3gico em p\u00f3 &#8211; 100 g"},"content":{"rendered":"<p>Coriolus versicolor (Schmetterlingstramete) \u00e9 um cogumelo conhecido em v\u00e1rias culturas.<\/p>\n<p>Devido \u00e0 sua classifica\u00e7\u00e3o como novo alimento (Novel Food) na UE e em partes do EEE, n\u00e3o pode ser comercializado como suplemento alimentar ou alimento.<\/p>\n<p>Este produto \u00e9, portanto, oferecido exclusivamente como mat\u00e9ria-prima, sem recomenda\u00e7\u00e3o de uso e n\u00e3o para consumo.<\/p>\n<ul>\n<li>100% natural<\/li>\n<li>Produzido de acordo com rigorosos padr\u00f5es de qualidade da UE<\/li>\n<\/ul>\n","protected":false},"excerpt":{"rendered":"<p>Coriolus versicolor (Schmetterlingstramete) \u00e9 um cogumelo conhecido em v\u00e1rias culturas. Devido \u00e0 sua classifica\u00e7\u00e3o como novo alimento (Novel Food) na UE e em partes do EEE, n\u00e3o pode ser comercializado como suplemento alimentar ou alimento. Este produto \u00e9, portanto, oferecido exclusivamente como mat\u00e9ria-prima, sem recomenda\u00e7\u00e3o de uso e n\u00e3o para consumo. 100% natural Produzido de [&hellip;]<\/p>\n","protected":false},"featured_media":40482,"template":"","meta":{"_acf_changed":false},"product_brand":[],"product_cat":[537,539,538],"product_tag":[],"class_list":{"0":"post-794","1":"product","2":"type-product","3":"status-publish","4":"has-post-thumbnail","6":"product_cat-produtos-de-a-z","7":"product_cat-cogumelos-vitais","8":"product_cat-organico-pt","10":"first","11":"instock","12":"taxable","13":"shipping-taxable","14":"purchasable","15":"product-type-simple"},"acf":[],"_links":{"self":[{"href":"https:\/\/dev.vitalstoffversand.com\/pt-pt\/wp-json\/wp\/v2\/product\/794","targetHints":{"allow":["GET"]}}],"collection":[{"href":"https:\/\/dev.vitalstoffversand.com\/pt-pt\/wp-json\/wp\/v2\/product"}],"about":[{"href":"https:\/\/dev.vitalstoffversand.com\/pt-pt\/wp-json\/wp\/v2\/types\/product"}],"wp:featuredmedia":[{"embeddable":true,"href":"https:\/\/dev.vitalstoffversand.com\/pt-pt\/wp-json\/wp\/v2\/media\/40482"}],"wp:attachment":[{"href":"https:\/\/dev.vitalstoffversand.com\/pt-pt\/wp-json\/wp\/v2\/media?parent=794"}],"wp:term":[{"taxonomy":"product_brand","embeddable":true,"href":"https:\/\/dev.vitalstoffversand.com\/pt-pt\/wp-json\/wp\/v2\/product_brand?post=794"},{"taxonomy":"product_cat","embeddable":true,"href":"https:\/\/dev.vitalstoffversand.com\/pt-pt\/wp-json\/wp\/v2\/product_cat?post=794"},{"taxonomy":"product_tag","embeddable":true,"href":"https:\/\/dev.vitalstoffversand.com\/pt-pt\/wp-json\/wp\/v2\/product_tag?post=794"}],"curies":[{"name":"wp","href":"https:\/\/api.w.org\/{rel}","templated":true}]}}