{"id":766,"date":"2024-10-09T12:30:22","date_gmt":"2024-10-09T10:30:22","guid":{"rendered":"https:\/\/dev.vitalstoffversand.com\/produkt\/natura-med-reishi-organico-em-po\/"},"modified":"2026-03-11T12:32:25","modified_gmt":"2026-03-11T11:32:25","slug":"natura-med-reishi-organico-em-po","status":"publish","type":"product","link":"https:\/\/dev.vitalstoffversand.com\/pt-pt\/produto\/natura-med-reishi-organico-em-po\/","title":{"rendered":"Natura Med <br>Cogumelo Reishi biol\u00f3gico em p\u00f3 &#8211; 100 g"},"content":{"rendered":"<p>O cogumelo Reishi (Ganoderma lucidum) \u00e9 tamb\u00e9m conhecido como Ling Zi ou cogumelo da laca brilhante e \u00e9 considerado o rei dos cogumelos medicinais e vitalizantes.<\/p>\n<p>O Reishi cont\u00e9m mais de 400 subst\u00e2ncias bioactivas, incluindo cerca de 140 triterpenos diferentes, 100 polissac\u00e1ridos diferentes, bem como pot\u00e1ssio, c\u00e1lcio, magn\u00e9sio, sel\u00e9nio, zinco, ferro, cobre, vitaminas B1, B2, B3, B5 e D e todos os amino\u00e1cidos essenciais.<\/p>\n<p>Em compara\u00e7\u00e3o com muitos outros produtos no mercado, o nosso p\u00f3 de cogumelos \u00e9 cultivado e processado de acordo com os mais elevados padr\u00f5es.<\/p>\n<ul>\n<li>100% natural &#8211; sem aditivos<\/li>\n<li>Vegano<\/li>\n<li>Sem gl\u00faten<\/li>\n<li>Sem lactose<\/li>\n<li>Sem OGM<\/li>\n<li>Produzido de acordo com rigorosos padr\u00f5es de qualidade da UE<\/li>\n<\/ul>\n","protected":false},"excerpt":{"rendered":"<p>O p\u00f3 de cogumelo reishi org\u00e2nico \u00e9 um cogumelo medicinal tradicionalmente apreciado. Natural, vegan e cuidadosamente processado para garantir a melhor qualidade e alta biodisponibilidade.<\/p>\n","protected":false},"featured_media":40301,"template":"","meta":{"_acf_changed":false},"product_brand":[10206],"product_cat":[539,538,537],"product_tag":[],"class_list":{"0":"post-766","1":"product","2":"type-product","3":"status-publish","4":"has-post-thumbnail","6":"product_brand-natura-med-pt-pt","7":"product_cat-cogumelos-vitais","8":"product_cat-organico-pt","9":"product_cat-produtos-de-a-z","11":"first","12":"instock","13":"taxable","14":"shipping-taxable","15":"purchasable","16":"product-type-simple"},"acf":[],"_links":{"self":[{"href":"https:\/\/dev.vitalstoffversand.com\/pt-pt\/wp-json\/wp\/v2\/product\/766","targetHints":{"allow":["GET"]}}],"collection":[{"href":"https:\/\/dev.vitalstoffversand.com\/pt-pt\/wp-json\/wp\/v2\/product"}],"about":[{"href":"https:\/\/dev.vitalstoffversand.com\/pt-pt\/wp-json\/wp\/v2\/types\/product"}],"wp:featuredmedia":[{"embeddable":true,"href":"https:\/\/dev.vitalstoffversand.com\/pt-pt\/wp-json\/wp\/v2\/media\/40301"}],"wp:attachment":[{"href":"https:\/\/dev.vitalstoffversand.com\/pt-pt\/wp-json\/wp\/v2\/media?parent=766"}],"wp:term":[{"taxonomy":"product_brand","embeddable":true,"href":"https:\/\/dev.vitalstoffversand.com\/pt-pt\/wp-json\/wp\/v2\/product_brand?post=766"},{"taxonomy":"product_cat","embeddable":true,"href":"https:\/\/dev.vitalstoffversand.com\/pt-pt\/wp-json\/wp\/v2\/product_cat?post=766"},{"taxonomy":"product_tag","embeddable":true,"href":"https:\/\/dev.vitalstoffversand.com\/pt-pt\/wp-json\/wp\/v2\/product_tag?post=766"}],"curies":[{"name":"wp","href":"https:\/\/api.w.org\/{rel}","templated":true}]}}