{"id":745,"date":"2024-10-11T15:42:45","date_gmt":"2024-10-11T13:42:45","guid":{"rendered":"https:\/\/dev.vitalstoffversand.com\/produkt\/natura-med-hericium-organico-em-po\/"},"modified":"2026-03-11T12:46:58","modified_gmt":"2026-03-11T11:46:58","slug":"natura-med-hericium-organico-em-po","status":"publish","type":"product","link":"https:\/\/dev.vitalstoffversand.com\/pt-pt\/produto\/natura-med-hericium-organico-em-po\/","title":{"rendered":"Natura Med <br>Cogumelo Hericium org\u00e2nico em p\u00f3 &#8211; 100 g"},"content":{"rendered":"<p>O Hericium erinaceus tamb\u00e9m \u00e9 conhecido como cogumelo-espinhoso, cogumelo-cabe\u00e7a-de-macaco, juba-de-le\u00e3o ou Lion&#8217;s Mane, ou ainda, em Fran\u00e7a, como Pompon blanc.<\/p>\n<p>O cogumelo \u00e9 origin\u00e1rio da \u00c1sia, onde \u00e9 apreciado e utilizado tradicionalmente h\u00e1 s\u00e9culos.<\/p>\n<p>Em compara\u00e7\u00e3o com muitos outros produtos no mercado, o nosso p\u00f3 de cogumelos \u00e9 cultivado e processado de acordo com os mais elevados padr\u00f5es.<\/p>\n<ul>\n<li>100% natural &#8211; sem aditivos<\/li>\n<li>Vegano<\/li>\n<li>Sem gl\u00faten<\/li>\n<li>Sem lactose<\/li>\n<li>Sem OGM<\/li>\n<li>Produzido de acordo com rigorosos padr\u00f5es de qualidade da UE<\/li>\n<\/ul>\n","protected":false},"excerpt":{"rendered":"<p>O p\u00f3 de cogumelo Hericium org\u00e2nico \u00e9 um cogumelo medicinal tradicionalmente apreciado. Natural, vegan e cuidadosamente processado para garantir a melhor qualidade e alta biodisponibilidade.<\/p>\n","protected":false},"featured_media":40308,"template":"","meta":{"_acf_changed":false},"product_brand":[10206],"product_cat":[539,538,537],"product_tag":[],"class_list":{"0":"post-745","1":"product","2":"type-product","3":"status-publish","4":"has-post-thumbnail","6":"product_brand-natura-med-pt-pt","7":"product_cat-cogumelos-vitais","8":"product_cat-organico-pt","9":"product_cat-produtos-de-a-z","11":"first","12":"instock","13":"taxable","14":"shipping-taxable","15":"purchasable","16":"product-type-simple"},"acf":[],"_links":{"self":[{"href":"https:\/\/dev.vitalstoffversand.com\/pt-pt\/wp-json\/wp\/v2\/product\/745","targetHints":{"allow":["GET"]}}],"collection":[{"href":"https:\/\/dev.vitalstoffversand.com\/pt-pt\/wp-json\/wp\/v2\/product"}],"about":[{"href":"https:\/\/dev.vitalstoffversand.com\/pt-pt\/wp-json\/wp\/v2\/types\/product"}],"wp:featuredmedia":[{"embeddable":true,"href":"https:\/\/dev.vitalstoffversand.com\/pt-pt\/wp-json\/wp\/v2\/media\/40308"}],"wp:attachment":[{"href":"https:\/\/dev.vitalstoffversand.com\/pt-pt\/wp-json\/wp\/v2\/media?parent=745"}],"wp:term":[{"taxonomy":"product_brand","embeddable":true,"href":"https:\/\/dev.vitalstoffversand.com\/pt-pt\/wp-json\/wp\/v2\/product_brand?post=745"},{"taxonomy":"product_cat","embeddable":true,"href":"https:\/\/dev.vitalstoffversand.com\/pt-pt\/wp-json\/wp\/v2\/product_cat?post=745"},{"taxonomy":"product_tag","embeddable":true,"href":"https:\/\/dev.vitalstoffversand.com\/pt-pt\/wp-json\/wp\/v2\/product_tag?post=745"}],"curies":[{"name":"wp","href":"https:\/\/api.w.org\/{rel}","templated":true}]}}