{"id":67035,"date":"2026-01-13T18:28:12","date_gmt":"2026-01-13T17:28:12","guid":{"rendered":"https:\/\/vitalstoffversand.com\/produkt\/vit4ever-myo-inositol-em-po-300-g\/"},"modified":"2026-03-21T15:52:17","modified_gmt":"2026-03-21T14:52:17","slug":"vit4ever-myo-inositol-em-po-300-g","status":"publish","type":"product","link":"https:\/\/dev.vitalstoffversand.com\/pt-pt\/produto\/vit4ever-myo-inositol-em-po-300-g\/","title":{"rendered":"Vit4ever <br>Myo-inositol em p\u00f3 &#8211; 300 g"},"content":{"rendered":"<p>O mio-inositol \u00e9 uma subst\u00e2ncia semelhante a uma vitamina que est\u00e1 envolvida em in\u00fameros processos metab\u00f3licos no nosso organismo.<\/p>\n<p>Est\u00e1 presente naturalmente no nosso corpo, mas, em muitos casos, a suplementa\u00e7\u00e3o pode ser bastante \u00fatil.<\/p>\n<ul>\n<li>Vegano<\/li>\n<li>Sem gl\u00faten<\/li>\n<li>Sem lactose<\/li>\n<li>Sem OGM<\/li>\n<li>Produzido de acordo com rigorosos padr\u00f5es de qualidade da UE<\/li>\n<\/ul>\n","protected":false},"excerpt":{"rendered":"<p>O mio-inositol \u00e9 uma subst\u00e2ncia semelhante a uma vitamina que est\u00e1 envolvida em in\u00fameros processos metab\u00f3licos no nosso organismo. Est\u00e1 presente naturalmente no nosso corpo, mas, em muitos casos, a suplementa\u00e7\u00e3o pode ser bastante \u00fatil. Vegano Sem gl\u00faten Sem lactose Sem OGM Produzido de acordo com rigorosos padr\u00f5es de qualidade da UE<\/p>\n","protected":false},"featured_media":67034,"template":"","meta":{"_acf_changed":false},"product_brand":[10221],"product_cat":[559,537],"product_tag":[],"class_list":{"0":"post-67035","1":"product","2":"type-product","3":"status-publish","4":"has-post-thumbnail","6":"product_brand-vit4ever-pt-pt","7":"product_cat-nutrientes","8":"product_cat-produtos-de-a-z","10":"first","11":"instock","12":"taxable","13":"shipping-taxable","14":"purchasable","15":"product-type-simple"},"acf":[],"_links":{"self":[{"href":"https:\/\/dev.vitalstoffversand.com\/pt-pt\/wp-json\/wp\/v2\/product\/67035","targetHints":{"allow":["GET"]}}],"collection":[{"href":"https:\/\/dev.vitalstoffversand.com\/pt-pt\/wp-json\/wp\/v2\/product"}],"about":[{"href":"https:\/\/dev.vitalstoffversand.com\/pt-pt\/wp-json\/wp\/v2\/types\/product"}],"wp:featuredmedia":[{"embeddable":true,"href":"https:\/\/dev.vitalstoffversand.com\/pt-pt\/wp-json\/wp\/v2\/media\/67034"}],"wp:attachment":[{"href":"https:\/\/dev.vitalstoffversand.com\/pt-pt\/wp-json\/wp\/v2\/media?parent=67035"}],"wp:term":[{"taxonomy":"product_brand","embeddable":true,"href":"https:\/\/dev.vitalstoffversand.com\/pt-pt\/wp-json\/wp\/v2\/product_brand?post=67035"},{"taxonomy":"product_cat","embeddable":true,"href":"https:\/\/dev.vitalstoffversand.com\/pt-pt\/wp-json\/wp\/v2\/product_cat?post=67035"},{"taxonomy":"product_tag","embeddable":true,"href":"https:\/\/dev.vitalstoffversand.com\/pt-pt\/wp-json\/wp\/v2\/product_tag?post=67035"}],"curies":[{"name":"wp","href":"https:\/\/api.w.org\/{rel}","templated":true}]}}