{"id":66963,"date":"2026-01-13T18:25:07","date_gmt":"2026-01-13T17:25:07","guid":{"rendered":"https:\/\/vitalstoffversand.com\/produkt\/vit4ever-manteiga-de-caju-chocolate-branco-e-canela-1000-g\/"},"modified":"2026-03-21T15:52:18","modified_gmt":"2026-03-21T14:52:18","slug":"vit4ever-manteiga-de-caju-chocolate-branco-e-canela-1000-g","status":"publish","type":"product","link":"https:\/\/dev.vitalstoffversand.com\/pt-pt\/produto\/vit4ever-manteiga-de-caju-chocolate-branco-e-canela-1000-g\/","title":{"rendered":"Vit4ever <br>Manteiga de caju &#8211; Chocolate branco e canela &#8211; 1000 g"},"content":{"rendered":"<p>Uma deliciosa pasta de caju com chocolate branco sem a\u00e7\u00facar e um toque subtil de canela.<\/p>\n<p>O produto combina uma consist\u00eancia cremosa com um sabor a nozes, ao mesmo tempo suave e adocicado, e agradavelmente picante.<\/p>\n<p>Nota: \u00c9 normal que o \u00f3leo flutue neste produto. Basta mexer um pouco para recuperar a consist\u00eancia cremosa. <\/p>\n<ul>\n<li>Vegetariano<\/li>\n<li>Sem \u00f3leo de palma<\/li>\n<li>Sem adi\u00e7\u00e3o de a\u00e7\u00facar<\/li>\n<li>Sem OGM<\/li>\n<li>Produzido de acordo com rigorosos padr\u00f5es de qualidade da UE<\/li>\n<\/ul>\n","protected":false},"excerpt":{"rendered":"<p>Uma deliciosa pasta de caju com chocolate branco sem a\u00e7\u00facar e um toque subtil de canela. O produto combina uma consist\u00eancia cremosa com um sabor a nozes, ao mesmo tempo suave e adocicado, e agradavelmente picante. Nota: \u00c9 normal que o \u00f3leo flutue neste produto. Basta mexer um pouco para recuperar a consist\u00eancia cremosa. Vegetariano [&hellip;]<\/p>\n","protected":false},"featured_media":66962,"template":"","meta":{"_acf_changed":false},"product_brand":[10221],"product_cat":[550,537],"product_tag":[],"class_list":{"0":"post-66963","1":"product","2":"type-product","3":"status-publish","4":"has-post-thumbnail","6":"product_brand-vit4ever-pt-pt","7":"product_cat-cozinhar-e-petiscar","8":"product_cat-produtos-de-a-z","10":"first","11":"instock","12":"taxable","13":"shipping-taxable","14":"purchasable","15":"product-type-simple"},"acf":[],"_links":{"self":[{"href":"https:\/\/dev.vitalstoffversand.com\/pt-pt\/wp-json\/wp\/v2\/product\/66963","targetHints":{"allow":["GET"]}}],"collection":[{"href":"https:\/\/dev.vitalstoffversand.com\/pt-pt\/wp-json\/wp\/v2\/product"}],"about":[{"href":"https:\/\/dev.vitalstoffversand.com\/pt-pt\/wp-json\/wp\/v2\/types\/product"}],"wp:featuredmedia":[{"embeddable":true,"href":"https:\/\/dev.vitalstoffversand.com\/pt-pt\/wp-json\/wp\/v2\/media\/66962"}],"wp:attachment":[{"href":"https:\/\/dev.vitalstoffversand.com\/pt-pt\/wp-json\/wp\/v2\/media?parent=66963"}],"wp:term":[{"taxonomy":"product_brand","embeddable":true,"href":"https:\/\/dev.vitalstoffversand.com\/pt-pt\/wp-json\/wp\/v2\/product_brand?post=66963"},{"taxonomy":"product_cat","embeddable":true,"href":"https:\/\/dev.vitalstoffversand.com\/pt-pt\/wp-json\/wp\/v2\/product_cat?post=66963"},{"taxonomy":"product_tag","embeddable":true,"href":"https:\/\/dev.vitalstoffversand.com\/pt-pt\/wp-json\/wp\/v2\/product_tag?post=66963"}],"curies":[{"name":"wp","href":"https:\/\/api.w.org\/{rel}","templated":true}]}}