{"id":66730,"date":"2026-01-09T14:20:14","date_gmt":"2026-01-09T13:20:14","guid":{"rendered":"https:\/\/vitalstoffversand.com\/produkt\/vit4ever-myo-inositol-240-capsulas\/"},"modified":"2026-03-21T15:52:39","modified_gmt":"2026-03-21T14:52:39","slug":"vit4ever-myo-inositol-240-capsulas","status":"publish","type":"product","link":"https:\/\/dev.vitalstoffversand.com\/pt-pt\/produto\/vit4ever-myo-inositol-240-capsulas\/","title":{"rendered":"Vit4ever <br>Myo-inositol &#8211; 240 c\u00e1psulas"},"content":{"rendered":"<p>O mio-inositol \u00e9 um composto natural que participa em in\u00fameros processos metab\u00f3licos no corpo humano e \u00e9 ingerido atrav\u00e9s da alimenta\u00e7\u00e3o.<\/p>\n<p>Uma vez que o inositol se encontra principalmente nos citrinos, nas leguminosas e nos cereais, nem sempre \u00e9 garantido um aporte suficiente.<\/p>\n<ul>\n<li>Vegano<\/li>\n<li>Sem gl\u00faten<\/li>\n<li>Sem lactose<\/li>\n<li>Sem OGM<\/li>\n<li>Produzido de acordo com rigorosos padr\u00f5es de qualidade da UE<\/li>\n<\/ul>\n","protected":false},"excerpt":{"rendered":"<p>O mio-inositol \u00e9 um composto natural que participa em in\u00fameros processos metab\u00f3licos no corpo humano e \u00e9 ingerido atrav\u00e9s da alimenta\u00e7\u00e3o. Uma vez que o inositol se encontra principalmente nos citrinos, nas leguminosas e nos cereais, nem sempre \u00e9 garantido um aporte suficiente. Vegano Sem gl\u00faten Sem lactose Sem OGM Produzido de acordo com rigorosos [&hellip;]<\/p>\n","protected":false},"featured_media":66714,"template":"","meta":{"_acf_changed":false},"product_brand":[10221],"product_cat":[559,537],"product_tag":[],"class_list":{"0":"post-66730","1":"product","2":"type-product","3":"status-publish","4":"has-post-thumbnail","6":"product_brand-vit4ever-pt-pt","7":"product_cat-nutrientes","8":"product_cat-produtos-de-a-z","10":"first","11":"instock","12":"taxable","13":"shipping-taxable","14":"purchasable","15":"product-type-simple"},"acf":[],"_links":{"self":[{"href":"https:\/\/dev.vitalstoffversand.com\/pt-pt\/wp-json\/wp\/v2\/product\/66730","targetHints":{"allow":["GET"]}}],"collection":[{"href":"https:\/\/dev.vitalstoffversand.com\/pt-pt\/wp-json\/wp\/v2\/product"}],"about":[{"href":"https:\/\/dev.vitalstoffversand.com\/pt-pt\/wp-json\/wp\/v2\/types\/product"}],"wp:featuredmedia":[{"embeddable":true,"href":"https:\/\/dev.vitalstoffversand.com\/pt-pt\/wp-json\/wp\/v2\/media\/66714"}],"wp:attachment":[{"href":"https:\/\/dev.vitalstoffversand.com\/pt-pt\/wp-json\/wp\/v2\/media?parent=66730"}],"wp:term":[{"taxonomy":"product_brand","embeddable":true,"href":"https:\/\/dev.vitalstoffversand.com\/pt-pt\/wp-json\/wp\/v2\/product_brand?post=66730"},{"taxonomy":"product_cat","embeddable":true,"href":"https:\/\/dev.vitalstoffversand.com\/pt-pt\/wp-json\/wp\/v2\/product_cat?post=66730"},{"taxonomy":"product_tag","embeddable":true,"href":"https:\/\/dev.vitalstoffversand.com\/pt-pt\/wp-json\/wp\/v2\/product_tag?post=66730"}],"curies":[{"name":"wp","href":"https:\/\/api.w.org\/{rel}","templated":true}]}}