{"id":66655,"date":"2025-10-08T13:39:09","date_gmt":"2025-10-08T11:39:09","guid":{"rendered":"https:\/\/vitalstoffversand.com\/produkt\/vit4ever-manteiga-de-amendoim-em-po-light-500-g\/"},"modified":"2026-03-21T15:52:54","modified_gmt":"2026-03-21T14:52:54","slug":"vit4ever-manteiga-de-amendoim-em-po-light-500-g","status":"publish","type":"product","link":"https:\/\/dev.vitalstoffversand.com\/pt-pt\/produto\/vit4ever-manteiga-de-amendoim-em-po-light-500-g\/","title":{"rendered":"Vit4ever <br>Manteiga de amendoim em p\u00f3 Light &#8211; 500 g"},"content":{"rendered":"<p>Com a manteiga de amendoim em p\u00f3, podes desfrutar do sabor intenso sem teres de te sentir culpado pelo teor de gordura e calorias da manteiga de amendoim normal.<\/p>\n<p>Este p\u00f3 cont\u00e9m 85 % menos gordura do que a manteiga de amendoim normal, mas mant\u00e9m todo o aroma e sabor.<\/p>\n<ul>\n<li>Vegano<\/li>\n<li>Sem gl\u00faten<\/li>\n<li>Sem lactose<\/li>\n<li>Sem OGM<\/li>\n<li>Produzido de acordo com rigorosos padr\u00f5es de qualidade da UE<\/li>\n<\/ul>\n","protected":false},"excerpt":{"rendered":"<p>Com a manteiga de amendoim em p\u00f3, podes desfrutar do sabor intenso sem teres de te sentir culpado pelo teor de gordura e calorias da manteiga de amendoim normal. Este p\u00f3 cont\u00e9m 85 % menos gordura do que a manteiga de amendoim normal, mas mant\u00e9m todo o aroma e sabor. Vegano Sem gl\u00faten Sem lactose [&hellip;]<\/p>\n","protected":false},"featured_media":66647,"template":"","meta":{"_acf_changed":false},"product_brand":[10221],"product_cat":[550,537],"product_tag":[],"class_list":{"0":"post-66655","1":"product","2":"type-product","3":"status-publish","4":"has-post-thumbnail","6":"product_brand-vit4ever-pt-pt","7":"product_cat-cozinhar-e-petiscar","8":"product_cat-produtos-de-a-z","10":"first","11":"instock","12":"taxable","13":"shipping-taxable","14":"purchasable","15":"product-type-simple"},"acf":[],"_links":{"self":[{"href":"https:\/\/dev.vitalstoffversand.com\/pt-pt\/wp-json\/wp\/v2\/product\/66655","targetHints":{"allow":["GET"]}}],"collection":[{"href":"https:\/\/dev.vitalstoffversand.com\/pt-pt\/wp-json\/wp\/v2\/product"}],"about":[{"href":"https:\/\/dev.vitalstoffversand.com\/pt-pt\/wp-json\/wp\/v2\/types\/product"}],"wp:featuredmedia":[{"embeddable":true,"href":"https:\/\/dev.vitalstoffversand.com\/pt-pt\/wp-json\/wp\/v2\/media\/66647"}],"wp:attachment":[{"href":"https:\/\/dev.vitalstoffversand.com\/pt-pt\/wp-json\/wp\/v2\/media?parent=66655"}],"wp:term":[{"taxonomy":"product_brand","embeddable":true,"href":"https:\/\/dev.vitalstoffversand.com\/pt-pt\/wp-json\/wp\/v2\/product_brand?post=66655"},{"taxonomy":"product_cat","embeddable":true,"href":"https:\/\/dev.vitalstoffversand.com\/pt-pt\/wp-json\/wp\/v2\/product_cat?post=66655"},{"taxonomy":"product_tag","embeddable":true,"href":"https:\/\/dev.vitalstoffversand.com\/pt-pt\/wp-json\/wp\/v2\/product_tag?post=66655"}],"curies":[{"name":"wp","href":"https:\/\/api.w.org\/{rel}","templated":true}]}}