{"id":66400,"date":"2025-10-08T13:30:31","date_gmt":"2025-10-08T11:30:31","guid":{"rendered":"https:\/\/vitalstoffversand.com\/produkt\/vit4ever-claras-de-ovo-liquidas-970-ml\/"},"modified":"2026-03-21T15:53:05","modified_gmt":"2026-03-21T14:53:05","slug":"vit4ever-claras-de-ovo-liquidas-970-ml","status":"publish","type":"product","link":"https:\/\/dev.vitalstoffversand.com\/pt-pt\/produto\/vit4ever-claras-de-ovo-liquidas-970-ml\/","title":{"rendered":"Vit4ever <br>Claras de ovo l\u00edquidas &#8211; 970 ml"},"content":{"rendered":"<p>Claras de ovo l\u00edquidas provenientes de galinhas criadas ao ar livre.<\/p>\n<p>Uma garrafa equivale a 32 ovos frescos e constitui uma fonte natural de prote\u00edna de alta qualidade.<\/p>\n<ul>\n<li>Sem gl\u00faten<\/li>\n<li>Sem lactose<\/li>\n<li>Sem OGM<\/li>\n<li>Produzido de acordo com rigorosos padr\u00f5es de qualidade da UE<\/li>\n<\/ul>\n","protected":false},"excerpt":{"rendered":"<p>Claras de ovo l\u00edquidas provenientes de galinhas criadas ao ar livre. Uma garrafa equivale a 32 ovos frescos e constitui uma fonte natural de prote\u00edna de alta qualidade. Sem gl\u00faten Sem lactose Sem OGM Produzido de acordo com rigorosos padr\u00f5es de qualidade da UE<\/p>\n","protected":false},"featured_media":58754,"template":"","meta":{"_acf_changed":false},"product_brand":[10221],"product_cat":[550,537,558],"product_tag":[],"class_list":{"0":"post-66400","1":"product","2":"type-product","3":"status-publish","4":"has-post-thumbnail","6":"product_brand-vit4ever-pt-pt","7":"product_cat-cozinhar-e-petiscar","8":"product_cat-produtos-de-a-z","9":"product_cat-proteinas-pt","11":"first","12":"instock","13":"taxable","14":"shipping-taxable","15":"purchasable","16":"product-type-simple"},"acf":[],"_links":{"self":[{"href":"https:\/\/dev.vitalstoffversand.com\/pt-pt\/wp-json\/wp\/v2\/product\/66400","targetHints":{"allow":["GET"]}}],"collection":[{"href":"https:\/\/dev.vitalstoffversand.com\/pt-pt\/wp-json\/wp\/v2\/product"}],"about":[{"href":"https:\/\/dev.vitalstoffversand.com\/pt-pt\/wp-json\/wp\/v2\/types\/product"}],"wp:featuredmedia":[{"embeddable":true,"href":"https:\/\/dev.vitalstoffversand.com\/pt-pt\/wp-json\/wp\/v2\/media\/58754"}],"wp:attachment":[{"href":"https:\/\/dev.vitalstoffversand.com\/pt-pt\/wp-json\/wp\/v2\/media?parent=66400"}],"wp:term":[{"taxonomy":"product_brand","embeddable":true,"href":"https:\/\/dev.vitalstoffversand.com\/pt-pt\/wp-json\/wp\/v2\/product_brand?post=66400"},{"taxonomy":"product_cat","embeddable":true,"href":"https:\/\/dev.vitalstoffversand.com\/pt-pt\/wp-json\/wp\/v2\/product_cat?post=66400"},{"taxonomy":"product_tag","embeddable":true,"href":"https:\/\/dev.vitalstoffversand.com\/pt-pt\/wp-json\/wp\/v2\/product_tag?post=66400"}],"curies":[{"name":"wp","href":"https:\/\/api.w.org\/{rel}","templated":true}]}}