{"id":66285,"date":"2025-07-07T17:26:27","date_gmt":"2025-07-07T15:26:27","guid":{"rendered":"https:\/\/vitalstoffversand.com\/produkt\/vit4ever-isotonic-plus-1050-g-varios-sabores\/"},"modified":"2025-07-07T17:26:27","modified_gmt":"2025-07-07T15:26:27","slug":"vit4ever-isotonic-plus-1050-g-varios-sabores","status":"publish","type":"product","link":"https:\/\/dev.vitalstoffversand.com\/pt-pt\/produto\/vit4ever-isotonic-plus-1050-g-varios-sabores\/","title":{"rendered":"Vit4ever <br>Isotonic Plus &#8211; 1050 g &#8211; diferentes sabores"},"content":{"rendered":"<p>Isotonic Plus \u00e9 uma bebida de hidrata\u00e7\u00e3o e recupera\u00e7\u00e3o, concebida para te ajudar ap\u00f3s um treino intenso, uma sess\u00e3o de resist\u00eancia ou um dia ativo.<\/p>\n<p>A combina\u00e7\u00e3o de hidratos de carbono de r\u00e1pida absor\u00e7\u00e3o, vitaminas e extrato de maca ajuda a repor a perda de l\u00edquidos e minerais.<\/p>\n<ul>\n<li>Vegano<\/li>\n<li>Sem gl\u00faten<\/li>\n<li>Sem lactose<\/li>\n<li>Sem OGM<\/li>\n<li>Produzido de acordo com rigorosos padr\u00f5es de qualidade da UE<\/li>\n<\/ul>\n","protected":false},"excerpt":{"rendered":"<p>Isotonic Plus \u00e9 uma bebida de hidrata\u00e7\u00e3o e recupera\u00e7\u00e3o, concebida para te ajudar ap\u00f3s um treino intenso, uma sess\u00e3o de resist\u00eancia ou um dia ativo. A combina\u00e7\u00e3o de hidratos de carbono de r\u00e1pida absor\u00e7\u00e3o, vitaminas e extrato de maca ajuda a repor a perda de l\u00edquidos e minerais. Vegano Sem gl\u00faten Sem lactose Sem OGM [&hellip;]<\/p>\n","protected":false},"featured_media":58482,"template":"","meta":{"_acf_changed":false},"product_brand":[10221],"product_cat":[559,537],"product_tag":[],"class_list":{"0":"post-66285","1":"product","2":"type-product","3":"status-publish","4":"has-post-thumbnail","6":"product_brand-vit4ever-pt-pt","7":"product_cat-nutrientes","8":"product_cat-produtos-de-a-z","10":"first","11":"instock","12":"taxable","13":"shipping-taxable","14":"purchasable","15":"product-type-variable"},"acf":[],"_links":{"self":[{"href":"https:\/\/dev.vitalstoffversand.com\/pt-pt\/wp-json\/wp\/v2\/product\/66285","targetHints":{"allow":["GET"]}}],"collection":[{"href":"https:\/\/dev.vitalstoffversand.com\/pt-pt\/wp-json\/wp\/v2\/product"}],"about":[{"href":"https:\/\/dev.vitalstoffversand.com\/pt-pt\/wp-json\/wp\/v2\/types\/product"}],"wp:featuredmedia":[{"embeddable":true,"href":"https:\/\/dev.vitalstoffversand.com\/pt-pt\/wp-json\/wp\/v2\/media\/58482"}],"wp:attachment":[{"href":"https:\/\/dev.vitalstoffversand.com\/pt-pt\/wp-json\/wp\/v2\/media?parent=66285"}],"wp:term":[{"taxonomy":"product_brand","embeddable":true,"href":"https:\/\/dev.vitalstoffversand.com\/pt-pt\/wp-json\/wp\/v2\/product_brand?post=66285"},{"taxonomy":"product_cat","embeddable":true,"href":"https:\/\/dev.vitalstoffversand.com\/pt-pt\/wp-json\/wp\/v2\/product_cat?post=66285"},{"taxonomy":"product_tag","embeddable":true,"href":"https:\/\/dev.vitalstoffversand.com\/pt-pt\/wp-json\/wp\/v2\/product_tag?post=66285"}],"curies":[{"name":"wp","href":"https:\/\/api.w.org\/{rel}","templated":true}]}}