{"id":66222,"date":"2025-09-01T18:53:48","date_gmt":"2025-09-01T16:53:48","guid":{"rendered":"https:\/\/vitalstoffversand.com\/produkt\/vit4ever-oleo-de-peixe-omega-3-intenso-365-capsulas\/"},"modified":"2026-03-21T15:54:22","modified_gmt":"2026-03-21T14:54:22","slug":"vit4ever-oleo-de-peixe-omega-3-intenso-365-capsulas","status":"publish","type":"product","link":"https:\/\/dev.vitalstoffversand.com\/pt-pt\/produto\/vit4ever-oleo-de-peixe-omega-3-intenso-365-capsulas\/","title":{"rendered":"Vit4ever <br>\u00d3leo de peixe Omega 3 Intenso &#8211; 365 c\u00e1psulas"},"content":{"rendered":"<p>Os \u00e1cidos gordos \u00f3mega 3 s\u00e3o essenciais para o nosso organismo e devem ser ingeridos atrav\u00e9s da alimenta\u00e7\u00e3o.<\/p>\n<p>O produto premium Omega 3 Intenso fornece-te 1000 mg de \u00f3leo de peixe em cada c\u00e1psula de gelatina mole, 80% dos quais s\u00e3o \u00e1cidos gordos \u00f3mega 3 puros com 400 mg <a href=\"https:\/\/dev.vitalstoffversand.com\/knowledge-base\/eicosapentaensaeure-und-docosahexaensaeure-epa-dha\/\" target=\"_blank\" rel=\"noopener\"><strong><span style=\"color: #0000ff;\">\u2192 EPA (\u00e1cido eicosapentaen\u00f3ico)<\/span><\/strong><\/a> e 300 mg de <a href=\"https:\/\/dev.vitalstoffversand.com\/knowledge-base\/docosahexaensaeure-dha\/\" target=\"_blank\" rel=\"noopener\"><strong><span style=\"color: #0000ff;\">\u2192 DHA (\u00e1cido docosahaexen\u00f3ico)<\/span><\/strong><\/a> na forma de triglic\u00e9ridos com a maior biodisponibilidade.<\/p>\n<ul>\n<li>Sem gl\u00faten<\/li>\n<li>Sem lactose<\/li>\n<li>Sem OGM<\/li>\n<li>Produzido de acordo com rigorosos padr\u00f5es de qualidade da UE<\/li>\n<\/ul>\n","protected":false},"excerpt":{"rendered":"<p>Os \u00e1cidos gordos \u00f3mega 3 s\u00e3o essenciais para o nosso organismo e devem ser ingeridos atrav\u00e9s da alimenta\u00e7\u00e3o. O produto premium Omega 3 Intenso fornece-te 1000 mg de \u00f3leo de peixe em cada c\u00e1psula de gelatina mole, 80% dos quais s\u00e3o \u00e1cidos gordos \u00f3mega 3 puros com 400 mg \u2192 EPA (\u00e1cido eicosapentaen\u00f3ico) e 300 [&hellip;]<\/p>\n","protected":false},"featured_media":54194,"template":"","meta":{"_acf_changed":false},"product_brand":[10221],"product_cat":[554,537],"product_tag":[],"class_list":{"0":"post-66222","1":"product","2":"type-product","3":"status-publish","4":"has-post-thumbnail","6":"product_brand-vit4ever-pt-pt","7":"product_cat-acidos-gordos","8":"product_cat-produtos-de-a-z","10":"first","11":"instock","12":"taxable","13":"shipping-taxable","14":"purchasable","15":"product-type-simple"},"acf":[],"_links":{"self":[{"href":"https:\/\/dev.vitalstoffversand.com\/pt-pt\/wp-json\/wp\/v2\/product\/66222","targetHints":{"allow":["GET"]}}],"collection":[{"href":"https:\/\/dev.vitalstoffversand.com\/pt-pt\/wp-json\/wp\/v2\/product"}],"about":[{"href":"https:\/\/dev.vitalstoffversand.com\/pt-pt\/wp-json\/wp\/v2\/types\/product"}],"wp:featuredmedia":[{"embeddable":true,"href":"https:\/\/dev.vitalstoffversand.com\/pt-pt\/wp-json\/wp\/v2\/media\/54194"}],"wp:attachment":[{"href":"https:\/\/dev.vitalstoffversand.com\/pt-pt\/wp-json\/wp\/v2\/media?parent=66222"}],"wp:term":[{"taxonomy":"product_brand","embeddable":true,"href":"https:\/\/dev.vitalstoffversand.com\/pt-pt\/wp-json\/wp\/v2\/product_brand?post=66222"},{"taxonomy":"product_cat","embeddable":true,"href":"https:\/\/dev.vitalstoffversand.com\/pt-pt\/wp-json\/wp\/v2\/product_cat?post=66222"},{"taxonomy":"product_tag","embeddable":true,"href":"https:\/\/dev.vitalstoffversand.com\/pt-pt\/wp-json\/wp\/v2\/product_tag?post=66222"}],"curies":[{"name":"wp","href":"https:\/\/api.w.org\/{rel}","templated":true}]}}