{"id":66157,"date":"2025-10-02T17:00:00","date_gmt":"2025-10-02T15:00:00","guid":{"rendered":"https:\/\/vitalstoffversand.com\/produkt\/vit4ever-calcio-magnesio-21-180-comprimidos\/"},"modified":"2026-03-21T15:53:14","modified_gmt":"2026-03-21T14:53:14","slug":"vit4ever-calcio-magnesio-21-180-comprimidos","status":"publish","type":"product","link":"https:\/\/dev.vitalstoffversand.com\/pt-pt\/produto\/vit4ever-calcio-magnesio-21-180-comprimidos\/","title":{"rendered":"Vit4ever <br>C\u00e1lcio + Magn\u00e9sio 2:1 &#8211; 180 comprimidos"},"content":{"rendered":"<p>A propor\u00e7\u00e3o \u00f3ptima de 2:1 de <a href=\"https:\/\/dev.vitalstoffversand.com\/knowledge-base\/calcium\/\" target=\"_blank\" rel=\"noopener\"><strong><span style=\"color: #0000ff;\">\u2192 c\u00e1lcio<\/span><\/strong><\/a> e <a href=\"https:\/\/dev.vitalstoffversand.com\/knowledge-base\/magnesium\/\" target=\"_blank\" rel=\"noopener\"><strong><span style=\"color: #0000ff;\">\u2192 magn\u00e9sio<\/span><\/strong><\/a> num comprimido.<\/p>\n<p>Uma ranhura de divis\u00e3o permite ajustar a dose di\u00e1ria do suplemento de acordo com as tuas prefer\u00eancias, sendo que 2 comprimidos correspondem \u00e0 dose di\u00e1ria recomendada (VDR).<\/p>\n<ul>\n<li>Vegano<\/li>\n<li>Sem gl\u00faten<\/li>\n<li>Sem lactose<\/li>\n<li>Sem OGM<\/li>\n<li>Produzido de acordo com rigorosos padr\u00f5es de qualidade da UE<\/li>\n<\/ul>\n","protected":false},"excerpt":{"rendered":"<p>A propor\u00e7\u00e3o \u00f3ptima de 2:1 de \u2192 c\u00e1lcio e \u2192 magn\u00e9sio num comprimido. Uma ranhura de divis\u00e3o permite ajustar a dose di\u00e1ria do suplemento de acordo com as tuas prefer\u00eancias, sendo que 2 comprimidos correspondem \u00e0 dose di\u00e1ria recomendada (VDR). Vegano Sem gl\u00faten Sem lactose Sem OGM Produzido de acordo com rigorosos padr\u00f5es de qualidade [&hellip;]<\/p>\n","protected":false},"featured_media":58106,"template":"","meta":{"_acf_changed":false},"product_brand":[10221],"product_cat":[555,537],"product_tag":[],"class_list":{"0":"post-66157","1":"product","2":"type-product","3":"status-publish","4":"has-post-thumbnail","6":"product_brand-vit4ever-pt-pt","7":"product_cat-minerais-e-oligoelementos","8":"product_cat-produtos-de-a-z","10":"first","11":"outofstock","12":"taxable","13":"shipping-taxable","14":"purchasable","15":"product-type-simple"},"acf":[],"_links":{"self":[{"href":"https:\/\/dev.vitalstoffversand.com\/pt-pt\/wp-json\/wp\/v2\/product\/66157","targetHints":{"allow":["GET"]}}],"collection":[{"href":"https:\/\/dev.vitalstoffversand.com\/pt-pt\/wp-json\/wp\/v2\/product"}],"about":[{"href":"https:\/\/dev.vitalstoffversand.com\/pt-pt\/wp-json\/wp\/v2\/types\/product"}],"wp:featuredmedia":[{"embeddable":true,"href":"https:\/\/dev.vitalstoffversand.com\/pt-pt\/wp-json\/wp\/v2\/media\/58106"}],"wp:attachment":[{"href":"https:\/\/dev.vitalstoffversand.com\/pt-pt\/wp-json\/wp\/v2\/media?parent=66157"}],"wp:term":[{"taxonomy":"product_brand","embeddable":true,"href":"https:\/\/dev.vitalstoffversand.com\/pt-pt\/wp-json\/wp\/v2\/product_brand?post=66157"},{"taxonomy":"product_cat","embeddable":true,"href":"https:\/\/dev.vitalstoffversand.com\/pt-pt\/wp-json\/wp\/v2\/product_cat?post=66157"},{"taxonomy":"product_tag","embeddable":true,"href":"https:\/\/dev.vitalstoffversand.com\/pt-pt\/wp-json\/wp\/v2\/product_tag?post=66157"}],"curies":[{"name":"wp","href":"https:\/\/api.w.org\/{rel}","templated":true}]}}