{"id":66128,"date":"2025-06-11T16:55:17","date_gmt":"2025-06-11T14:55:17","guid":{"rendered":"https:\/\/vitalstoffversand.com\/produkt\/vit4ever-taurina-em-po-1000-g\/"},"modified":"2025-06-11T16:55:17","modified_gmt":"2025-06-11T14:55:17","slug":"vit4ever-taurina-em-po-1000-g","status":"publish","type":"product","link":"https:\/\/dev.vitalstoffversand.com\/pt-pt\/produto\/vit4ever-taurina-em-po-1000-g\/","title":{"rendered":"Vit4ever <br>Taurina em p\u00f3 &#8211; 1000 g"},"content":{"rendered":"<p>A taurina desempenha um papel importante no nosso organismo e \u00e9 essencial para diversos processos biol\u00f3gicos.<\/p>\n<p>A taurina \u00e9 conhecida por muitos sobretudo pelas bebidas energ\u00e9ticas, mas tamb\u00e9m est\u00e1 presente naturalmente nos alimentos de origem animal, raz\u00e3o pela qual, em particular, os vegetarianos e veganos t\u00eam, por vezes, dificuldade em ingerir taurina suficiente atrav\u00e9s da alimenta\u00e7\u00e3o.<\/p>\n<ul>\n<li>Vegano<\/li>\n<li>Sem gl\u00faten<\/li>\n<li>Sem lactose<\/li>\n<li>Sem OGM<\/li>\n<li>Produzido de acordo com rigorosos padr\u00f5es de qualidade da UE<\/li>\n<\/ul>\n","protected":false},"excerpt":{"rendered":"<p>A taurina desempenha um papel importante no nosso organismo e \u00e9 essencial para diversos processos biol\u00f3gicos. A taurina \u00e9 conhecida por muitos sobretudo pelas bebidas energ\u00e9ticas, mas tamb\u00e9m est\u00e1 presente naturalmente nos alimentos de origem animal, raz\u00e3o pela qual, em particular, os vegetarianos e veganos t\u00eam, por vezes, dificuldade em ingerir taurina suficiente atrav\u00e9s da [&hellip;]<\/p>\n","protected":false},"featured_media":66123,"template":"","meta":{"_acf_changed":false},"product_brand":[10221],"product_cat":[559,537],"product_tag":[],"class_list":{"0":"post-66128","1":"product","2":"type-product","3":"status-publish","4":"has-post-thumbnail","6":"product_brand-vit4ever-pt-pt","7":"product_cat-nutrientes","8":"product_cat-produtos-de-a-z","10":"first","11":"instock","12":"taxable","13":"shipping-taxable","14":"purchasable","15":"product-type-simple"},"acf":[],"_links":{"self":[{"href":"https:\/\/dev.vitalstoffversand.com\/pt-pt\/wp-json\/wp\/v2\/product\/66128","targetHints":{"allow":["GET"]}}],"collection":[{"href":"https:\/\/dev.vitalstoffversand.com\/pt-pt\/wp-json\/wp\/v2\/product"}],"about":[{"href":"https:\/\/dev.vitalstoffversand.com\/pt-pt\/wp-json\/wp\/v2\/types\/product"}],"wp:featuredmedia":[{"embeddable":true,"href":"https:\/\/dev.vitalstoffversand.com\/pt-pt\/wp-json\/wp\/v2\/media\/66123"}],"wp:attachment":[{"href":"https:\/\/dev.vitalstoffversand.com\/pt-pt\/wp-json\/wp\/v2\/media?parent=66128"}],"wp:term":[{"taxonomy":"product_brand","embeddable":true,"href":"https:\/\/dev.vitalstoffversand.com\/pt-pt\/wp-json\/wp\/v2\/product_brand?post=66128"},{"taxonomy":"product_cat","embeddable":true,"href":"https:\/\/dev.vitalstoffversand.com\/pt-pt\/wp-json\/wp\/v2\/product_cat?post=66128"},{"taxonomy":"product_tag","embeddable":true,"href":"https:\/\/dev.vitalstoffversand.com\/pt-pt\/wp-json\/wp\/v2\/product_tag?post=66128"}],"curies":[{"name":"wp","href":"https:\/\/api.w.org\/{rel}","templated":true}]}}