{"id":66079,"date":"2025-04-15T16:01:48","date_gmt":"2025-04-15T14:01:48","guid":{"rendered":"https:\/\/vitalstoffversand.com\/produkt\/vit4ever-peptideos-de-colagenio-300-capsulas\/"},"modified":"2025-04-15T16:01:48","modified_gmt":"2025-04-15T14:01:48","slug":"vit4ever-peptideos-de-colagenio-300-capsulas","status":"publish","type":"product","link":"https:\/\/dev.vitalstoffversand.com\/pt-pt\/produto\/vit4ever-peptideos-de-colagenio-300-capsulas\/","title":{"rendered":"Vit4ever <br>Pept\u00eddeos de colag\u00e9nio &#8211; 300 c\u00e1psulas"},"content":{"rendered":"<p>O colag\u00e9nio \u00e9 um dos principais componentes do nosso corpo, sendo essencial para a pele, as articula\u00e7\u00f5es, os ossos e o tecido conjuntivo.<\/p>\n<p>Com o avan\u00e7ar da idade, a produ\u00e7\u00e3o end\u00f3gena de colag\u00e9nio diminui, pelo que pode ser aconselh\u00e1vel a sua ingest\u00e3o adicional.<\/p>\n<ul>\n<li>Sem gl\u00faten<\/li>\n<li>Sem lactose<\/li>\n<li>Sem OGM<\/li>\n<li>Produzido de acordo com rigorosos padr\u00f5es de qualidade da UE<\/li>\n<\/ul>\n","protected":false},"excerpt":{"rendered":"<p>O colag\u00e9nio \u00e9 um dos principais componentes do nosso corpo, sendo essencial para a pele, as articula\u00e7\u00f5es, os ossos e o tecido conjuntivo. Com o avan\u00e7ar da idade, a produ\u00e7\u00e3o end\u00f3gena de colag\u00e9nio diminui, pelo que pode ser aconselh\u00e1vel a sua ingest\u00e3o adicional. Sem gl\u00faten Sem lactose Sem OGM Produzido de acordo com rigorosos padr\u00f5es [&hellip;]<\/p>\n","protected":false},"featured_media":58066,"template":"","meta":{"_acf_changed":false},"product_brand":[10221],"product_cat":[551,537],"product_tag":[],"class_list":{"0":"post-66079","1":"product","2":"type-product","3":"status-publish","4":"has-post-thumbnail","6":"product_brand-vit4ever-pt-pt","7":"product_cat-aminoacidos-pt","8":"product_cat-produtos-de-a-z","10":"first","11":"instock","12":"taxable","13":"shipping-taxable","14":"purchasable","15":"product-type-simple"},"acf":[],"_links":{"self":[{"href":"https:\/\/dev.vitalstoffversand.com\/pt-pt\/wp-json\/wp\/v2\/product\/66079","targetHints":{"allow":["GET"]}}],"collection":[{"href":"https:\/\/dev.vitalstoffversand.com\/pt-pt\/wp-json\/wp\/v2\/product"}],"about":[{"href":"https:\/\/dev.vitalstoffversand.com\/pt-pt\/wp-json\/wp\/v2\/types\/product"}],"wp:featuredmedia":[{"embeddable":true,"href":"https:\/\/dev.vitalstoffversand.com\/pt-pt\/wp-json\/wp\/v2\/media\/58066"}],"wp:attachment":[{"href":"https:\/\/dev.vitalstoffversand.com\/pt-pt\/wp-json\/wp\/v2\/media?parent=66079"}],"wp:term":[{"taxonomy":"product_brand","embeddable":true,"href":"https:\/\/dev.vitalstoffversand.com\/pt-pt\/wp-json\/wp\/v2\/product_brand?post=66079"},{"taxonomy":"product_cat","embeddable":true,"href":"https:\/\/dev.vitalstoffversand.com\/pt-pt\/wp-json\/wp\/v2\/product_cat?post=66079"},{"taxonomy":"product_tag","embeddable":true,"href":"https:\/\/dev.vitalstoffversand.com\/pt-pt\/wp-json\/wp\/v2\/product_tag?post=66079"}],"curies":[{"name":"wp","href":"https:\/\/api.w.org\/{rel}","templated":true}]}}