{"id":66070,"date":"2025-04-15T14:53:07","date_gmt":"2025-04-15T12:53:07","guid":{"rendered":"https:\/\/vitalstoffversand.com\/produkt\/vit4ever-choline-complex-120-capsulas\/"},"modified":"2025-04-15T14:53:07","modified_gmt":"2025-04-15T12:53:07","slug":"vit4ever-choline-complex-120-capsulas","status":"publish","type":"product","link":"https:\/\/dev.vitalstoffversand.com\/pt-pt\/produto\/vit4ever-choline-complex-120-capsulas\/","title":{"rendered":"Vit4ever <br>Choline complex &#8211; 120 c\u00e1psulas"},"content":{"rendered":"<p>A colina \u00e9 um micronutriente de tipo vitam\u00ednico que desempenha um papel central no metabolismo das gorduras e pode tamb\u00e9m contribuir para a manuten\u00e7\u00e3o de uma fun\u00e7\u00e3o hep\u00e1tica normal.<\/p>\n<p>Choline Complex \u00e9 composto por tr\u00eas fontes de colina de alta qualidade, garantindo assim um fornecimento \u00f3timo.<\/p>\n<ul>\n<li>Vegano<\/li>\n<li>Sem gl\u00faten<\/li>\n<li>Sem lactose<\/li>\n<li>Sem OGM<\/li>\n<li>Produzido de acordo com rigorosos padr\u00f5es de qualidade da UE<\/li>\n<\/ul>\n","protected":false},"excerpt":{"rendered":"<p>A colina \u00e9 um micronutriente de tipo vitam\u00ednico que desempenha um papel central no metabolismo das gorduras e pode tamb\u00e9m contribuir para a manuten\u00e7\u00e3o de uma fun\u00e7\u00e3o hep\u00e1tica normal. Choline Complex \u00e9 composto por tr\u00eas fontes de colina de alta qualidade, garantindo assim um fornecimento \u00f3timo. Vegano Sem gl\u00faten Sem lactose Sem OGM Produzido de [&hellip;]<\/p>\n","protected":false},"featured_media":57986,"template":"","meta":{"_acf_changed":false},"product_brand":[10221],"product_cat":[559,537],"product_tag":[],"class_list":{"0":"post-66070","1":"product","2":"type-product","3":"status-publish","4":"has-post-thumbnail","6":"product_brand-vit4ever-pt-pt","7":"product_cat-nutrientes","8":"product_cat-produtos-de-a-z","10":"first","11":"instock","12":"taxable","13":"shipping-taxable","14":"purchasable","15":"product-type-simple"},"acf":[],"_links":{"self":[{"href":"https:\/\/dev.vitalstoffversand.com\/pt-pt\/wp-json\/wp\/v2\/product\/66070","targetHints":{"allow":["GET"]}}],"collection":[{"href":"https:\/\/dev.vitalstoffversand.com\/pt-pt\/wp-json\/wp\/v2\/product"}],"about":[{"href":"https:\/\/dev.vitalstoffversand.com\/pt-pt\/wp-json\/wp\/v2\/types\/product"}],"wp:featuredmedia":[{"embeddable":true,"href":"https:\/\/dev.vitalstoffversand.com\/pt-pt\/wp-json\/wp\/v2\/media\/57986"}],"wp:attachment":[{"href":"https:\/\/dev.vitalstoffversand.com\/pt-pt\/wp-json\/wp\/v2\/media?parent=66070"}],"wp:term":[{"taxonomy":"product_brand","embeddable":true,"href":"https:\/\/dev.vitalstoffversand.com\/pt-pt\/wp-json\/wp\/v2\/product_brand?post=66070"},{"taxonomy":"product_cat","embeddable":true,"href":"https:\/\/dev.vitalstoffversand.com\/pt-pt\/wp-json\/wp\/v2\/product_cat?post=66070"},{"taxonomy":"product_tag","embeddable":true,"href":"https:\/\/dev.vitalstoffversand.com\/pt-pt\/wp-json\/wp\/v2\/product_tag?post=66070"}],"curies":[{"name":"wp","href":"https:\/\/api.w.org\/{rel}","templated":true}]}}