{"id":66058,"date":"2025-09-01T18:47:51","date_gmt":"2025-09-01T16:47:51","guid":{"rendered":"https:\/\/vitalstoffversand.com\/produkt\/vit4ever-bromelain-intenso-7500-f-i-p-120-capsulas\/"},"modified":"2025-09-01T18:47:51","modified_gmt":"2025-09-01T16:47:51","slug":"vit4ever-bromelain-intenso-7500-f-i-p-120-capsulas","status":"publish","type":"product","link":"https:\/\/dev.vitalstoffversand.com\/pt-pt\/produto\/vit4ever-bromelain-intenso-7500-f-i-p-120-capsulas\/","title":{"rendered":"Vit4ever <br>Bromelain Intenso 7500 F.I.P. &#8211; 120 c\u00e1psulas"},"content":{"rendered":"<p>Bromelina Intenso com 7500 F.I.P. (Federa\u00e7\u00e3o Farmac\u00eautica Internacional = unidade de medida da atividade enzim\u00e1tica).<\/p>\n<p>A subst\u00e2ncia extra\u00edda da planta do anan\u00e1s \u00e9 composta por duas enzimas.<\/p>\n<p>A bromela\u00edna \u00e9 tamb\u00e9m utilizada como medicamento \u00e0 base de plantas para tratar o incha\u00e7o ap\u00f3s les\u00f5es e cirurgias.<\/p>\n<p>Al\u00e9m disso, possui propriedades anti-inflamat\u00f3rias e digestivas.<\/p>\n<p>As c\u00e1psulas t\u00eam um revestimento ent\u00e9rico para que o ingrediente ativo s\u00f3 seja libertado onde possa ser absorvido.<\/p>\n<ul>\n<li>Vegano<\/li>\n<li>Sem gl\u00faten<\/li>\n<li>Sem lactose<\/li>\n<li>Sem OGM<\/li>\n<li>Produzido de acordo com rigorosos padr\u00f5es de qualidade da UE<\/li>\n<\/ul>\n","protected":false},"excerpt":{"rendered":"<p>Bromelina Intenso com 7500 F.I.P. (Federa\u00e7\u00e3o Farmac\u00eautica Internacional = unidade de medida da atividade enzim\u00e1tica). A subst\u00e2ncia extra\u00edda da planta do anan\u00e1s \u00e9 composta por duas enzimas. A bromela\u00edna \u00e9 tamb\u00e9m utilizada como medicamento \u00e0 base de plantas para tratar o incha\u00e7o ap\u00f3s les\u00f5es e cirurgias. Al\u00e9m disso, possui propriedades anti-inflamat\u00f3rias e digestivas. As c\u00e1psulas [&hellip;]<\/p>\n","protected":false},"featured_media":57906,"template":"","meta":{"_acf_changed":false},"product_brand":[10221],"product_cat":[559,537],"product_tag":[],"class_list":{"0":"post-66058","1":"product","2":"type-product","3":"status-publish","4":"has-post-thumbnail","6":"product_brand-vit4ever-pt-pt","7":"product_cat-nutrientes","8":"product_cat-produtos-de-a-z","10":"first","11":"outofstock","12":"taxable","13":"shipping-taxable","14":"purchasable","15":"product-type-simple"},"acf":[],"_links":{"self":[{"href":"https:\/\/dev.vitalstoffversand.com\/pt-pt\/wp-json\/wp\/v2\/product\/66058","targetHints":{"allow":["GET"]}}],"collection":[{"href":"https:\/\/dev.vitalstoffversand.com\/pt-pt\/wp-json\/wp\/v2\/product"}],"about":[{"href":"https:\/\/dev.vitalstoffversand.com\/pt-pt\/wp-json\/wp\/v2\/types\/product"}],"wp:featuredmedia":[{"embeddable":true,"href":"https:\/\/dev.vitalstoffversand.com\/pt-pt\/wp-json\/wp\/v2\/media\/57906"}],"wp:attachment":[{"href":"https:\/\/dev.vitalstoffversand.com\/pt-pt\/wp-json\/wp\/v2\/media?parent=66058"}],"wp:term":[{"taxonomy":"product_brand","embeddable":true,"href":"https:\/\/dev.vitalstoffversand.com\/pt-pt\/wp-json\/wp\/v2\/product_brand?post=66058"},{"taxonomy":"product_cat","embeddable":true,"href":"https:\/\/dev.vitalstoffversand.com\/pt-pt\/wp-json\/wp\/v2\/product_cat?post=66058"},{"taxonomy":"product_tag","embeddable":true,"href":"https:\/\/dev.vitalstoffversand.com\/pt-pt\/wp-json\/wp\/v2\/product_tag?post=66058"}],"curies":[{"name":"wp","href":"https:\/\/api.w.org\/{rel}","templated":true}]}}