{"id":66000,"date":"2025-04-08T11:32:55","date_gmt":"2025-04-08T09:32:55","guid":{"rendered":"https:\/\/vitalstoffversand.com\/produkt\/vit4ever-acido-folico-365-comprimidos\/"},"modified":"2025-04-08T11:32:55","modified_gmt":"2025-04-08T09:32:55","slug":"vit4ever-acido-folico-365-comprimidos","status":"publish","type":"product","link":"https:\/\/dev.vitalstoffversand.com\/pt-pt\/produto\/vit4ever-acido-folico-365-comprimidos\/","title":{"rendered":"Vit4ever <br>\u00c1cido f\u00f3lico &#8211; 365 comprimidos"},"content":{"rendered":"<p><a href=\"https:\/\/dev.vitalstoffversand.com\/knowledge-base\/vitamin-b9-folat\/\" target=\"_blank\" rel=\"noopener\"><strong><span style=\"color: #0000ff;\">\u2192 O \u00e1cido f\u00f3lico (vitamina B9)<\/span><\/strong><\/a> \u00e9 a forma sint\u00e9tica do folato, que se encontra naturalmente nos alimentos de origem predominantemente vegetal (vegetais de folha, frutos secos).<\/p>\n<p>O \u00e1cido f\u00f3lico \u00e9 uma forma particularmente est\u00e1vel e facilmente biodispon\u00edvel de vitamina B9.<\/p>\n<ul>\n<li>Vegano<\/li>\n<li>Sem gl\u00faten<\/li>\n<li>Sem lactose<\/li>\n<li>Sem OGM<\/li>\n<li>Produzido de acordo com rigorosos padr\u00f5es de qualidade da UE<\/li>\n<\/ul>\n","protected":false},"excerpt":{"rendered":"<p>\u2192 O \u00e1cido f\u00f3lico (vitamina B9) \u00e9 a forma sint\u00e9tica do folato, que se encontra naturalmente nos alimentos de origem predominantemente vegetal (vegetais de folha, frutos secos). O \u00e1cido f\u00f3lico \u00e9 uma forma particularmente est\u00e1vel e facilmente biodispon\u00edvel de vitamina B9. Vegano Sem gl\u00faten Sem lactose Sem OGM Produzido de acordo com rigorosos padr\u00f5es de [&hellip;]<\/p>\n","protected":false},"featured_media":57698,"template":"","meta":{"_acf_changed":false},"product_brand":[10221],"product_cat":[563,537],"product_tag":[],"class_list":{"0":"post-66000","1":"product","2":"type-product","3":"status-publish","4":"has-post-thumbnail","6":"product_brand-vit4ever-pt-pt","7":"product_cat-vitaminas-pt","8":"product_cat-produtos-de-a-z","10":"first","11":"instock","12":"taxable","13":"shipping-taxable","14":"purchasable","15":"product-type-simple"},"acf":[],"_links":{"self":[{"href":"https:\/\/dev.vitalstoffversand.com\/pt-pt\/wp-json\/wp\/v2\/product\/66000","targetHints":{"allow":["GET"]}}],"collection":[{"href":"https:\/\/dev.vitalstoffversand.com\/pt-pt\/wp-json\/wp\/v2\/product"}],"about":[{"href":"https:\/\/dev.vitalstoffversand.com\/pt-pt\/wp-json\/wp\/v2\/types\/product"}],"wp:featuredmedia":[{"embeddable":true,"href":"https:\/\/dev.vitalstoffversand.com\/pt-pt\/wp-json\/wp\/v2\/media\/57698"}],"wp:attachment":[{"href":"https:\/\/dev.vitalstoffversand.com\/pt-pt\/wp-json\/wp\/v2\/media?parent=66000"}],"wp:term":[{"taxonomy":"product_brand","embeddable":true,"href":"https:\/\/dev.vitalstoffversand.com\/pt-pt\/wp-json\/wp\/v2\/product_brand?post=66000"},{"taxonomy":"product_cat","embeddable":true,"href":"https:\/\/dev.vitalstoffversand.com\/pt-pt\/wp-json\/wp\/v2\/product_cat?post=66000"},{"taxonomy":"product_tag","embeddable":true,"href":"https:\/\/dev.vitalstoffversand.com\/pt-pt\/wp-json\/wp\/v2\/product_tag?post=66000"}],"curies":[{"name":"wp","href":"https:\/\/api.w.org\/{rel}","templated":true}]}}