{"id":65923,"date":"2025-04-08T11:28:49","date_gmt":"2025-04-08T09:28:49","guid":{"rendered":"https:\/\/vitalstoffversand.com\/produkt\/vit4ever-yummy-whey-varios-sabores\/"},"modified":"2026-03-16T18:05:09","modified_gmt":"2026-03-16T17:05:09","slug":"vit4ever-yummy-whey-varios-sabores","status":"publish","type":"product","link":"https:\/\/dev.vitalstoffversand.com\/pt-pt\/produto\/vit4ever-yummy-whey-varios-sabores\/","title":{"rendered":"Vit4ever <br>Yummy Whey &#8211; diferentes sabores"},"content":{"rendered":"<p>Yummy Whey \u00e9 um batido de prote\u00ednas com um tipo especial de experi\u00eancia de sabor.<\/p>\n<p>Em embalagens de 908 gramas, ou em sach\u00eas individuais de 30 gramas, se quiseres experimentar primeiro.<\/p>\n<p>Com os seus diversos sabores, esta prote\u00edna em p\u00f3 \u00e9 um verdadeiro destaque, quer seja misturada com \u00e1gua ou leite, quer seja utilizada para dar um toque especial a cereais, batidos, bolos ou sobremesas.<\/p>\n<p>Prote\u00edna de marca de alta qualidade com, dependendo do sabor, pelo menos 65% de teor proteico e um perfil natural de amino\u00e1cidos.<\/p>\n<p>O p\u00f3 \u00e9 perfeitamente sol\u00favel, pobre em a\u00e7\u00facar e gordura e enriquecido com lactase, o que o torna adequado para pessoas com intoler\u00e2ncia \u00e0 lactose.<\/p>\n<ul>\n<li>Produzido de acordo com rigorosos padr\u00f5es de qualidade da UE<\/li>\n<\/ul>\n","protected":false},"excerpt":{"rendered":"<p>Yummy Whey \u00e9 um batido de prote\u00ednas com um tipo especial de experi\u00eancia de sabor. Em embalagens de 908 gramas, ou em sach\u00eas individuais de 30 gramas, se quiseres experimentar primeiro. Com os seus diversos sabores, esta prote\u00edna em p\u00f3 \u00e9 um verdadeiro destaque, quer seja misturada com \u00e1gua ou leite, quer seja utilizada para [&hellip;]<\/p>\n","protected":false},"featured_media":65917,"template":"","meta":{"_acf_changed":false},"product_brand":[10221],"product_cat":[558,537],"product_tag":[],"class_list":{"0":"post-65923","1":"product","2":"type-product","3":"status-publish","4":"has-post-thumbnail","6":"product_brand-vit4ever-pt-pt","7":"product_cat-proteinas-pt","8":"product_cat-produtos-de-a-z","10":"first","11":"instock","12":"taxable","13":"shipping-taxable","14":"purchasable","15":"product-type-variable"},"acf":[],"_links":{"self":[{"href":"https:\/\/dev.vitalstoffversand.com\/pt-pt\/wp-json\/wp\/v2\/product\/65923","targetHints":{"allow":["GET"]}}],"collection":[{"href":"https:\/\/dev.vitalstoffversand.com\/pt-pt\/wp-json\/wp\/v2\/product"}],"about":[{"href":"https:\/\/dev.vitalstoffversand.com\/pt-pt\/wp-json\/wp\/v2\/types\/product"}],"wp:featuredmedia":[{"embeddable":true,"href":"https:\/\/dev.vitalstoffversand.com\/pt-pt\/wp-json\/wp\/v2\/media\/65917"}],"wp:attachment":[{"href":"https:\/\/dev.vitalstoffversand.com\/pt-pt\/wp-json\/wp\/v2\/media?parent=65923"}],"wp:term":[{"taxonomy":"product_brand","embeddable":true,"href":"https:\/\/dev.vitalstoffversand.com\/pt-pt\/wp-json\/wp\/v2\/product_brand?post=65923"},{"taxonomy":"product_cat","embeddable":true,"href":"https:\/\/dev.vitalstoffversand.com\/pt-pt\/wp-json\/wp\/v2\/product_cat?post=65923"},{"taxonomy":"product_tag","embeddable":true,"href":"https:\/\/dev.vitalstoffversand.com\/pt-pt\/wp-json\/wp\/v2\/product_tag?post=65923"}],"curies":[{"name":"wp","href":"https:\/\/api.w.org\/{rel}","templated":true}]}}