{"id":65877,"date":"2025-04-07T17:56:17","date_gmt":"2025-04-07T15:56:17","guid":{"rendered":"https:\/\/vitalstoffversand.com\/produkt\/vit4ever-creme-de-pistachio-300-g-diferentes-sabores\/"},"modified":"2026-03-16T17:40:24","modified_gmt":"2026-03-16T16:40:24","slug":"vit4ever-creme-de-pistachio-300-g-diferentes-sabores","status":"publish","type":"product","link":"https:\/\/dev.vitalstoffversand.com\/pt-pt\/produto\/vit4ever-creme-de-pistachio-300-g-diferentes-sabores\/","title":{"rendered":"Vit4ever <br>Creme de pist\u00e1chio &#8211; 300 g &#8211; diferentes sabores"},"content":{"rendered":"<p>Os pist\u00e1cios t\u00eam um sabor inconfund\u00edvel.<\/p>\n<p>Motivo mais do que suficiente para saborear este sabor fant\u00e1stico na forma de creme puro de pist\u00e1cio, combinado com chocolate branco ou ao estilo de Dubai.<\/p>\n<p>A manteiga de pist\u00e1chio pura d\u00e1-lhe 100% de pist\u00e1chios torrados e, por conseguinte, um sabor puro, enquanto a manteiga de pist\u00e1chio com chocolate branco obt\u00e9m o seu sabor equilibrado a partir de 69% de pist\u00e1chios, 30% de chocolate branco e um pouco de aroma de baunilha, sendo o chocolate branco ado\u00e7ado com maltitol em vez do a\u00e7\u00facar convencional.<\/p>\n<p>O Pistachio Cream Dubai Style \u00e9 enriquecido com chocolate de leite e pedacinhos tradicionais de kadayif, proporcionando uma experi\u00eancia \u00fanica, cremosa e crocante.<\/p>\n<p>Maravilhosamente cremoso e ideal para barrar ou para refinar pratos, sobremesas e muito mais.<\/p>\n<p>Nota: \u00c9 normal que o \u00f3leo flutue neste produto. Basta mexer um pouco para recuperar a consist\u00eancia cremosa. <\/p>\n<ul>\n<li>Sem \u00f3leo de palma<\/li>\n<li>Sem a\u00e7\u00facar<\/li>\n<li>Sem OGM<\/li>\n<li>Produzido de acordo com rigorosos padr\u00f5es de qualidade da UE<\/li>\n<\/ul>\n","protected":false},"excerpt":{"rendered":"<p>Os pist\u00e1cios t\u00eam um sabor inconfund\u00edvel. Motivo mais do que suficiente para saborear este sabor fant\u00e1stico na forma de creme puro de pist\u00e1cio, combinado com chocolate branco ou ao estilo de Dubai. A manteiga de pist\u00e1chio pura d\u00e1-lhe 100% de pist\u00e1chios torrados e, por conseguinte, um sabor puro, enquanto a manteiga de pist\u00e1chio com chocolate [&hellip;]<\/p>\n","protected":false},"featured_media":57290,"template":"","meta":{"_acf_changed":false},"product_brand":[10221],"product_cat":[550,537],"product_tag":[],"class_list":{"0":"post-65877","1":"product","2":"type-product","3":"status-publish","4":"has-post-thumbnail","6":"product_brand-vit4ever-pt-pt","7":"product_cat-cozinhar-e-petiscar","8":"product_cat-produtos-de-a-z","10":"first","11":"instock","12":"sale","13":"taxable","14":"shipping-taxable","15":"purchasable","16":"product-type-variable"},"acf":[],"_links":{"self":[{"href":"https:\/\/dev.vitalstoffversand.com\/pt-pt\/wp-json\/wp\/v2\/product\/65877","targetHints":{"allow":["GET"]}}],"collection":[{"href":"https:\/\/dev.vitalstoffversand.com\/pt-pt\/wp-json\/wp\/v2\/product"}],"about":[{"href":"https:\/\/dev.vitalstoffversand.com\/pt-pt\/wp-json\/wp\/v2\/types\/product"}],"wp:featuredmedia":[{"embeddable":true,"href":"https:\/\/dev.vitalstoffversand.com\/pt-pt\/wp-json\/wp\/v2\/media\/57290"}],"wp:attachment":[{"href":"https:\/\/dev.vitalstoffversand.com\/pt-pt\/wp-json\/wp\/v2\/media?parent=65877"}],"wp:term":[{"taxonomy":"product_brand","embeddable":true,"href":"https:\/\/dev.vitalstoffversand.com\/pt-pt\/wp-json\/wp\/v2\/product_brand?post=65877"},{"taxonomy":"product_cat","embeddable":true,"href":"https:\/\/dev.vitalstoffversand.com\/pt-pt\/wp-json\/wp\/v2\/product_cat?post=65877"},{"taxonomy":"product_tag","embeddable":true,"href":"https:\/\/dev.vitalstoffversand.com\/pt-pt\/wp-json\/wp\/v2\/product_tag?post=65877"}],"curies":[{"name":"wp","href":"https:\/\/api.w.org\/{rel}","templated":true}]}}