{"id":65862,"date":"2025-04-07T16:39:22","date_gmt":"2025-04-07T14:39:22","guid":{"rendered":"https:\/\/vitalstoffversand.com\/produkt\/vit4ever-magnesio-11-vezes-complexo-240-capsulas\/"},"modified":"2025-04-07T16:39:22","modified_gmt":"2025-04-07T14:39:22","slug":"vit4ever-magnesio-11-vezes-complexo-240-capsulas","status":"publish","type":"product","link":"https:\/\/dev.vitalstoffversand.com\/pt-pt\/produto\/vit4ever-magnesio-11-vezes-complexo-240-capsulas\/","title":{"rendered":"Vit4ever <br>Magn\u00e9sio 11 vezes complexo &#8211; 240 c\u00e1psulas"},"content":{"rendered":"<p>O Magnesium 11-fold complex oferece ao organismo 11 compostos de magn\u00e9sio diferentes, que actuam em conjunto como uma orquestra bem coordenada e fornecem ao organismo <strong><span style=\"color: #0000ff;\"><a style=\"color: #0000ff;\" href=\"https:\/\/dev.vitalstoffversand.com\/knowledge-base\/magnesium\/\" target=\"_blank\" rel=\"noopener\">\u2192 magn\u00e9sio<\/a><\/span><\/strong> elementar de formas diferentes, mas \u00f3ptimas, com as respectivas propriedades destes compostos.<\/p>\n<p>Os diferentes compostos asseguram uma combina\u00e7\u00e3o \u00fanica das vantagens de cada composto em termos de tolerabilidade, absorvibilidade, velocidade de absor\u00e7\u00e3o, teor de magn\u00e9sio e biodisponibilidade.<\/p>\n<ul>\n<li>Vegano<\/li>\n<li>Sem gl\u00faten<\/li>\n<li>Sem lactose<\/li>\n<li>Sem OGM<\/li>\n<li>Produzido de acordo com rigorosos padr\u00f5es de qualidade da UE<\/li>\n<\/ul>\n","protected":false},"excerpt":{"rendered":"<p>O Magnesium 11-fold complex oferece ao organismo 11 compostos de magn\u00e9sio diferentes, que actuam em conjunto como uma orquestra bem coordenada e fornecem ao organismo \u2192 magn\u00e9sio elementar de formas diferentes, mas \u00f3ptimas, com as respectivas propriedades destes compostos. Os diferentes compostos asseguram uma combina\u00e7\u00e3o \u00fanica das vantagens de cada composto em termos de tolerabilidade, [&hellip;]<\/p>\n","protected":false},"featured_media":57106,"template":"","meta":{"_acf_changed":false},"product_brand":[10221],"product_cat":[555,537],"product_tag":[],"class_list":{"0":"post-65862","1":"product","2":"type-product","3":"status-publish","4":"has-post-thumbnail","6":"product_brand-vit4ever-pt-pt","7":"product_cat-minerais-e-oligoelementos","8":"product_cat-produtos-de-a-z","10":"first","11":"instock","12":"taxable","13":"shipping-taxable","14":"purchasable","15":"product-type-simple"},"acf":[],"_links":{"self":[{"href":"https:\/\/dev.vitalstoffversand.com\/pt-pt\/wp-json\/wp\/v2\/product\/65862","targetHints":{"allow":["GET"]}}],"collection":[{"href":"https:\/\/dev.vitalstoffversand.com\/pt-pt\/wp-json\/wp\/v2\/product"}],"about":[{"href":"https:\/\/dev.vitalstoffversand.com\/pt-pt\/wp-json\/wp\/v2\/types\/product"}],"wp:featuredmedia":[{"embeddable":true,"href":"https:\/\/dev.vitalstoffversand.com\/pt-pt\/wp-json\/wp\/v2\/media\/57106"}],"wp:attachment":[{"href":"https:\/\/dev.vitalstoffversand.com\/pt-pt\/wp-json\/wp\/v2\/media?parent=65862"}],"wp:term":[{"taxonomy":"product_brand","embeddable":true,"href":"https:\/\/dev.vitalstoffversand.com\/pt-pt\/wp-json\/wp\/v2\/product_brand?post=65862"},{"taxonomy":"product_cat","embeddable":true,"href":"https:\/\/dev.vitalstoffversand.com\/pt-pt\/wp-json\/wp\/v2\/product_cat?post=65862"},{"taxonomy":"product_tag","embeddable":true,"href":"https:\/\/dev.vitalstoffversand.com\/pt-pt\/wp-json\/wp\/v2\/product_tag?post=65862"}],"curies":[{"name":"wp","href":"https:\/\/api.w.org\/{rel}","templated":true}]}}