{"id":65465,"date":"2026-01-13T15:11:53","date_gmt":"2026-01-13T14:11:53","guid":{"rendered":"https:\/\/vitalstoffversand.com\/produkt\/gen-controlo-do-colesterol-180-capsulas\/"},"modified":"2026-03-21T15:52:23","modified_gmt":"2026-03-21T14:52:23","slug":"gen-controlo-do-colesterol-180-capsulas","status":"publish","type":"product","link":"https:\/\/dev.vitalstoffversand.com\/pt-pt\/produto\/gen-controlo-do-colesterol-180-capsulas\/","title":{"rendered":"GEN <br>Controlo do Colesterol &#8211; 180 c\u00e1psulas"},"content":{"rendered":"<p>O GEN Cholest Control combina extratos vegetais selecionados, fitoester\u00f3is e mat\u00e9rias-primas de alta qualidade, como Lipophytol\u2122 e AstraGin\u00ae, numa f\u00f3rmula nutricional moderna e adequada para o dia a dia.<\/p>\n<p>Enquanto os fitoester\u00f3is do Lipophytol\u2122 contribuem para manter n\u00edveis normais de colesterol, 7 ingredientes ativos sin\u00e9rgicos complementam a f\u00f3rmula, resultando num produto cuja combina\u00e7\u00e3o \u00e9 pouco comum.<\/p>\n<ul>\n<li>Vegano<\/li>\n<li>Sem gl\u00faten<\/li>\n<li>Sem lactose<\/li>\n<li>Sem OGM<\/li>\n<li>Produzido de acordo com rigorosos padr\u00f5es de qualidade da UE<\/li>\n<\/ul>\n","protected":false},"excerpt":{"rendered":"<p>O GEN Cholest Control combina extratos vegetais selecionados, fitoester\u00f3is e mat\u00e9rias-primas de alta qualidade, como Lipophytol\u2122 e AstraGin\u00ae, numa f\u00f3rmula nutricional moderna e adequada para o dia a dia. Enquanto os fitoester\u00f3is do Lipophytol\u2122 contribuem para manter n\u00edveis normais de colesterol, 7 ingredientes ativos sin\u00e9rgicos complementam a f\u00f3rmula, resultando num produto cuja combina\u00e7\u00e3o \u00e9 pouco [&hellip;]<\/p>\n","protected":false},"featured_media":65464,"template":"","meta":{"_acf_changed":false},"product_brand":[10200],"product_cat":[558,537],"product_tag":[],"class_list":{"0":"post-65465","1":"product","2":"type-product","3":"status-publish","4":"has-post-thumbnail","6":"product_brand-gen-german-elite-nutrition-pt-pt","7":"product_cat-proteinas-pt","8":"product_cat-produtos-de-a-z","10":"first","11":"instock","12":"taxable","13":"shipping-taxable","14":"purchasable","15":"product-type-simple"},"acf":[],"_links":{"self":[{"href":"https:\/\/dev.vitalstoffversand.com\/pt-pt\/wp-json\/wp\/v2\/product\/65465","targetHints":{"allow":["GET"]}}],"collection":[{"href":"https:\/\/dev.vitalstoffversand.com\/pt-pt\/wp-json\/wp\/v2\/product"}],"about":[{"href":"https:\/\/dev.vitalstoffversand.com\/pt-pt\/wp-json\/wp\/v2\/types\/product"}],"wp:featuredmedia":[{"embeddable":true,"href":"https:\/\/dev.vitalstoffversand.com\/pt-pt\/wp-json\/wp\/v2\/media\/65464"}],"wp:attachment":[{"href":"https:\/\/dev.vitalstoffversand.com\/pt-pt\/wp-json\/wp\/v2\/media?parent=65465"}],"wp:term":[{"taxonomy":"product_brand","embeddable":true,"href":"https:\/\/dev.vitalstoffversand.com\/pt-pt\/wp-json\/wp\/v2\/product_brand?post=65465"},{"taxonomy":"product_cat","embeddable":true,"href":"https:\/\/dev.vitalstoffversand.com\/pt-pt\/wp-json\/wp\/v2\/product_cat?post=65465"},{"taxonomy":"product_tag","embeddable":true,"href":"https:\/\/dev.vitalstoffversand.com\/pt-pt\/wp-json\/wp\/v2\/product_tag?post=65465"}],"curies":[{"name":"wp","href":"https:\/\/api.w.org\/{rel}","templated":true}]}}