{"id":65001,"date":"2025-10-08T13:59:47","date_gmt":"2025-10-08T11:59:47","guid":{"rendered":"https:\/\/vitalstoffversand.com\/produkt\/gen-acido-d-aspartico-300-capsulas\/"},"modified":"2026-03-21T15:52:51","modified_gmt":"2026-03-21T14:52:51","slug":"gen-acido-d-aspartico-300-capsulas","status":"publish","type":"product","link":"https:\/\/dev.vitalstoffversand.com\/pt-pt\/produto\/gen-acido-d-aspartico-300-capsulas\/","title":{"rendered":"GEN <br>\u00c1cido D-asp\u00e1rtico &#8211; 300 c\u00e1psulas"},"content":{"rendered":"<p>O \u00e1cido D-asp\u00e1rtico (DAA) \u00e9 um amino\u00e1cido natural que participa em processos centrais do metabolismo dos amino\u00e1cidos.<\/p>\n<p>Complemento \u00fatil para praticantes de desportos de for\u00e7a e fisiculturistas na \u00e1rea do fitness, para uma alimenta\u00e7\u00e3o equilibrada e um plano de regenera\u00e7\u00e3o estruturado.<\/p>\n<ul>\n<li>Sem gl\u00faten<\/li>\n<li>Sem lactose<\/li>\n<li>Sem OGM<\/li>\n<li>Produzido de acordo com rigorosos padr\u00f5es de qualidade da UE<\/li>\n<\/ul>\n","protected":false},"excerpt":{"rendered":"<p>O \u00e1cido asp\u00e1rtico como apoio \u00fatil e suplemento alimentar para desportistas ativos.<\/p>\n","protected":false},"featured_media":60909,"template":"","meta":{"_acf_changed":false},"product_brand":[10200],"product_cat":[551,537],"product_tag":[],"class_list":{"0":"post-65001","1":"product","2":"type-product","3":"status-publish","4":"has-post-thumbnail","6":"product_brand-gen-german-elite-nutrition-pt-pt","7":"product_cat-aminoacidos-pt","8":"product_cat-produtos-de-a-z","10":"first","11":"instock","12":"taxable","13":"shipping-taxable","14":"purchasable","15":"product-type-simple"},"acf":[],"_links":{"self":[{"href":"https:\/\/dev.vitalstoffversand.com\/pt-pt\/wp-json\/wp\/v2\/product\/65001","targetHints":{"allow":["GET"]}}],"collection":[{"href":"https:\/\/dev.vitalstoffversand.com\/pt-pt\/wp-json\/wp\/v2\/product"}],"about":[{"href":"https:\/\/dev.vitalstoffversand.com\/pt-pt\/wp-json\/wp\/v2\/types\/product"}],"wp:featuredmedia":[{"embeddable":true,"href":"https:\/\/dev.vitalstoffversand.com\/pt-pt\/wp-json\/wp\/v2\/media\/60909"}],"wp:attachment":[{"href":"https:\/\/dev.vitalstoffversand.com\/pt-pt\/wp-json\/wp\/v2\/media?parent=65001"}],"wp:term":[{"taxonomy":"product_brand","embeddable":true,"href":"https:\/\/dev.vitalstoffversand.com\/pt-pt\/wp-json\/wp\/v2\/product_brand?post=65001"},{"taxonomy":"product_cat","embeddable":true,"href":"https:\/\/dev.vitalstoffversand.com\/pt-pt\/wp-json\/wp\/v2\/product_cat?post=65001"},{"taxonomy":"product_tag","embeddable":true,"href":"https:\/\/dev.vitalstoffversand.com\/pt-pt\/wp-json\/wp\/v2\/product_tag?post=65001"}],"curies":[{"name":"wp","href":"https:\/\/api.w.org\/{rel}","templated":true}]}}