{"id":64933,"date":"2025-09-19T17:11:54","date_gmt":"2025-09-19T15:11:54","guid":{"rendered":"https:\/\/vitalstoffversand.com\/produkt\/gen-hmb-em-po-500-g\/"},"modified":"2026-03-21T15:53:46","modified_gmt":"2026-03-21T14:53:46","slug":"gen-hmb-em-po-500-g","status":"publish","type":"product","link":"https:\/\/dev.vitalstoffversand.com\/pt-pt\/produto\/gen-hmb-em-po-500-g\/","title":{"rendered":"GEN <br>HMB em p\u00f3 &#8211; 500 g"},"content":{"rendered":"<p>O hidroximetilbutirato (HMB) contribui para apoiar um metabolismo energ\u00e9tico normal e, em combina\u00e7\u00e3o com a <strong><a href=\"https:\/\/dev.vitalstoffversand.com\/knowledge-base\/vitamin-b6\/\" target=\"_blank\" rel=\"noopener\">vitamina B6<\/a><\/strong>, ajuda a reduzir a fadiga e a cansa\u00e7o.<\/p>\n<p>Um complemento ideal para atividades desportivas e um estilo de vida ativo.<\/p>\n<ul>\n<li>Vegano<\/li>\n<li>Sem gl\u00faten<\/li>\n<li>Sem lactose<\/li>\n<li>Sem OGM<\/li>\n<li>Produzido de acordo com rigorosos padr\u00f5es de qualidade da UE<\/li>\n<\/ul>\n","protected":false},"excerpt":{"rendered":"<p>O hidroximetilbutirato (HMB) contribui para apoiar um metabolismo energ\u00e9tico normal e, em combina\u00e7\u00e3o com a vitamina B6, ajuda a reduzir a fadiga e a cansa\u00e7o. Um complemento ideal para atividades desportivas e um estilo de vida ativo. Vegano Sem gl\u00faten Sem lactose Sem OGM Produzido de acordo com rigorosos padr\u00f5es de qualidade da UE<\/p>\n","protected":false},"featured_media":47055,"template":"","meta":{"_acf_changed":false},"product_brand":[10200],"product_cat":[562,537],"product_tag":[],"class_list":{"0":"post-64933","1":"product","2":"type-product","3":"status-publish","4":"has-post-thumbnail","6":"product_brand-gen-german-elite-nutrition-pt-pt","7":"product_cat-suplementos-desportivos","8":"product_cat-produtos-de-a-z","10":"first","11":"instock","12":"taxable","13":"shipping-taxable","14":"purchasable","15":"product-type-simple"},"acf":[],"_links":{"self":[{"href":"https:\/\/dev.vitalstoffversand.com\/pt-pt\/wp-json\/wp\/v2\/product\/64933","targetHints":{"allow":["GET"]}}],"collection":[{"href":"https:\/\/dev.vitalstoffversand.com\/pt-pt\/wp-json\/wp\/v2\/product"}],"about":[{"href":"https:\/\/dev.vitalstoffversand.com\/pt-pt\/wp-json\/wp\/v2\/types\/product"}],"wp:featuredmedia":[{"embeddable":true,"href":"https:\/\/dev.vitalstoffversand.com\/pt-pt\/wp-json\/wp\/v2\/media\/47055"}],"wp:attachment":[{"href":"https:\/\/dev.vitalstoffversand.com\/pt-pt\/wp-json\/wp\/v2\/media?parent=64933"}],"wp:term":[{"taxonomy":"product_brand","embeddable":true,"href":"https:\/\/dev.vitalstoffversand.com\/pt-pt\/wp-json\/wp\/v2\/product_brand?post=64933"},{"taxonomy":"product_cat","embeddable":true,"href":"https:\/\/dev.vitalstoffversand.com\/pt-pt\/wp-json\/wp\/v2\/product_cat?post=64933"},{"taxonomy":"product_tag","embeddable":true,"href":"https:\/\/dev.vitalstoffversand.com\/pt-pt\/wp-json\/wp\/v2\/product_tag?post=64933"}],"curies":[{"name":"wp","href":"https:\/\/api.w.org\/{rel}","templated":true}]}}