{"id":64810,"date":"2025-09-18T16:59:53","date_gmt":"2025-09-18T14:59:53","guid":{"rendered":"https:\/\/vitalstoffversand.com\/produkt\/gen-pudim-de-arroz-3-kg\/"},"modified":"2026-03-21T15:54:00","modified_gmt":"2026-03-21T14:54:00","slug":"gen-pudim-de-arroz-3-kg","status":"publish","type":"product","link":"https:\/\/dev.vitalstoffversand.com\/pt-pt\/produto\/gen-pudim-de-arroz-3-kg\/","title":{"rendered":"GEN <br>Pudim de arroz &#8211; 3 kg"},"content":{"rendered":"<p>Pudim de arroz vers\u00e1til, que combina sabor e funcionalidade.<\/p>\n<p>Sem adi\u00e7\u00e3o de a\u00e7\u00facar, claro.<\/p>\n<ul>\n<li>Vegano<\/li>\n<li>Sem gl\u00faten<\/li>\n<li>Sem lactose<\/li>\n<li>Sem OGM<\/li>\n<li>Produzido de acordo com rigorosos padr\u00f5es de qualidade da UE<\/li>\n<\/ul>\n","protected":false},"excerpt":{"rendered":"<p>Pudim de arroz vers\u00e1til, que combina sabor e funcionalidade. Sem adi\u00e7\u00e3o de a\u00e7\u00facar, claro. Vegano Sem gl\u00faten Sem lactose Sem OGM Produzido de acordo com rigorosos padr\u00f5es de qualidade da UE<\/p>\n","protected":false},"featured_media":46599,"template":"","meta":{"_acf_changed":false},"product_brand":[10200],"product_cat":[550,537],"product_tag":[],"class_list":{"0":"post-64810","1":"product","2":"type-product","3":"status-publish","4":"has-post-thumbnail","6":"product_brand-gen-german-elite-nutrition-pt-pt","7":"product_cat-cozinhar-e-petiscar","8":"product_cat-produtos-de-a-z","10":"first","11":"instock","12":"taxable","13":"shipping-taxable","14":"purchasable","15":"product-type-simple"},"acf":[],"_links":{"self":[{"href":"https:\/\/dev.vitalstoffversand.com\/pt-pt\/wp-json\/wp\/v2\/product\/64810","targetHints":{"allow":["GET"]}}],"collection":[{"href":"https:\/\/dev.vitalstoffversand.com\/pt-pt\/wp-json\/wp\/v2\/product"}],"about":[{"href":"https:\/\/dev.vitalstoffversand.com\/pt-pt\/wp-json\/wp\/v2\/types\/product"}],"wp:featuredmedia":[{"embeddable":true,"href":"https:\/\/dev.vitalstoffversand.com\/pt-pt\/wp-json\/wp\/v2\/media\/46599"}],"wp:attachment":[{"href":"https:\/\/dev.vitalstoffversand.com\/pt-pt\/wp-json\/wp\/v2\/media?parent=64810"}],"wp:term":[{"taxonomy":"product_brand","embeddable":true,"href":"https:\/\/dev.vitalstoffversand.com\/pt-pt\/wp-json\/wp\/v2\/product_brand?post=64810"},{"taxonomy":"product_cat","embeddable":true,"href":"https:\/\/dev.vitalstoffversand.com\/pt-pt\/wp-json\/wp\/v2\/product_cat?post=64810"},{"taxonomy":"product_tag","embeddable":true,"href":"https:\/\/dev.vitalstoffversand.com\/pt-pt\/wp-json\/wp\/v2\/product_tag?post=64810"}],"curies":[{"name":"wp","href":"https:\/\/api.w.org\/{rel}","templated":true}]}}