{"id":64798,"date":"2024-11-12T13:03:04","date_gmt":"2024-11-12T12:03:04","guid":{"rendered":"https:\/\/vitalstoffversand.com\/produkt\/gen-dextrina-ciclica-de-cluster-1000-g\/"},"modified":"2026-03-11T15:12:51","modified_gmt":"2026-03-11T14:12:51","slug":"gen-dextrina-ciclica-de-cluster-1000-g","status":"publish","type":"product","link":"https:\/\/dev.vitalstoffversand.com\/pt-pt\/produto\/gen-dextrina-ciclica-de-cluster-1000-g\/","title":{"rendered":"GEN <br>Dextrina c\u00edclica de cluster &#8211; 1000 g"},"content":{"rendered":"<p>A Cluster Dextrin\u00ae \u00e9 libertada lentamente no organismo, sendo por isso considerada uma fonte de hidratos de carbono suave.<\/p>\n<p>Interessante para todos aqueles que necessitam de um fornecimento cont\u00ednuo de energia.<\/p>\n<p>O produto \u00e9 facilmente sol\u00favel e caracteriza-se por uma baixa osmolaridade.<\/p>\n<ul>\n<li>Vegano<\/li>\n<li>Sem gl\u00faten<\/li>\n<li>Sem lactose<\/li>\n<li>Sem OGM<\/li>\n<li>Produzido de acordo com rigorosos padr\u00f5es de qualidade da UE<\/li>\n<\/ul>\n","protected":false},"excerpt":{"rendered":"<p>A Cluster Dextrin\u00ae \u00e9 libertada lentamente no organismo, sendo por isso considerada uma fonte de hidratos de carbono suave. Interessante para todos aqueles que necessitam de um fornecimento cont\u00ednuo de energia. O produto \u00e9 facilmente sol\u00favel e caracteriza-se por uma baixa osmolaridade. Vegano Sem gl\u00faten Sem lactose Sem OGM Produzido de acordo com rigorosos padr\u00f5es [&hellip;]<\/p>\n","protected":false},"featured_media":45798,"template":"","meta":{"_acf_changed":false},"product_brand":[10200],"product_cat":[562,537],"product_tag":[],"class_list":{"0":"post-64798","1":"product","2":"type-product","3":"status-publish","4":"has-post-thumbnail","6":"product_brand-gen-german-elite-nutrition-pt-pt","7":"product_cat-suplementos-desportivos","8":"product_cat-produtos-de-a-z","10":"first","11":"instock","12":"taxable","13":"shipping-taxable","14":"purchasable","15":"product-type-simple"},"acf":[],"_links":{"self":[{"href":"https:\/\/dev.vitalstoffversand.com\/pt-pt\/wp-json\/wp\/v2\/product\/64798","targetHints":{"allow":["GET"]}}],"collection":[{"href":"https:\/\/dev.vitalstoffversand.com\/pt-pt\/wp-json\/wp\/v2\/product"}],"about":[{"href":"https:\/\/dev.vitalstoffversand.com\/pt-pt\/wp-json\/wp\/v2\/types\/product"}],"wp:featuredmedia":[{"embeddable":true,"href":"https:\/\/dev.vitalstoffversand.com\/pt-pt\/wp-json\/wp\/v2\/media\/45798"}],"wp:attachment":[{"href":"https:\/\/dev.vitalstoffversand.com\/pt-pt\/wp-json\/wp\/v2\/media?parent=64798"}],"wp:term":[{"taxonomy":"product_brand","embeddable":true,"href":"https:\/\/dev.vitalstoffversand.com\/pt-pt\/wp-json\/wp\/v2\/product_brand?post=64798"},{"taxonomy":"product_cat","embeddable":true,"href":"https:\/\/dev.vitalstoffversand.com\/pt-pt\/wp-json\/wp\/v2\/product_cat?post=64798"},{"taxonomy":"product_tag","embeddable":true,"href":"https:\/\/dev.vitalstoffversand.com\/pt-pt\/wp-json\/wp\/v2\/product_tag?post=64798"}],"curies":[{"name":"wp","href":"https:\/\/api.w.org\/{rel}","templated":true}]}}