{"id":64731,"date":"2026-02-25T13:10:08","date_gmt":"2026-02-25T12:10:08","guid":{"rendered":"https:\/\/vitalstoffversand.com\/?post_type=product&#038;p=64731"},"modified":"2026-03-21T15:51:59","modified_gmt":"2026-03-21T14:51:59","slug":"power-tower-xl-3x250-ml-kopie","status":"publish","type":"product","link":"https:\/\/dev.vitalstoffversand.com\/pt-pt\/produto\/power-tower-xl-3x250-ml-kopie\/","title":{"rendered":"GEN <br>Power Tower XL 3&#215;250 ml"},"content":{"rendered":"<p>Torre de alimenta\u00e7\u00e3o para p\u00f3s, comprimidos, c\u00e1psulas e muito mais.<\/p>\n<p>3 sec\u00e7\u00f5es independentes, cada uma com uma capacidade de 250 ml.<\/p>\n<p>Fornecido sem conte\u00fado.<\/p>\n","protected":false},"excerpt":{"rendered":"<p>Torre de alimenta\u00e7\u00e3o para p\u00f3s, comprimidos, c\u00e1psulas e muito mais. 3 sec\u00e7\u00f5es independentes, cada uma com uma capacidade de 250 ml. Fornecido sem conte\u00fado.<\/p>\n","protected":false},"featured_media":64740,"template":"","meta":{"_acf_changed":false},"product_brand":[10200],"product_cat":[572,537],"product_tag":[],"class_list":{"0":"post-64731","1":"product","2":"type-product","3":"status-publish","4":"has-post-thumbnail","6":"product_brand-gen-german-elite-nutrition-pt-pt","7":"product_cat-acessorios-e-diversos","8":"product_cat-produtos-de-a-z","10":"first","11":"instock","12":"taxable","13":"shipping-taxable","14":"purchasable","15":"product-type-simple"},"acf":[],"_links":{"self":[{"href":"https:\/\/dev.vitalstoffversand.com\/pt-pt\/wp-json\/wp\/v2\/product\/64731","targetHints":{"allow":["GET"]}}],"collection":[{"href":"https:\/\/dev.vitalstoffversand.com\/pt-pt\/wp-json\/wp\/v2\/product"}],"about":[{"href":"https:\/\/dev.vitalstoffversand.com\/pt-pt\/wp-json\/wp\/v2\/types\/product"}],"wp:featuredmedia":[{"embeddable":true,"href":"https:\/\/dev.vitalstoffversand.com\/pt-pt\/wp-json\/wp\/v2\/media\/64740"}],"wp:attachment":[{"href":"https:\/\/dev.vitalstoffversand.com\/pt-pt\/wp-json\/wp\/v2\/media?parent=64731"}],"wp:term":[{"taxonomy":"product_brand","embeddable":true,"href":"https:\/\/dev.vitalstoffversand.com\/pt-pt\/wp-json\/wp\/v2\/product_brand?post=64731"},{"taxonomy":"product_cat","embeddable":true,"href":"https:\/\/dev.vitalstoffversand.com\/pt-pt\/wp-json\/wp\/v2\/product_cat?post=64731"},{"taxonomy":"product_tag","embeddable":true,"href":"https:\/\/dev.vitalstoffversand.com\/pt-pt\/wp-json\/wp\/v2\/product_tag?post=64731"}],"curies":[{"name":"wp","href":"https:\/\/api.w.org\/{rel}","templated":true}]}}