{"id":63239,"date":"2026-02-16T13:05:08","date_gmt":"2026-02-16T12:05:08","guid":{"rendered":"https:\/\/vitalstoffversand.com\/?post_type=product&#038;p=63239"},"modified":"2026-03-21T15:52:07","modified_gmt":"2026-03-21T14:52:07","slug":"vit4ever-zinc-complex-365-comprimidos-diferentes-variantes-kopie","status":"publish","type":"product","link":"https:\/\/dev.vitalstoffversand.com\/pt-pt\/produto\/vit4ever-zinc-complex-365-comprimidos-diferentes-variantes-kopie\/","title":{"rendered":"Vit4ever <br>Complexo de zinco 25 mg &#8211; 400 comprimidos"},"content":{"rendered":"<p><a href=\"https:\/\/dev.vitalstoffversand.com\/knowledge-base\/zink\/\" target=\"_blank\" rel=\"noopener\"><span style=\"color: #0000ff;\"><strong>\u2192 O zinco<\/strong><\/span><\/a> \u00e9 um oligoelemento extremamente importante para o nosso organismo.<\/p>\n<p>Este produto fornece 25 mg de zinco numa combina\u00e7\u00e3o complexa das tr\u00eas fontes de zinco: bisglicinato de zinco, gluconato de zinco e citrato de zinco.<br \/>\nEm alternativa, est\u00e1 tamb\u00e9m dispon\u00edvel uma <span style=\"color: #0000ff;\"><a href=\"https:\/\/dev.vitalstoffversand.com\/produkt\/vit4ever-zink-komplex-15-mg-365\/\">vers\u00e3o com 15 mg de zinco<\/a><\/span>.<\/p>\n<p>O zinco \u00e9 um componente de mais de 50 enzimas do nosso organismo e desempenha tamb\u00e9m um papel importante em numerosos processos metab\u00f3licos.<\/p>\n<p>Tamb\u00e9m refor\u00e7a o nosso sistema imunit\u00e1rio, apoia a s\u00edntese de prote\u00ednas e pode aumentar a produ\u00e7\u00e3o de esperma nos homens.<\/p>\n<ul>\n<li>Vegano<\/li>\n<li>Sem gl\u00faten<\/li>\n<li>Sem lactose<\/li>\n<li>Sem OGM<\/li>\n<li>Produzido de acordo com rigorosos padr\u00f5es de qualidade da UE<\/li>\n<\/ul>\n","protected":false},"excerpt":{"rendered":"<p>\u2192 O zinco \u00e9 um oligoelemento extremamente importante para o nosso organismo. Este produto fornece 25 mg de zinco numa combina\u00e7\u00e3o complexa das tr\u00eas fontes de zinco: bisglicinato de zinco, gluconato de zinco e citrato de zinco. Em alternativa, est\u00e1 tamb\u00e9m dispon\u00edvel uma vers\u00e3o com 15 mg de zinco. O zinco \u00e9 um componente de [&hellip;]<\/p>\n","protected":false},"featured_media":56066,"template":"","meta":{"_acf_changed":false},"product_brand":[10221],"product_cat":[555,537],"product_tag":[],"class_list":{"0":"post-63239","1":"product","2":"type-product","3":"status-publish","4":"has-post-thumbnail","6":"product_brand-vit4ever-pt-pt","7":"product_cat-minerais-e-oligoelementos","8":"product_cat-produtos-de-a-z","10":"first","11":"instock","12":"taxable","13":"shipping-taxable","14":"purchasable","15":"product-type-simple"},"acf":[],"_links":{"self":[{"href":"https:\/\/dev.vitalstoffversand.com\/pt-pt\/wp-json\/wp\/v2\/product\/63239","targetHints":{"allow":["GET"]}}],"collection":[{"href":"https:\/\/dev.vitalstoffversand.com\/pt-pt\/wp-json\/wp\/v2\/product"}],"about":[{"href":"https:\/\/dev.vitalstoffversand.com\/pt-pt\/wp-json\/wp\/v2\/types\/product"}],"wp:featuredmedia":[{"embeddable":true,"href":"https:\/\/dev.vitalstoffversand.com\/pt-pt\/wp-json\/wp\/v2\/media\/56066"}],"wp:attachment":[{"href":"https:\/\/dev.vitalstoffversand.com\/pt-pt\/wp-json\/wp\/v2\/media?parent=63239"}],"wp:term":[{"taxonomy":"product_brand","embeddable":true,"href":"https:\/\/dev.vitalstoffversand.com\/pt-pt\/wp-json\/wp\/v2\/product_brand?post=63239"},{"taxonomy":"product_cat","embeddable":true,"href":"https:\/\/dev.vitalstoffversand.com\/pt-pt\/wp-json\/wp\/v2\/product_cat?post=63239"},{"taxonomy":"product_tag","embeddable":true,"href":"https:\/\/dev.vitalstoffversand.com\/pt-pt\/wp-json\/wp\/v2\/product_tag?post=63239"}],"curies":[{"name":"wp","href":"https:\/\/api.w.org\/{rel}","templated":true}]}}