{"id":63136,"date":"2026-02-15T17:09:49","date_gmt":"2026-02-15T16:09:49","guid":{"rendered":"https:\/\/vitalstoffversand.com\/?post_type=product&#038;p=63136"},"modified":"2026-03-21T15:52:10","modified_gmt":"2026-03-21T14:52:10","slug":"vit4ever-msm-metilsulfonilmetano-1100-g-kopie","status":"publish","type":"product","link":"https:\/\/dev.vitalstoffversand.com\/pt-pt\/produto\/vit4ever-msm-metilsulfonilmetano-1100-g-kopie\/","title":{"rendered":"Vit4ever <br>P\u00f3 de erva de cevada &#8211; 1000 g"},"content":{"rendered":"<p>A erva de cevada jovem \u00e9 rica em minerais, oligoelementos, vitaminas, antioxidantes e subst\u00e2ncias amargas.<\/p>\n<p>Este produto de qualidade premium proveniente dos Pa\u00edses Baixos \u00e9, portanto, um produto natural vers\u00e1til.<\/p>\n<ul>\n<li>Vegano<\/li>\n<li>Sem gl\u00faten<\/li>\n<li>Sem lactose<\/li>\n<li>Sem OGM<\/li>\n<li>Produzido de acordo com rigorosos padr\u00f5es de qualidade da UE<\/li>\n<\/ul>\n","protected":false},"excerpt":{"rendered":"<p>A erva de cevada jovem \u00e9 rica em minerais, oligoelementos, vitaminas, antioxidantes e subst\u00e2ncias amargas. Este produto de qualidade premium proveniente dos Pa\u00edses Baixos \u00e9, portanto, um produto natural vers\u00e1til. Vegano Sem gl\u00faten Sem lactose Sem OGM Produzido de acordo com rigorosos padr\u00f5es de qualidade da UE<\/p>\n","protected":false},"featured_media":63375,"template":"","meta":{"_acf_changed":false},"product_brand":[10221],"product_cat":[559,537],"product_tag":[],"class_list":{"0":"post-63136","1":"product","2":"type-product","3":"status-publish","4":"has-post-thumbnail","6":"product_brand-vit4ever-pt-pt","7":"product_cat-nutrientes","8":"product_cat-produtos-de-a-z","10":"first","11":"instock","12":"taxable","13":"shipping-taxable","14":"purchasable","15":"product-type-simple"},"acf":[],"_links":{"self":[{"href":"https:\/\/dev.vitalstoffversand.com\/pt-pt\/wp-json\/wp\/v2\/product\/63136","targetHints":{"allow":["GET"]}}],"collection":[{"href":"https:\/\/dev.vitalstoffversand.com\/pt-pt\/wp-json\/wp\/v2\/product"}],"about":[{"href":"https:\/\/dev.vitalstoffversand.com\/pt-pt\/wp-json\/wp\/v2\/types\/product"}],"wp:featuredmedia":[{"embeddable":true,"href":"https:\/\/dev.vitalstoffversand.com\/pt-pt\/wp-json\/wp\/v2\/media\/63375"}],"wp:attachment":[{"href":"https:\/\/dev.vitalstoffversand.com\/pt-pt\/wp-json\/wp\/v2\/media?parent=63136"}],"wp:term":[{"taxonomy":"product_brand","embeddable":true,"href":"https:\/\/dev.vitalstoffversand.com\/pt-pt\/wp-json\/wp\/v2\/product_brand?post=63136"},{"taxonomy":"product_cat","embeddable":true,"href":"https:\/\/dev.vitalstoffversand.com\/pt-pt\/wp-json\/wp\/v2\/product_cat?post=63136"},{"taxonomy":"product_tag","embeddable":true,"href":"https:\/\/dev.vitalstoffversand.com\/pt-pt\/wp-json\/wp\/v2\/product_tag?post=63136"}],"curies":[{"name":"wp","href":"https:\/\/api.w.org\/{rel}","templated":true}]}}