{"id":62652,"date":"2026-01-29T18:11:46","date_gmt":"2026-01-29T17:11:46","guid":{"rendered":"https:\/\/vitalstoffversand.com\/?post_type=product&#038;p=62652"},"modified":"2026-03-21T15:52:13","modified_gmt":"2026-03-21T14:52:13","slug":"natura-med-cascas-de-psilio-biologicas-diferentes-quantidades-kopie","status":"publish","type":"product","link":"https:\/\/dev.vitalstoffversand.com\/pt-pt\/produto\/natura-med-cascas-de-psilio-biologicas-diferentes-quantidades-kopie\/","title":{"rendered":"Natura Med <br>Casca de psyllium org\u00e2nica &#8211; 500 g"},"content":{"rendered":"<p>As cascas de sementes de psyllium s\u00e3o uma excelente fonte de fibra alimentar e podem contribuir para uma alimenta\u00e7\u00e3o rica em fibra.<\/p>\n<p>Devido \u00e0s suas propriedades altamente hidratantes, podem ter um efeito positivo na sensa\u00e7\u00e3o de saciedade e na digest\u00e3o, sendo, por isso, excelentes para apoiar uma dieta.<\/p>\n<p>As cascas de sementes de psyllium tamb\u00e9m s\u00e3o utilizadas no tratamento da obstipa\u00e7\u00e3o, de problemas digestivos e para a limpeza e reabilita\u00e7\u00e3o intestinal.<\/p>\n<ul>\n<li>100% natural &#8211; sem aditivos<\/li>\n<li>Vegano<\/li>\n<li>Sem gl\u00faten<\/li>\n<li>Sem lactose<\/li>\n<li>Sem OGM<\/li>\n<li>Produzido de acordo com rigorosos padr\u00f5es de qualidade da UE<\/li>\n<\/ul>\n","protected":false},"excerpt":{"rendered":"<p>As cascas de sementes de psyllium s\u00e3o uma excelente fonte de fibra alimentar e podem contribuir para uma alimenta\u00e7\u00e3o rica em fibra. Devido \u00e0s suas propriedades altamente hidratantes, podem ter um efeito positivo na sensa\u00e7\u00e3o de saciedade e na digest\u00e3o, sendo, por isso, excelentes para apoiar uma dieta. As cascas de sementes de psyllium tamb\u00e9m [&hellip;]<\/p>\n","protected":false},"featured_media":40499,"template":"","meta":{"_acf_changed":false},"product_brand":[10206],"product_cat":[559,538,537],"product_tag":[],"class_list":{"0":"post-62652","1":"product","2":"type-product","3":"status-publish","4":"has-post-thumbnail","6":"product_brand-natura-med-pt-pt","7":"product_cat-nutrientes","8":"product_cat-organico-pt","9":"product_cat-produtos-de-a-z","11":"first","12":"instock","13":"taxable","14":"shipping-taxable","15":"purchasable","16":"product-type-simple"},"acf":[],"_links":{"self":[{"href":"https:\/\/dev.vitalstoffversand.com\/pt-pt\/wp-json\/wp\/v2\/product\/62652","targetHints":{"allow":["GET"]}}],"collection":[{"href":"https:\/\/dev.vitalstoffversand.com\/pt-pt\/wp-json\/wp\/v2\/product"}],"about":[{"href":"https:\/\/dev.vitalstoffversand.com\/pt-pt\/wp-json\/wp\/v2\/types\/product"}],"wp:featuredmedia":[{"embeddable":true,"href":"https:\/\/dev.vitalstoffversand.com\/pt-pt\/wp-json\/wp\/v2\/media\/40499"}],"wp:attachment":[{"href":"https:\/\/dev.vitalstoffversand.com\/pt-pt\/wp-json\/wp\/v2\/media?parent=62652"}],"wp:term":[{"taxonomy":"product_brand","embeddable":true,"href":"https:\/\/dev.vitalstoffversand.com\/pt-pt\/wp-json\/wp\/v2\/product_brand?post=62652"},{"taxonomy":"product_cat","embeddable":true,"href":"https:\/\/dev.vitalstoffversand.com\/pt-pt\/wp-json\/wp\/v2\/product_cat?post=62652"},{"taxonomy":"product_tag","embeddable":true,"href":"https:\/\/dev.vitalstoffversand.com\/pt-pt\/wp-json\/wp\/v2\/product_tag?post=62652"}],"curies":[{"name":"wp","href":"https:\/\/api.w.org\/{rel}","templated":true}]}}