{"id":60864,"date":"2025-10-11T12:35:26","date_gmt":"2025-10-11T10:35:26","guid":{"rendered":"https:\/\/vitalstoffversand.com\/produkt\/gen-melatonina-de-libertacao-prolongada-365-comprimidos\/"},"modified":"2026-03-21T15:52:49","modified_gmt":"2026-03-21T14:52:49","slug":"gen-melatonina-de-libertacao-prolongada-365-comprimidos","status":"publish","type":"product","link":"https:\/\/dev.vitalstoffversand.com\/pt-pt\/produto\/gen-melatonina-de-libertacao-prolongada-365-comprimidos\/","title":{"rendered":"GEN <br>Melatonina de liberta\u00e7\u00e3o prolongada &#8211; 365 comprimidos"},"content":{"rendered":"<p>A f\u00f3rmula especial GEN Melatonina Time Release foi desenvolvida para apoiar suavemente o seu ritmo natural de sono.<\/p>\n<p>O comprimido \u00e9 divis\u00edvel, sendo que metade do comprimido cont\u00e9m 0,5 mg de melatonina. Isto proporciona uma efic\u00e1cia perfeita em termos de equil\u00edbrio e toler\u00e2ncia, sendo, por isso, muito adequado para trabalhadores por turnos, viajantes e pessoas que desejam relaxar \u00e0 noite.<\/p>\n<p>A melatonina \u00e9 libertada de forma controlada e retardada neste produto, proporcionando assim um efeito uniforme.<\/p>\n<ul>\n<li>vegano<\/li>\n<li>vegetariano<\/li>\n<li>Sem gl\u00faten<\/li>\n<li>Sem OGM<\/li>\n<li>Produzido de acordo com rigorosos padr\u00f5es de qualidade da UE<\/li>\n<\/ul>\n","protected":false},"excerpt":{"rendered":"<p>Descanse e durma bem com o inovador Melatonin Time Release.<br \/>\nSabor delicioso a lim\u00e3o para uma ingest\u00e3o agrad\u00e1vel.<\/p>\n","protected":false},"featured_media":60859,"template":"","meta":{"_acf_changed":false},"product_brand":[10200],"product_cat":[559,537],"product_tag":[],"class_list":{"0":"post-60864","1":"product","2":"type-product","3":"status-publish","4":"has-post-thumbnail","6":"product_brand-gen-german-elite-nutrition-pt-pt","7":"product_cat-nutrientes","8":"product_cat-produtos-de-a-z","10":"first","11":"instock","12":"taxable","13":"shipping-taxable","14":"purchasable","15":"product-type-simple"},"acf":[],"_links":{"self":[{"href":"https:\/\/dev.vitalstoffversand.com\/pt-pt\/wp-json\/wp\/v2\/product\/60864","targetHints":{"allow":["GET"]}}],"collection":[{"href":"https:\/\/dev.vitalstoffversand.com\/pt-pt\/wp-json\/wp\/v2\/product"}],"about":[{"href":"https:\/\/dev.vitalstoffversand.com\/pt-pt\/wp-json\/wp\/v2\/types\/product"}],"wp:featuredmedia":[{"embeddable":true,"href":"https:\/\/dev.vitalstoffversand.com\/pt-pt\/wp-json\/wp\/v2\/media\/60859"}],"wp:attachment":[{"href":"https:\/\/dev.vitalstoffversand.com\/pt-pt\/wp-json\/wp\/v2\/media?parent=60864"}],"wp:term":[{"taxonomy":"product_brand","embeddable":true,"href":"https:\/\/dev.vitalstoffversand.com\/pt-pt\/wp-json\/wp\/v2\/product_brand?post=60864"},{"taxonomy":"product_cat","embeddable":true,"href":"https:\/\/dev.vitalstoffversand.com\/pt-pt\/wp-json\/wp\/v2\/product_cat?post=60864"},{"taxonomy":"product_tag","embeddable":true,"href":"https:\/\/dev.vitalstoffversand.com\/pt-pt\/wp-json\/wp\/v2\/product_tag?post=60864"}],"curies":[{"name":"wp","href":"https:\/\/api.w.org\/{rel}","templated":true}]}}