{"id":43158,"date":"2024-11-09T17:25:14","date_gmt":"2024-11-09T16:25:14","guid":{"rendered":"https:\/\/vitalstoffversand.com\/produkt\/vit4ever-mexilhao-de-labios-verdes-365-capsulas\/"},"modified":"2026-03-14T15:38:23","modified_gmt":"2026-03-14T14:38:23","slug":"vit4ever-mexilhao-de-labios-verdes-365-capsulas","status":"publish","type":"product","link":"https:\/\/dev.vitalstoffversand.com\/pt-pt\/produto\/vit4ever-mexilhao-de-labios-verdes-365-capsulas\/","title":{"rendered":"Vit4ever <br>Mexilh\u00e3o de l\u00e1bios verdes &#8211; 365 c\u00e1psulas"},"content":{"rendered":"<p>A mexilh\u00e3o-de-l\u00e1bios-verdes (Perna Canaliculus) \u00e9 rica em glucosaminoglicano (GAG), N-acetilglucosamina, \u00e1cidos gordos \u00f3mega 3, bem como minerais e oligoelementos.<\/p>\n<ul>\n<li>Sem gl\u00faten<\/li>\n<li>Sem lactose<\/li>\n<li>Sem OGM<\/li>\n<li>Produzido de acordo com rigorosos padr\u00f5es de qualidade da UE<\/li>\n<\/ul>\n","protected":false},"excerpt":{"rendered":"<p>A mexilh\u00e3o-de-l\u00e1bios-verdes (Perna Canaliculus) \u00e9 rica em glucosaminoglicano (GAG), N-acetilglucosamina, \u00e1cidos gordos \u00f3mega 3, bem como minerais e oligoelementos. Sem gl\u00faten Sem lactose Sem OGM Produzido de acordo com rigorosos padr\u00f5es de qualidade da UE<\/p>\n","protected":false},"featured_media":50807,"template":"","meta":{"_acf_changed":false},"product_brand":[10221],"product_cat":[559,537],"product_tag":[],"class_list":{"0":"post-43158","1":"product","2":"type-product","3":"status-publish","4":"has-post-thumbnail","6":"product_brand-vit4ever-pt-pt","7":"product_cat-nutrientes","8":"product_cat-produtos-de-a-z","10":"first","11":"instock","12":"taxable","13":"shipping-taxable","14":"purchasable","15":"product-type-simple"},"acf":[],"_links":{"self":[{"href":"https:\/\/dev.vitalstoffversand.com\/pt-pt\/wp-json\/wp\/v2\/product\/43158","targetHints":{"allow":["GET"]}}],"collection":[{"href":"https:\/\/dev.vitalstoffversand.com\/pt-pt\/wp-json\/wp\/v2\/product"}],"about":[{"href":"https:\/\/dev.vitalstoffversand.com\/pt-pt\/wp-json\/wp\/v2\/types\/product"}],"wp:featuredmedia":[{"embeddable":true,"href":"https:\/\/dev.vitalstoffversand.com\/pt-pt\/wp-json\/wp\/v2\/media\/50807"}],"wp:attachment":[{"href":"https:\/\/dev.vitalstoffversand.com\/pt-pt\/wp-json\/wp\/v2\/media?parent=43158"}],"wp:term":[{"taxonomy":"product_brand","embeddable":true,"href":"https:\/\/dev.vitalstoffversand.com\/pt-pt\/wp-json\/wp\/v2\/product_brand?post=43158"},{"taxonomy":"product_cat","embeddable":true,"href":"https:\/\/dev.vitalstoffversand.com\/pt-pt\/wp-json\/wp\/v2\/product_cat?post=43158"},{"taxonomy":"product_tag","embeddable":true,"href":"https:\/\/dev.vitalstoffversand.com\/pt-pt\/wp-json\/wp\/v2\/product_tag?post=43158"}],"curies":[{"name":"wp","href":"https:\/\/api.w.org\/{rel}","templated":true}]}}