{"id":27344,"date":"2025-01-14T11:22:53","date_gmt":"2025-01-14T10:22:53","guid":{"rendered":"https:\/\/vitalstoffversand.com\/produkt\/vit4ever-vitamina-b6-365-comprimidos\/"},"modified":"2026-03-16T16:06:43","modified_gmt":"2026-03-16T15:06:43","slug":"vit4ever-vitamina-b6-365-comprimidos","status":"publish","type":"product","link":"https:\/\/dev.vitalstoffversand.com\/pt-pt\/produto\/vit4ever-vitamina-b6-365-comprimidos\/","title":{"rendered":"Vit4ever <br>Vitamina B6 &#8211; 365 comprimidos"},"content":{"rendered":"<p><a href=\"https:\/\/dev.vitalstoffversand.com\/knowledge-base\/vitamin-b6\/\" target=\"_blank\" rel=\"noopener\"><strong><span style=\"color: #0000ff;\">\u2192 A vitamina B6<\/span><\/strong><\/a> \u00e9 uma vitamina sol\u00favel em \u00e1gua e um importante parceiro de rea\u00e7\u00e3o em muitos processos metab\u00f3licos.<\/p>\n<p>Com uma dieta equilibrada, geralmente n\u00e3o \u00e9 necess\u00e1rio tomar suplementos adicionais.<br \/>\nPelo contr\u00e1rio, um consumo demasiado elevado a longo prazo pode provocar problemas de sa\u00fade.<\/p>\n<ul>\n<li>Vegano<\/li>\n<li>Sem gl\u00faten<\/li>\n<li>Sem lactose<\/li>\n<li>Sem OGM<\/li>\n<li>Produzido de acordo com rigorosos padr\u00f5es de qualidade da UE<\/li>\n<\/ul>\n","protected":false},"excerpt":{"rendered":"<p>\u2192 A vitamina B6 \u00e9 uma vitamina sol\u00favel em \u00e1gua e um importante parceiro de rea\u00e7\u00e3o em muitos processos metab\u00f3licos. Com uma dieta equilibrada, geralmente n\u00e3o \u00e9 necess\u00e1rio tomar suplementos adicionais. Pelo contr\u00e1rio, um consumo demasiado elevado a longo prazo pode provocar problemas de sa\u00fade. Vegano Sem gl\u00faten Sem lactose Sem OGM Produzido de acordo [&hellip;]<\/p>\n","protected":false},"featured_media":56722,"template":"","meta":{"_acf_changed":false},"product_brand":[10221],"product_cat":[563,537],"product_tag":[],"class_list":{"0":"post-27344","1":"product","2":"type-product","3":"status-publish","4":"has-post-thumbnail","6":"product_brand-vit4ever-pt-pt","7":"product_cat-vitaminas-pt","8":"product_cat-produtos-de-a-z","10":"first","11":"instock","12":"taxable","13":"shipping-taxable","14":"purchasable","15":"product-type-simple"},"acf":[],"_links":{"self":[{"href":"https:\/\/dev.vitalstoffversand.com\/pt-pt\/wp-json\/wp\/v2\/product\/27344","targetHints":{"allow":["GET"]}}],"collection":[{"href":"https:\/\/dev.vitalstoffversand.com\/pt-pt\/wp-json\/wp\/v2\/product"}],"about":[{"href":"https:\/\/dev.vitalstoffversand.com\/pt-pt\/wp-json\/wp\/v2\/types\/product"}],"wp:featuredmedia":[{"embeddable":true,"href":"https:\/\/dev.vitalstoffversand.com\/pt-pt\/wp-json\/wp\/v2\/media\/56722"}],"wp:attachment":[{"href":"https:\/\/dev.vitalstoffversand.com\/pt-pt\/wp-json\/wp\/v2\/media?parent=27344"}],"wp:term":[{"taxonomy":"product_brand","embeddable":true,"href":"https:\/\/dev.vitalstoffversand.com\/pt-pt\/wp-json\/wp\/v2\/product_brand?post=27344"},{"taxonomy":"product_cat","embeddable":true,"href":"https:\/\/dev.vitalstoffversand.com\/pt-pt\/wp-json\/wp\/v2\/product_cat?post=27344"},{"taxonomy":"product_tag","embeddable":true,"href":"https:\/\/dev.vitalstoffversand.com\/pt-pt\/wp-json\/wp\/v2\/product_tag?post=27344"}],"curies":[{"name":"wp","href":"https:\/\/api.w.org\/{rel}","templated":true}]}}