{"id":27326,"date":"2025-01-02T18:14:23","date_gmt":"2025-01-02T17:14:23","guid":{"rendered":"https:\/\/vitalstoffversand.com\/produkt\/vit4ever-colagenio-plus-diferentes-variedades-500-g\/"},"modified":"2026-03-11T18:32:10","modified_gmt":"2026-03-11T17:32:10","slug":"vit4ever-colagenio-plus-diferentes-variedades-500-g","status":"publish","type":"product","link":"https:\/\/dev.vitalstoffversand.com\/pt-pt\/produto\/vit4ever-colagenio-plus-diferentes-variedades-500-g\/","title":{"rendered":"Vit4ever <br>Colag\u00e9nio Plus &#8211; diferentes sabores &#8211; 500 g"},"content":{"rendered":"<p>Collagen Plus \u00e9 uma combina\u00e7\u00e3o perfeita de p\u00e9ptidos de colag\u00e9nio bioactivos, complementados com MSM (metilsulfonilmetano), \u00e1cido hialur\u00f3nico, glucosamina e extrato de incenso.<\/p>\n<p>Ao mesmo tempo, fornece-te <a href=\"https:\/\/dev.vitalstoffversand.com\/knowledge-base\/vitamin-c\/\" target=\"_blank\" rel=\"noopener\"><span style=\"color: #0000ff;\"><strong>\u2192 Vitamina C<\/strong><\/span><\/a>, <a href=\"https:\/\/dev.vitalstoffversand.com\/knowledge-base\/vitamin-d\/\" target=\"_blank\" rel=\"noopener\"><strong><span style=\"color: #0000ff;\">\u2192 vitamina D<\/span><\/strong><\/a>, <a href=\"https:\/\/dev.vitalstoffversand.com\/knowledge-base\/calcium\/\" target=\"_blank\" rel=\"noopener\"><strong><span style=\"color: #0000ff;\">\u2192 c\u00e1lcio<\/span><\/strong><\/a> e <a href=\"https:\/\/dev.vitalstoffversand.com\/knowledge-base\/mangan\/\" target=\"_blank\" rel=\"noopener\"><span style=\"color: #0000ff;\"><strong>\u2192 mangan\u00eas<\/strong><\/span><\/a>.<\/p>\n<p>Com 3 sabores deliciosos, h\u00e1 algo para todos os gostos.<\/p>\n<ul>\n<li>Sem gl\u00faten<\/li>\n<li>Sem lactose<\/li>\n<li>Sem OGM<\/li>\n<li>Produzido de acordo com rigorosos padr\u00f5es de qualidade da UE<\/li>\n<\/ul>\n","protected":false},"excerpt":{"rendered":"<p>Collagen Plus \u00e9 uma combina\u00e7\u00e3o perfeita de p\u00e9ptidos de colag\u00e9nio bioactivos, complementados com MSM (metilsulfonilmetano), \u00e1cido hialur\u00f3nico, glucosamina e extrato de incenso. Ao mesmo tempo, fornece-te \u2192 Vitamina C, \u2192 vitamina D, \u2192 c\u00e1lcio e \u2192 mangan\u00eas. Com 3 sabores deliciosos, h\u00e1 algo para todos os gostos. Sem gl\u00faten Sem lactose Sem OGM Produzido de [&hellip;]<\/p>\n","protected":false},"featured_media":56402,"template":"","meta":{"_acf_changed":false},"product_brand":[10221],"product_cat":[558,537],"product_tag":[],"class_list":{"0":"post-27326","1":"product","2":"type-product","3":"status-publish","4":"has-post-thumbnail","6":"product_brand-vit4ever-pt-pt","7":"product_cat-proteinas-pt","8":"product_cat-produtos-de-a-z","10":"first","11":"instock","12":"taxable","13":"shipping-taxable","14":"purchasable","15":"product-type-variable"},"acf":[],"_links":{"self":[{"href":"https:\/\/dev.vitalstoffversand.com\/pt-pt\/wp-json\/wp\/v2\/product\/27326","targetHints":{"allow":["GET"]}}],"collection":[{"href":"https:\/\/dev.vitalstoffversand.com\/pt-pt\/wp-json\/wp\/v2\/product"}],"about":[{"href":"https:\/\/dev.vitalstoffversand.com\/pt-pt\/wp-json\/wp\/v2\/types\/product"}],"wp:featuredmedia":[{"embeddable":true,"href":"https:\/\/dev.vitalstoffversand.com\/pt-pt\/wp-json\/wp\/v2\/media\/56402"}],"wp:attachment":[{"href":"https:\/\/dev.vitalstoffversand.com\/pt-pt\/wp-json\/wp\/v2\/media?parent=27326"}],"wp:term":[{"taxonomy":"product_brand","embeddable":true,"href":"https:\/\/dev.vitalstoffversand.com\/pt-pt\/wp-json\/wp\/v2\/product_brand?post=27326"},{"taxonomy":"product_cat","embeddable":true,"href":"https:\/\/dev.vitalstoffversand.com\/pt-pt\/wp-json\/wp\/v2\/product_cat?post=27326"},{"taxonomy":"product_tag","embeddable":true,"href":"https:\/\/dev.vitalstoffversand.com\/pt-pt\/wp-json\/wp\/v2\/product_tag?post=27326"}],"curies":[{"name":"wp","href":"https:\/\/api.w.org\/{rel}","templated":true}]}}