{"id":27312,"date":"2024-12-16T14:54:22","date_gmt":"2024-12-16T13:54:22","guid":{"rendered":"https:\/\/vitalstoffversand.com\/produkt\/vit4ever-vinagre-de-cidra-de-maca-365-comprimidos\/"},"modified":"2026-03-16T15:38:25","modified_gmt":"2026-03-16T14:38:25","slug":"vit4ever-vinagre-de-cidra-de-maca-365-comprimidos","status":"publish","type":"product","link":"https:\/\/dev.vitalstoffversand.com\/pt-pt\/produto\/vit4ever-vinagre-de-cidra-de-maca-365-comprimidos\/","title":{"rendered":"Vit4ever <br>Vinagre de cidra de ma\u00e7\u00e3 &#8211; 365 comprimidos"},"content":{"rendered":"<p>O vinagre de sidra de ma\u00e7\u00e3 \u00e9 produzido atrav\u00e9s da fermenta\u00e7\u00e3o de ma\u00e7\u00e3s e \u00e9 normalmente utilizado na forma l\u00edquida, tanto na cozinha como como suplemento alimentar.<\/p>\n<p>Se n\u00e3o gostar ou n\u00e3o conseguir tolerar o vinagre de cidra de ma\u00e7\u00e3 l\u00edquido, pode passar para a forma de comprimido.<\/p>\n<ul>\n<li>Vegano<\/li>\n<li>Sem gl\u00faten<\/li>\n<li>Sem lactose<\/li>\n<li>Sem OGM<\/li>\n<li>Produzido de acordo com rigorosos padr\u00f5es de qualidade da UE<\/li>\n<\/ul>\n","protected":false},"excerpt":{"rendered":"<p>O vinagre de sidra de ma\u00e7\u00e3 \u00e9 produzido atrav\u00e9s da fermenta\u00e7\u00e3o de ma\u00e7\u00e3s e \u00e9 normalmente utilizado na forma l\u00edquida, tanto na cozinha como como suplemento alimentar. Se n\u00e3o gostar ou n\u00e3o conseguir tolerar o vinagre de cidra de ma\u00e7\u00e3 l\u00edquido, pode passar para a forma de comprimido. Vegano Sem gl\u00faten Sem lactose Sem OGM [&hellip;]<\/p>\n","protected":false},"featured_media":56106,"template":"","meta":{"_acf_changed":false},"product_brand":[10221],"product_cat":[559,537],"product_tag":[],"class_list":{"0":"post-27312","1":"product","2":"type-product","3":"status-publish","4":"has-post-thumbnail","6":"product_brand-vit4ever-pt-pt","7":"product_cat-nutrientes","8":"product_cat-produtos-de-a-z","10":"first","11":"instock","12":"taxable","13":"shipping-taxable","14":"purchasable","15":"product-type-simple"},"acf":[],"_links":{"self":[{"href":"https:\/\/dev.vitalstoffversand.com\/pt-pt\/wp-json\/wp\/v2\/product\/27312","targetHints":{"allow":["GET"]}}],"collection":[{"href":"https:\/\/dev.vitalstoffversand.com\/pt-pt\/wp-json\/wp\/v2\/product"}],"about":[{"href":"https:\/\/dev.vitalstoffversand.com\/pt-pt\/wp-json\/wp\/v2\/types\/product"}],"wp:featuredmedia":[{"embeddable":true,"href":"https:\/\/dev.vitalstoffversand.com\/pt-pt\/wp-json\/wp\/v2\/media\/56106"}],"wp:attachment":[{"href":"https:\/\/dev.vitalstoffversand.com\/pt-pt\/wp-json\/wp\/v2\/media?parent=27312"}],"wp:term":[{"taxonomy":"product_brand","embeddable":true,"href":"https:\/\/dev.vitalstoffversand.com\/pt-pt\/wp-json\/wp\/v2\/product_brand?post=27312"},{"taxonomy":"product_cat","embeddable":true,"href":"https:\/\/dev.vitalstoffversand.com\/pt-pt\/wp-json\/wp\/v2\/product_cat?post=27312"},{"taxonomy":"product_tag","embeddable":true,"href":"https:\/\/dev.vitalstoffversand.com\/pt-pt\/wp-json\/wp\/v2\/product_tag?post=27312"}],"curies":[{"name":"wp","href":"https:\/\/api.w.org\/{rel}","templated":true}]}}