{"id":27304,"date":"2024-12-16T14:03:41","date_gmt":"2024-12-16T13:03:41","guid":{"rendered":"https:\/\/vitalstoffversand.com\/produkt\/vit4ever-zinc-complex-365-comprimidos-diferentes-variantes\/"},"modified":"2026-03-16T15:23:45","modified_gmt":"2026-03-16T14:23:45","slug":"vit4ever-zinc-complex-365-comprimidos-diferentes-variantes","status":"publish","type":"product","link":"https:\/\/dev.vitalstoffversand.com\/pt-pt\/produto\/vit4ever-zinc-complex-365-comprimidos-diferentes-variantes\/","title":{"rendered":"Vit4ever <br>Complexo de zinco 15 mg &#8211; 365 comprimidos"},"content":{"rendered":"<p><a href=\"https:\/\/dev.vitalstoffversand.com\/knowledge-base\/zink\/\" target=\"_blank\" rel=\"noopener\"><span style=\"color: #0000ff;\"><strong>\u2192 O zinco<\/strong><\/span><\/a> \u00e9 um oligoelemento extremamente importante para o nosso organismo.<\/p>\n<p>O complexo de zinco combina bisglicinato de zinco, gluconato de zinco e citrato de zinco \u2014 tr\u00eas fontes diferentes de zinco \u2014 e cont\u00e9m 15 mg de zinco neste produto.<br \/>\nEm alternativa, est\u00e1 tamb\u00e9m dispon\u00edvel uma <span style=\"color: #0000ff;\"><a href=\"https:\/\/dev.vitalstoffversand.com\/produkt\/vit4ever-zink-komplex-25-mg-400-tabletten\/\">vers\u00e3o com 25 mg de zinco<\/a><\/span>, combinando tr\u00eas fontes diferentes de zinco: bisglicinato de zinco, gluconato de zinco e citrato de zinco.<\/p>\n<p>O zinco \u00e9 um componente de mais de 50 enzimas do nosso organismo e desempenha tamb\u00e9m um papel importante em numerosos processos metab\u00f3licos.<\/p>\n<p>Tamb\u00e9m refor\u00e7a o nosso sistema imunit\u00e1rio, apoia a s\u00edntese de prote\u00ednas e pode aumentar a produ\u00e7\u00e3o de esperma nos homens.<\/p>\n<ul>\n<li>Vegano<\/li>\n<li>Sem gl\u00faten<\/li>\n<li>Sem lactose<\/li>\n<li>Sem OGM<\/li>\n<li>Produzido de acordo com rigorosos padr\u00f5es de qualidade da UE<\/li>\n<\/ul>\n","protected":false},"excerpt":{"rendered":"<p>\u2192 O zinco \u00e9 um oligoelemento extremamente importante para o nosso organismo. O complexo de zinco combina bisglicinato de zinco, gluconato de zinco e citrato de zinco \u2014 tr\u00eas fontes diferentes de zinco \u2014 e cont\u00e9m 15 mg de zinco neste produto. Em alternativa, est\u00e1 tamb\u00e9m dispon\u00edvel uma vers\u00e3o com 25 mg de zinco, combinando [&hellip;]<\/p>\n","protected":false},"featured_media":56026,"template":"","meta":{"_acf_changed":false},"product_brand":[10221],"product_cat":[555,537],"product_tag":[],"class_list":{"0":"post-27304","1":"product","2":"type-product","3":"status-publish","4":"has-post-thumbnail","6":"product_brand-vit4ever-pt-pt","7":"product_cat-minerais-e-oligoelementos","8":"product_cat-produtos-de-a-z","10":"first","11":"instock","12":"taxable","13":"shipping-taxable","14":"purchasable","15":"product-type-simple"},"acf":[],"_links":{"self":[{"href":"https:\/\/dev.vitalstoffversand.com\/pt-pt\/wp-json\/wp\/v2\/product\/27304","targetHints":{"allow":["GET"]}}],"collection":[{"href":"https:\/\/dev.vitalstoffversand.com\/pt-pt\/wp-json\/wp\/v2\/product"}],"about":[{"href":"https:\/\/dev.vitalstoffversand.com\/pt-pt\/wp-json\/wp\/v2\/types\/product"}],"wp:featuredmedia":[{"embeddable":true,"href":"https:\/\/dev.vitalstoffversand.com\/pt-pt\/wp-json\/wp\/v2\/media\/56026"}],"wp:attachment":[{"href":"https:\/\/dev.vitalstoffversand.com\/pt-pt\/wp-json\/wp\/v2\/media?parent=27304"}],"wp:term":[{"taxonomy":"product_brand","embeddable":true,"href":"https:\/\/dev.vitalstoffversand.com\/pt-pt\/wp-json\/wp\/v2\/product_brand?post=27304"},{"taxonomy":"product_cat","embeddable":true,"href":"https:\/\/dev.vitalstoffversand.com\/pt-pt\/wp-json\/wp\/v2\/product_cat?post=27304"},{"taxonomy":"product_tag","embeddable":true,"href":"https:\/\/dev.vitalstoffversand.com\/pt-pt\/wp-json\/wp\/v2\/product_tag?post=27304"}],"curies":[{"name":"wp","href":"https:\/\/api.w.org\/{rel}","templated":true}]}}