{"id":27267,"date":"2024-11-11T18:23:18","date_gmt":"2024-11-11T17:23:18","guid":{"rendered":"https:\/\/vitalstoffversand.com\/produkt\/vit4ever-sabor-em-po-flavour-craft-250-g-diferentes-sabores\/"},"modified":"2026-03-16T14:33:03","modified_gmt":"2026-03-16T13:33:03","slug":"vit4ever-sabor-em-po-flavour-craft-250-g-diferentes-sabores","status":"publish","type":"product","link":"https:\/\/dev.vitalstoffversand.com\/pt-pt\/produto\/vit4ever-sabor-em-po-flavour-craft-250-g-diferentes-sabores\/","title":{"rendered":"Vit4ever <br>Sabor em p\u00f3 Flavour Craft &#8211; 250 g &#8211; diferentes sabores"},"content":{"rendered":"<p>Leve a sua refei\u00e7\u00e3o a um novo n\u00edvel com o sabor intenso e a sele\u00e7\u00e3o diversificada dos p\u00f3s aromatizantes Flavor Craft.<\/p>\n<p>Escolhe entre 15 sabores e d\u00e1 um toque especial \u00e0s tuas bebidas, batidos de prote\u00edna, smoothies, cereais, iogurtes, produtos de pastelaria ou sobremesas.<\/p>\n<ul>\n<li>Vegetariano<\/li>\n<li>Produzido de acordo com rigorosos padr\u00f5es de qualidade da UE<\/li>\n<\/ul>\n","protected":false},"excerpt":{"rendered":"<p>Leve a sua refei\u00e7\u00e3o a um novo n\u00edvel com o sabor intenso e a sele\u00e7\u00e3o diversificada dos p\u00f3s aromatizantes Flavor Craft. Escolhe entre 15 sabores e d\u00e1 um toque especial \u00e0s tuas bebidas, batidos de prote\u00edna, smoothies, cereais, iogurtes, produtos de pastelaria ou sobremesas. Vegetariano Produzido de acordo com rigorosos padr\u00f5es de qualidade da UE<\/p>\n","protected":false},"featured_media":55674,"template":"","meta":{"_acf_changed":false},"product_brand":[10221],"product_cat":[550,537],"product_tag":[],"class_list":{"0":"post-27267","1":"product","2":"type-product","3":"status-publish","4":"has-post-thumbnail","6":"product_brand-vit4ever-pt-pt","7":"product_cat-cozinhar-e-petiscar","8":"product_cat-produtos-de-a-z","10":"first","11":"instock","12":"taxable","13":"shipping-taxable","14":"purchasable","15":"product-type-variable"},"acf":[],"_links":{"self":[{"href":"https:\/\/dev.vitalstoffversand.com\/pt-pt\/wp-json\/wp\/v2\/product\/27267","targetHints":{"allow":["GET"]}}],"collection":[{"href":"https:\/\/dev.vitalstoffversand.com\/pt-pt\/wp-json\/wp\/v2\/product"}],"about":[{"href":"https:\/\/dev.vitalstoffversand.com\/pt-pt\/wp-json\/wp\/v2\/types\/product"}],"wp:featuredmedia":[{"embeddable":true,"href":"https:\/\/dev.vitalstoffversand.com\/pt-pt\/wp-json\/wp\/v2\/media\/55674"}],"wp:attachment":[{"href":"https:\/\/dev.vitalstoffversand.com\/pt-pt\/wp-json\/wp\/v2\/media?parent=27267"}],"wp:term":[{"taxonomy":"product_brand","embeddable":true,"href":"https:\/\/dev.vitalstoffversand.com\/pt-pt\/wp-json\/wp\/v2\/product_brand?post=27267"},{"taxonomy":"product_cat","embeddable":true,"href":"https:\/\/dev.vitalstoffversand.com\/pt-pt\/wp-json\/wp\/v2\/product_cat?post=27267"},{"taxonomy":"product_tag","embeddable":true,"href":"https:\/\/dev.vitalstoffversand.com\/pt-pt\/wp-json\/wp\/v2\/product_tag?post=27267"}],"curies":[{"name":"wp","href":"https:\/\/api.w.org\/{rel}","templated":true}]}}