{"id":27199,"date":"2024-11-11T17:56:23","date_gmt":"2024-11-11T16:56:23","guid":{"rendered":"https:\/\/vitalstoffversand.com\/produkt\/vit4ever-manteiga-de-amendoim-diferentes-variedades\/"},"modified":"2026-03-16T12:16:55","modified_gmt":"2026-03-16T11:16:55","slug":"vit4ever-manteiga-de-amendoim-diferentes-variedades","status":"publish","type":"product","link":"https:\/\/dev.vitalstoffversand.com\/pt-pt\/produto\/vit4ever-manteiga-de-amendoim-diferentes-variedades\/","title":{"rendered":"Vit4ever <br>Manteiga de amendoim &#8211; diferentes sabores"},"content":{"rendered":"<p style=\"text-align: left;\">Manteiga de amendoim pura e n\u00e3o adulterada feita a partir de amendoins 100% torrados<\/p>\n<p>Dispon\u00edvel na vers\u00e3o cremosa-suave, crocante com pequenos peda\u00e7os de amendoim e na vers\u00e3o extra-crocante torrada escura.<\/p>\n<p>A manteiga de amendoim \u00e9 rica em prote\u00ednas, minerais (pot\u00e1ssio, magn\u00e9sio) e cont\u00e9m 52% de \u00e1cidos gordos insaturados<\/p>\n<p>Nota: \u00c9 normal que o \u00f3leo flutue neste produto. Basta mexer um pouco para recuperar a consist\u00eancia cremosa. <\/p>\n<ul>\n<li>vegano<\/li>\n<li>sem gl\u00faten<\/li>\n<li>Sem adi\u00e7\u00e3o de a\u00e7\u00facar, \u00f3leo de palma ou sal<\/li>\n<li>Sem aditivos artificiais<\/li>\n<\/ul>\n","protected":false},"excerpt":{"rendered":"<p>Manteiga de amendoim pura e n\u00e3o adulterada feita a partir de amendoins 100% torrados Dispon\u00edvel na vers\u00e3o cremosa-suave, crocante com pequenos peda\u00e7os de amendoim e na vers\u00e3o extra-crocante torrada escura. A manteiga de amendoim \u00e9 rica em prote\u00ednas, minerais (pot\u00e1ssio, magn\u00e9sio) e cont\u00e9m 52% de \u00e1cidos gordos insaturados Nota: \u00c9 normal que o \u00f3leo flutue [&hellip;]<\/p>\n","protected":false},"featured_media":55010,"template":"","meta":{"_acf_changed":false},"product_brand":[10221],"product_cat":[550,537],"product_tag":[],"class_list":{"0":"post-27199","1":"product","2":"type-product","3":"status-publish","4":"has-post-thumbnail","6":"product_brand-vit4ever-pt-pt","7":"product_cat-cozinhar-e-petiscar","8":"product_cat-produtos-de-a-z","10":"first","11":"instock","12":"taxable","13":"shipping-taxable","14":"purchasable","15":"product-type-variable"},"acf":[],"_links":{"self":[{"href":"https:\/\/dev.vitalstoffversand.com\/pt-pt\/wp-json\/wp\/v2\/product\/27199","targetHints":{"allow":["GET"]}}],"collection":[{"href":"https:\/\/dev.vitalstoffversand.com\/pt-pt\/wp-json\/wp\/v2\/product"}],"about":[{"href":"https:\/\/dev.vitalstoffversand.com\/pt-pt\/wp-json\/wp\/v2\/types\/product"}],"wp:featuredmedia":[{"embeddable":true,"href":"https:\/\/dev.vitalstoffversand.com\/pt-pt\/wp-json\/wp\/v2\/media\/55010"}],"wp:attachment":[{"href":"https:\/\/dev.vitalstoffversand.com\/pt-pt\/wp-json\/wp\/v2\/media?parent=27199"}],"wp:term":[{"taxonomy":"product_brand","embeddable":true,"href":"https:\/\/dev.vitalstoffversand.com\/pt-pt\/wp-json\/wp\/v2\/product_brand?post=27199"},{"taxonomy":"product_cat","embeddable":true,"href":"https:\/\/dev.vitalstoffversand.com\/pt-pt\/wp-json\/wp\/v2\/product_cat?post=27199"},{"taxonomy":"product_tag","embeddable":true,"href":"https:\/\/dev.vitalstoffversand.com\/pt-pt\/wp-json\/wp\/v2\/product_tag?post=27199"}],"curies":[{"name":"wp","href":"https:\/\/api.w.org\/{rel}","templated":true}]}}