{"id":27171,"date":"2024-11-11T17:53:50","date_gmt":"2024-11-11T16:53:50","guid":{"rendered":"https:\/\/vitalstoffversand.com\/produkt\/vit4ever-colagenio-em-po-1000-g\/"},"modified":"2026-03-16T12:06:19","modified_gmt":"2026-03-16T11:06:19","slug":"vit4ever-colagenio-em-po-1000-g","status":"publish","type":"product","link":"https:\/\/dev.vitalstoffversand.com\/pt-pt\/produto\/vit4ever-colagenio-em-po-1000-g\/","title":{"rendered":"Vit4ever <br>Colag\u00e9nio em p\u00f3 &#8211; 1000 g"},"content":{"rendered":"<p>Hidrolisado de colag\u00e9nio bovino obtido a partir de colag\u00e9nio bovino de tipo I e III hidrolisado enzimaticamente, que se destaca pela sua excelente pureza, biodisponibilidade e solubilidade.<\/p>\n<p>O produto tem um sabor neutro, pelo que pode ser misturado em muitos alimentos e bebidas sem afetar o seu sabor.<\/p>\n<p><strong>Nota:<\/strong> Este produto n\u00e3o possui certifica\u00e7\u00e3o halal.<\/p>\n<ul>\n<li>Sem gl\u00faten<\/li>\n<li>Sem lactose<\/li>\n<li>Sem OGM<\/li>\n<li>Produzido de acordo com rigorosos padr\u00f5es de qualidade da UE<\/li>\n<\/ul>\n","protected":false},"excerpt":{"rendered":"<p>Hidrolisado de colag\u00e9nio bovino obtido a partir de colag\u00e9nio bovino de tipo I e III hidrolisado enzimaticamente, que se destaca pela sua excelente pureza, biodisponibilidade e solubilidade. O produto tem um sabor neutro, pelo que pode ser misturado em muitos alimentos e bebidas sem afetar o seu sabor. Nota: Este produto n\u00e3o possui certifica\u00e7\u00e3o halal. [&hellip;]<\/p>\n","protected":false},"featured_media":62358,"template":"","meta":{"_acf_changed":false},"product_brand":[10221],"product_cat":[559,537],"product_tag":[],"class_list":{"0":"post-27171","1":"product","2":"type-product","3":"status-publish","4":"has-post-thumbnail","6":"product_brand-vit4ever-pt-pt","7":"product_cat-nutrientes","8":"product_cat-produtos-de-a-z","10":"first","11":"outofstock","12":"taxable","13":"shipping-taxable","14":"purchasable","15":"product-type-simple"},"acf":[],"_links":{"self":[{"href":"https:\/\/dev.vitalstoffversand.com\/pt-pt\/wp-json\/wp\/v2\/product\/27171","targetHints":{"allow":["GET"]}}],"collection":[{"href":"https:\/\/dev.vitalstoffversand.com\/pt-pt\/wp-json\/wp\/v2\/product"}],"about":[{"href":"https:\/\/dev.vitalstoffversand.com\/pt-pt\/wp-json\/wp\/v2\/types\/product"}],"wp:featuredmedia":[{"embeddable":true,"href":"https:\/\/dev.vitalstoffversand.com\/pt-pt\/wp-json\/wp\/v2\/media\/62358"}],"wp:attachment":[{"href":"https:\/\/dev.vitalstoffversand.com\/pt-pt\/wp-json\/wp\/v2\/media?parent=27171"}],"wp:term":[{"taxonomy":"product_brand","embeddable":true,"href":"https:\/\/dev.vitalstoffversand.com\/pt-pt\/wp-json\/wp\/v2\/product_brand?post=27171"},{"taxonomy":"product_cat","embeddable":true,"href":"https:\/\/dev.vitalstoffversand.com\/pt-pt\/wp-json\/wp\/v2\/product_cat?post=27171"},{"taxonomy":"product_tag","embeddable":true,"href":"https:\/\/dev.vitalstoffversand.com\/pt-pt\/wp-json\/wp\/v2\/product_tag?post=27171"}],"curies":[{"name":"wp","href":"https:\/\/api.w.org\/{rel}","templated":true}]}}