{"id":27101,"date":"2024-11-11T15:47:17","date_gmt":"2024-11-11T14:47:17","guid":{"rendered":"https:\/\/vitalstoffversand.com\/produkt\/vit4ever-multivitamin-intenso-365-capsulas\/"},"modified":"2026-03-16T10:53:39","modified_gmt":"2026-03-16T09:53:39","slug":"vit4ever-multivitamin-intenso-365-capsulas","status":"publish","type":"product","link":"https:\/\/dev.vitalstoffversand.com\/pt-pt\/produto\/vit4ever-multivitamin-intenso-365-capsulas\/","title":{"rendered":"Vit4ever <br>Multivitamin Intenso &#8211; 365 c\u00e1psulas"},"content":{"rendered":"<p>Multivitamin Intenso \u00e9 um complexo inteligente e harmonizado de 26 vitaminas, minerais, oligoelementos e extractos de plantas.<\/p>\n<p>Todos os ingredientes est\u00e3o presentes na sua forma ativa, pura e bioativa, ou numa combina\u00e7\u00e3o adequada, de modo a maximizar a sua absor\u00e7\u00e3o e toler\u00e2ncia.<\/p>\n<ul>\n<li>Vegano<\/li>\n<li>Sem gl\u00faten<\/li>\n<li>Sem lactose<\/li>\n<li>Sem OGM<\/li>\n<li>Produzido de acordo com rigorosos padr\u00f5es de qualidade da UE<\/li>\n<\/ul>\n","protected":false},"excerpt":{"rendered":"<p>Multivitamin Intenso \u00e9 um complexo inteligente e harmonizado de 26 vitaminas, minerais, oligoelementos e extractos de plantas. Todos os ingredientes est\u00e3o presentes na sua forma ativa, pura e bioativa, ou numa combina\u00e7\u00e3o adequada, de modo a maximizar a sua absor\u00e7\u00e3o e toler\u00e2ncia. Vegano Sem gl\u00faten Sem lactose Sem OGM Produzido de acordo com rigorosos padr\u00f5es [&hellip;]<\/p>\n","protected":false},"featured_media":61961,"template":"","meta":{"_acf_changed":false},"product_brand":[10221],"product_cat":[563,555,537],"product_tag":[],"class_list":{"0":"post-27101","1":"product","2":"type-product","3":"status-publish","4":"has-post-thumbnail","6":"product_brand-vit4ever-pt-pt","7":"product_cat-vitaminas-pt","8":"product_cat-minerais-e-oligoelementos","9":"product_cat-produtos-de-a-z","11":"first","12":"outofstock","13":"taxable","14":"shipping-taxable","15":"purchasable","16":"product-type-simple"},"acf":[],"_links":{"self":[{"href":"https:\/\/dev.vitalstoffversand.com\/pt-pt\/wp-json\/wp\/v2\/product\/27101","targetHints":{"allow":["GET"]}}],"collection":[{"href":"https:\/\/dev.vitalstoffversand.com\/pt-pt\/wp-json\/wp\/v2\/product"}],"about":[{"href":"https:\/\/dev.vitalstoffversand.com\/pt-pt\/wp-json\/wp\/v2\/types\/product"}],"wp:featuredmedia":[{"embeddable":true,"href":"https:\/\/dev.vitalstoffversand.com\/pt-pt\/wp-json\/wp\/v2\/media\/61961"}],"wp:attachment":[{"href":"https:\/\/dev.vitalstoffversand.com\/pt-pt\/wp-json\/wp\/v2\/media?parent=27101"}],"wp:term":[{"taxonomy":"product_brand","embeddable":true,"href":"https:\/\/dev.vitalstoffversand.com\/pt-pt\/wp-json\/wp\/v2\/product_brand?post=27101"},{"taxonomy":"product_cat","embeddable":true,"href":"https:\/\/dev.vitalstoffversand.com\/pt-pt\/wp-json\/wp\/v2\/product_cat?post=27101"},{"taxonomy":"product_tag","embeddable":true,"href":"https:\/\/dev.vitalstoffversand.com\/pt-pt\/wp-json\/wp\/v2\/product_tag?post=27101"}],"curies":[{"name":"wp","href":"https:\/\/api.w.org\/{rel}","templated":true}]}}