{"id":27100,"date":"2024-11-11T15:35:54","date_gmt":"2024-11-11T14:35:54","guid":{"rendered":"https:\/\/vitalstoffversand.com\/produkt\/vit4ever-vitamina-c-tamponada-365-capsulas\/"},"modified":"2026-03-15T18:53:17","modified_gmt":"2026-03-15T17:53:17","slug":"vit4ever-vitamina-c-tamponada-365-capsulas","status":"publish","type":"product","link":"https:\/\/dev.vitalstoffversand.com\/pt-pt\/produto\/vit4ever-vitamina-c-tamponada-365-capsulas\/","title":{"rendered":"Vit4ever <br>Vitamina C tamponada &#8211; 365 c\u00e1psulas"},"content":{"rendered":"<p>\u201cTamponada\u201d <a href=\"https:\/\/dev.vitalstoffversand.com\/knowledge-base\/vitamin-c\/\" target=\"_blank\" rel=\"noopener\"><strong><span style=\"color: #0000ff;\">\u2192 a vitamina C<\/span><\/strong><\/a>, neste caso sob a forma de ascorbato de c\u00e1lcio (L-ascorbato de c\u00e1lcio), \u00e9 libertada uniformemente no organismo em pequenas quantidades ao longo de v\u00e1rias horas (efeito de liberta\u00e7\u00e3o no tempo) e tem simultaneamente uma biodisponibilidade muito elevada.<\/p>\n<p>Devido \u00e0 sua liga\u00e7\u00e3o ao c\u00e1lcio, \u00e9 tamb\u00e9m considerado particularmente bem tolerado.<\/p>\n<p>A vitamina C desempenha uma s\u00e9rie de fun\u00e7\u00f5es no nosso organismo e \u00e9 considerada um poderoso antioxidante.<\/p>\n<ul>\n<li>Vegano<\/li>\n<li>Sem gl\u00faten<\/li>\n<li>Sem lactose<\/li>\n<li>Sem OGM<\/li>\n<li>Produzido de acordo com rigorosos padr\u00f5es de qualidade da UE<\/li>\n<\/ul>\n","protected":false},"excerpt":{"rendered":"<p>\u201cTamponada\u201d \u2192 a vitamina C, neste caso sob a forma de ascorbato de c\u00e1lcio (L-ascorbato de c\u00e1lcio), \u00e9 libertada uniformemente no organismo em pequenas quantidades ao longo de v\u00e1rias horas (efeito de liberta\u00e7\u00e3o no tempo) e tem simultaneamente uma biodisponibilidade muito elevada. Devido \u00e0 sua liga\u00e7\u00e3o ao c\u00e1lcio, \u00e9 tamb\u00e9m considerado particularmente bem tolerado. A [&hellip;]<\/p>\n","protected":false},"featured_media":54050,"template":"","meta":{"_acf_changed":false},"product_brand":[10221],"product_cat":[563,537],"product_tag":[],"class_list":{"0":"post-27100","1":"product","2":"type-product","3":"status-publish","4":"has-post-thumbnail","6":"product_brand-vit4ever-pt-pt","7":"product_cat-vitaminas-pt","8":"product_cat-produtos-de-a-z","10":"first","11":"instock","12":"taxable","13":"shipping-taxable","14":"purchasable","15":"product-type-simple"},"acf":[],"_links":{"self":[{"href":"https:\/\/dev.vitalstoffversand.com\/pt-pt\/wp-json\/wp\/v2\/product\/27100","targetHints":{"allow":["GET"]}}],"collection":[{"href":"https:\/\/dev.vitalstoffversand.com\/pt-pt\/wp-json\/wp\/v2\/product"}],"about":[{"href":"https:\/\/dev.vitalstoffversand.com\/pt-pt\/wp-json\/wp\/v2\/types\/product"}],"wp:featuredmedia":[{"embeddable":true,"href":"https:\/\/dev.vitalstoffversand.com\/pt-pt\/wp-json\/wp\/v2\/media\/54050"}],"wp:attachment":[{"href":"https:\/\/dev.vitalstoffversand.com\/pt-pt\/wp-json\/wp\/v2\/media?parent=27100"}],"wp:term":[{"taxonomy":"product_brand","embeddable":true,"href":"https:\/\/dev.vitalstoffversand.com\/pt-pt\/wp-json\/wp\/v2\/product_brand?post=27100"},{"taxonomy":"product_cat","embeddable":true,"href":"https:\/\/dev.vitalstoffversand.com\/pt-pt\/wp-json\/wp\/v2\/product_cat?post=27100"},{"taxonomy":"product_tag","embeddable":true,"href":"https:\/\/dev.vitalstoffversand.com\/pt-pt\/wp-json\/wp\/v2\/product_tag?post=27100"}],"curies":[{"name":"wp","href":"https:\/\/api.w.org\/{rel}","templated":true}]}}