{"id":27098,"date":"2024-11-11T15:24:51","date_gmt":"2024-11-11T14:24:51","guid":{"rendered":"https:\/\/vitalstoffversand.com\/produkt\/vit4ever-vitamina-c-liposomal-complex-240-capsulas\/"},"modified":"2026-03-15T18:49:06","modified_gmt":"2026-03-15T17:49:06","slug":"vit4ever-vitamina-c-liposomal-complex-240-capsulas","status":"publish","type":"product","link":"https:\/\/dev.vitalstoffversand.com\/pt-pt\/produto\/vit4ever-vitamina-c-liposomal-complex-240-capsulas\/","title":{"rendered":"Vit4ever <br>Vitamina C Liposomal Complex &#8211; 240 c\u00e1psulas"},"content":{"rendered":"<p><a href=\"https:\/\/dev.vitalstoffversand.com\/knowledge-base\/vitamin-c\/\" target=\"_blank\" rel=\"noopener\"><span style=\"color: #0000ff;\"><strong>\u2192 A vitamina C<\/strong><\/span><\/a> \u00e9 uma das vitaminas mais conhecidas e mais importantes que precisamos de obter da nossa alimenta\u00e7\u00e3o.<\/p>\n<p>A combina\u00e7\u00e3o com fosfol\u00edpidos naturais lipossol\u00faveis e palmitato de ascorbilo (\u00e9ster C) como forma lipossol\u00favel de vitamina C resulta numa absor\u00e7\u00e3o muito melhorada no intestino.<\/p>\n<ul>\n<li>Vegano<\/li>\n<li>Sem gl\u00faten<\/li>\n<li>Sem lactose<\/li>\n<li>Sem OGM<\/li>\n<li>Produzido de acordo com rigorosos padr\u00f5es de qualidade da UE<\/li>\n<\/ul>\n","protected":false},"excerpt":{"rendered":"<p>\u2192 A vitamina C \u00e9 uma das vitaminas mais conhecidas e mais importantes que precisamos de obter da nossa alimenta\u00e7\u00e3o. A combina\u00e7\u00e3o com fosfol\u00edpidos naturais lipossol\u00faveis e palmitato de ascorbilo (\u00e9ster C) como forma lipossol\u00favel de vitamina C resulta numa absor\u00e7\u00e3o muito melhorada no intestino. Vegano Sem gl\u00faten Sem lactose Sem OGM Produzido de acordo [&hellip;]<\/p>\n","protected":false},"featured_media":53970,"template":"","meta":{"_acf_changed":false},"product_brand":[10221],"product_cat":[563,537],"product_tag":[],"class_list":{"0":"post-27098","1":"product","2":"type-product","3":"status-publish","4":"has-post-thumbnail","6":"product_brand-vit4ever-pt-pt","7":"product_cat-vitaminas-pt","8":"product_cat-produtos-de-a-z","10":"first","11":"instock","12":"taxable","13":"shipping-taxable","14":"purchasable","15":"product-type-simple"},"acf":[],"_links":{"self":[{"href":"https:\/\/dev.vitalstoffversand.com\/pt-pt\/wp-json\/wp\/v2\/product\/27098","targetHints":{"allow":["GET"]}}],"collection":[{"href":"https:\/\/dev.vitalstoffversand.com\/pt-pt\/wp-json\/wp\/v2\/product"}],"about":[{"href":"https:\/\/dev.vitalstoffversand.com\/pt-pt\/wp-json\/wp\/v2\/types\/product"}],"wp:featuredmedia":[{"embeddable":true,"href":"https:\/\/dev.vitalstoffversand.com\/pt-pt\/wp-json\/wp\/v2\/media\/53970"}],"wp:attachment":[{"href":"https:\/\/dev.vitalstoffversand.com\/pt-pt\/wp-json\/wp\/v2\/media?parent=27098"}],"wp:term":[{"taxonomy":"product_brand","embeddable":true,"href":"https:\/\/dev.vitalstoffversand.com\/pt-pt\/wp-json\/wp\/v2\/product_brand?post=27098"},{"taxonomy":"product_cat","embeddable":true,"href":"https:\/\/dev.vitalstoffversand.com\/pt-pt\/wp-json\/wp\/v2\/product_cat?post=27098"},{"taxonomy":"product_tag","embeddable":true,"href":"https:\/\/dev.vitalstoffversand.com\/pt-pt\/wp-json\/wp\/v2\/product_tag?post=27098"}],"curies":[{"name":"wp","href":"https:\/\/api.w.org\/{rel}","templated":true}]}}