{"id":27086,"date":"2024-11-11T15:11:25","date_gmt":"2024-11-11T14:11:25","guid":{"rendered":"https:\/\/vitalstoffversand.com\/produkt\/vit4ever-extrato-de-brocolos-intenso-180-capsulas\/"},"modified":"2026-03-15T18:15:34","modified_gmt":"2026-03-15T17:15:34","slug":"vit4ever-extrato-de-brocolos-intenso-180-capsulas","status":"publish","type":"product","link":"https:\/\/dev.vitalstoffversand.com\/pt-pt\/produto\/vit4ever-extrato-de-brocolos-intenso-180-capsulas\/","title":{"rendered":"Vit4ever <br>Extrato de Br\u00f3colos Intenso &#8211; 180 c\u00e1psulas"},"content":{"rendered":"<p>Os br\u00f3colos cont\u00eam sulforafano natural, um fitoqu\u00edmico com propriedades antioxidantes e antimicrobianas.<\/p>\n<p>O extrato de br\u00f3colos pode ser utilizado como parte de um suplemento alimentar geral.<\/p>\n<ul>\n<li>Vegano<\/li>\n<li>Sem gl\u00faten<\/li>\n<li>Sem lactose<\/li>\n<li>Sem OGM<\/li>\n<li>Produzido de acordo com rigorosos padr\u00f5es de qualidade da UE<\/li>\n<\/ul>\n","protected":false},"excerpt":{"rendered":"<p>Os br\u00f3colos cont\u00eam sulforafano natural, um fitoqu\u00edmico com propriedades antioxidantes e antimicrobianas. O extrato de br\u00f3colos pode ser utilizado como parte de um suplemento alimentar geral. Vegano Sem gl\u00faten Sem lactose Sem OGM Produzido de acordo com rigorosos padr\u00f5es de qualidade da UE<\/p>\n","protected":false},"featured_media":53730,"template":"","meta":{"_acf_changed":false},"product_brand":[10221],"product_cat":[559,537],"product_tag":[],"class_list":{"0":"post-27086","1":"product","2":"type-product","3":"status-publish","4":"has-post-thumbnail","6":"product_brand-vit4ever-pt-pt","7":"product_cat-nutrientes","8":"product_cat-produtos-de-a-z","10":"first","11":"instock","12":"taxable","13":"shipping-taxable","14":"purchasable","15":"product-type-simple"},"acf":[],"_links":{"self":[{"href":"https:\/\/dev.vitalstoffversand.com\/pt-pt\/wp-json\/wp\/v2\/product\/27086","targetHints":{"allow":["GET"]}}],"collection":[{"href":"https:\/\/dev.vitalstoffversand.com\/pt-pt\/wp-json\/wp\/v2\/product"}],"about":[{"href":"https:\/\/dev.vitalstoffversand.com\/pt-pt\/wp-json\/wp\/v2\/types\/product"}],"wp:featuredmedia":[{"embeddable":true,"href":"https:\/\/dev.vitalstoffversand.com\/pt-pt\/wp-json\/wp\/v2\/media\/53730"}],"wp:attachment":[{"href":"https:\/\/dev.vitalstoffversand.com\/pt-pt\/wp-json\/wp\/v2\/media?parent=27086"}],"wp:term":[{"taxonomy":"product_brand","embeddable":true,"href":"https:\/\/dev.vitalstoffversand.com\/pt-pt\/wp-json\/wp\/v2\/product_brand?post=27086"},{"taxonomy":"product_cat","embeddable":true,"href":"https:\/\/dev.vitalstoffversand.com\/pt-pt\/wp-json\/wp\/v2\/product_cat?post=27086"},{"taxonomy":"product_tag","embeddable":true,"href":"https:\/\/dev.vitalstoffversand.com\/pt-pt\/wp-json\/wp\/v2\/product_tag?post=27086"}],"curies":[{"name":"wp","href":"https:\/\/api.w.org\/{rel}","templated":true}]}}