{"id":27080,"date":"2024-11-11T14:58:22","date_gmt":"2024-11-11T13:58:22","guid":{"rendered":"https:\/\/vitalstoffversand.com\/produkt\/vit4ever-manteiga-de-amendoim-com-mel-1000-g\/"},"modified":"2026-03-15T18:08:41","modified_gmt":"2026-03-15T17:08:41","slug":"vit4ever-manteiga-de-amendoim-com-mel-1000-g","status":"publish","type":"product","link":"https:\/\/dev.vitalstoffversand.com\/pt-pt\/produto\/vit4ever-manteiga-de-amendoim-com-mel-1000-g\/","title":{"rendered":"Vit4ever <br>Manteiga de amendoim com mel &#8211; 1000 g"},"content":{"rendered":"<p>Manteiga de amendoim com mel de flores verdadeiro.<\/p>\n<p>Quer seja para barrar, em deliciosas sobremesas ou como destaque em bolos e biscoitos.<\/p>\n<p>Nota: \u00c9 normal que o \u00f3leo flutue neste produto. Basta mexer um pouco para recuperar a consist\u00eancia cremosa. <\/p>\n<ul>\n<li>100% amendoins torrados<\/li>\n<li>Mel de floresc\u00eancia<\/li>\n<li>Sem adi\u00e7\u00e3o de a\u00e7\u00facar, \u00f3leo de palma ou sal<\/li>\n<li>Rico em \u00e1cidos gordos insaturados e naturais (43,2%)<\/li>\n<li>vegano<\/li>\n<\/ul>\n","protected":false},"excerpt":{"rendered":"<p>Manteiga de amendoim com mel de flores verdadeiro. Quer seja para barrar, em deliciosas sobremesas ou como destaque em bolos e biscoitos. Nota: \u00c9 normal que o \u00f3leo flutue neste produto. Basta mexer um pouco para recuperar a consist\u00eancia cremosa. 100% amendoins torrados Mel de floresc\u00eancia Sem adi\u00e7\u00e3o de a\u00e7\u00facar, \u00f3leo de palma ou sal [&hellip;]<\/p>\n","protected":false},"featured_media":53602,"template":"","meta":{"_acf_changed":false},"product_brand":[10221],"product_cat":[550,542,537],"product_tag":[],"class_list":{"0":"post-27080","1":"product","2":"type-product","3":"status-publish","4":"has-post-thumbnail","6":"product_brand-vit4ever-pt-pt","7":"product_cat-cozinhar-e-petiscar","8":"product_cat-reduzida","9":"product_cat-produtos-de-a-z","11":"first","12":"instock","13":"sale","14":"taxable","15":"shipping-taxable","16":"purchasable","17":"product-type-simple"},"acf":[],"_links":{"self":[{"href":"https:\/\/dev.vitalstoffversand.com\/pt-pt\/wp-json\/wp\/v2\/product\/27080","targetHints":{"allow":["GET"]}}],"collection":[{"href":"https:\/\/dev.vitalstoffversand.com\/pt-pt\/wp-json\/wp\/v2\/product"}],"about":[{"href":"https:\/\/dev.vitalstoffversand.com\/pt-pt\/wp-json\/wp\/v2\/types\/product"}],"wp:featuredmedia":[{"embeddable":true,"href":"https:\/\/dev.vitalstoffversand.com\/pt-pt\/wp-json\/wp\/v2\/media\/53602"}],"wp:attachment":[{"href":"https:\/\/dev.vitalstoffversand.com\/pt-pt\/wp-json\/wp\/v2\/media?parent=27080"}],"wp:term":[{"taxonomy":"product_brand","embeddable":true,"href":"https:\/\/dev.vitalstoffversand.com\/pt-pt\/wp-json\/wp\/v2\/product_brand?post=27080"},{"taxonomy":"product_cat","embeddable":true,"href":"https:\/\/dev.vitalstoffversand.com\/pt-pt\/wp-json\/wp\/v2\/product_cat?post=27080"},{"taxonomy":"product_tag","embeddable":true,"href":"https:\/\/dev.vitalstoffversand.com\/pt-pt\/wp-json\/wp\/v2\/product_tag?post=27080"}],"curies":[{"name":"wp","href":"https:\/\/api.w.org\/{rel}","templated":true}]}}