{"id":27016,"date":"2024-11-11T14:33:19","date_gmt":"2024-11-11T13:33:19","guid":{"rendered":"https:\/\/vitalstoffversand.com\/produkt\/vit4ever-ashwagandha-organico-365-capsulas\/"},"modified":"2026-03-15T17:44:31","modified_gmt":"2026-03-15T16:44:31","slug":"vit4ever-ashwagandha-organico-365-capsulas","status":"publish","type":"product","link":"https:\/\/dev.vitalstoffversand.com\/pt-pt\/produto\/vit4ever-ashwagandha-organico-365-capsulas\/","title":{"rendered":"Vit4ever <br>Ashwagandha org\u00e2nico &#8211; 365 c\u00e1psulas"},"content":{"rendered":"<p>O Ashwagandha org\u00e2nico (Withania Sominifera) cont\u00e9m uma variedade de subst\u00e2ncias vegetais, sobretudo nas ra\u00edzes, como os alcal\u00f3ides anaferina, anahygrina, cuscohygrina, nicotina, tropina, withasomnina e os withanol\u00eddeos somniferanolida, somniwithanolida, withaferina A e withasomniferanolida.<\/p>\n<p>A Ashwagandha, tamb\u00e9m conhecida como a baga do sono, \u00e9 utilizada com grande sucesso na medicina ayurv\u00e9dica e est\u00e1 tamb\u00e9m a ser investigada nos pa\u00edses ocidentais pelos seus poss\u00edveis efeitos calmantes e redutores do stress.<\/p>\n<ul>\n<li>Vegano<\/li>\n<li>Sem gl\u00faten<\/li>\n<li>Sem lactose<\/li>\n<li>Sem OGM<\/li>\n<li>Produzido de acordo com rigorosos padr\u00f5es de qualidade da UE<\/li>\n<\/ul>\n","protected":false},"excerpt":{"rendered":"<p>O Ashwagandha org\u00e2nico (Withania Sominifera) cont\u00e9m uma variedade de subst\u00e2ncias vegetais, sobretudo nas ra\u00edzes, como os alcal\u00f3ides anaferina, anahygrina, cuscohygrina, nicotina, tropina, withasomnina e os withanol\u00eddeos somniferanolida, somniwithanolida, withaferina A e withasomniferanolida. A Ashwagandha, tamb\u00e9m conhecida como a baga do sono, \u00e9 utilizada com grande sucesso na medicina ayurv\u00e9dica e est\u00e1 tamb\u00e9m a ser investigada [&hellip;]<\/p>\n","protected":false},"featured_media":53130,"template":"","meta":{"_acf_changed":false},"product_brand":[10221],"product_cat":[559,537],"product_tag":[],"class_list":{"0":"post-27016","1":"product","2":"type-product","3":"status-publish","4":"has-post-thumbnail","6":"product_brand-vit4ever-pt-pt","7":"product_cat-nutrientes","8":"product_cat-produtos-de-a-z","10":"first","11":"outofstock","12":"taxable","13":"shipping-taxable","14":"purchasable","15":"product-type-simple"},"acf":[],"_links":{"self":[{"href":"https:\/\/dev.vitalstoffversand.com\/pt-pt\/wp-json\/wp\/v2\/product\/27016","targetHints":{"allow":["GET"]}}],"collection":[{"href":"https:\/\/dev.vitalstoffversand.com\/pt-pt\/wp-json\/wp\/v2\/product"}],"about":[{"href":"https:\/\/dev.vitalstoffversand.com\/pt-pt\/wp-json\/wp\/v2\/types\/product"}],"wp:featuredmedia":[{"embeddable":true,"href":"https:\/\/dev.vitalstoffversand.com\/pt-pt\/wp-json\/wp\/v2\/media\/53130"}],"wp:attachment":[{"href":"https:\/\/dev.vitalstoffversand.com\/pt-pt\/wp-json\/wp\/v2\/media?parent=27016"}],"wp:term":[{"taxonomy":"product_brand","embeddable":true,"href":"https:\/\/dev.vitalstoffversand.com\/pt-pt\/wp-json\/wp\/v2\/product_brand?post=27016"},{"taxonomy":"product_cat","embeddable":true,"href":"https:\/\/dev.vitalstoffversand.com\/pt-pt\/wp-json\/wp\/v2\/product_cat?post=27016"},{"taxonomy":"product_tag","embeddable":true,"href":"https:\/\/dev.vitalstoffversand.com\/pt-pt\/wp-json\/wp\/v2\/product_tag?post=27016"}],"curies":[{"name":"wp","href":"https:\/\/api.w.org\/{rel}","templated":true}]}}