{"id":27007,"date":"2025-01-02T18:04:25","date_gmt":"2025-01-02T17:04:25","guid":{"rendered":"https:\/\/vitalstoffversand.com\/produkt\/vit4ever-manteiga-de-caju-suave-1000-g\/"},"modified":"2026-03-15T17:32:52","modified_gmt":"2026-03-15T16:32:52","slug":"vit4ever-manteiga-de-caju-suave-1000-g","status":"publish","type":"product","link":"https:\/\/dev.vitalstoffversand.com\/pt-pt\/produto\/vit4ever-manteiga-de-caju-suave-1000-g\/","title":{"rendered":"Vit4ever <br>Manteiga de caju suave &#8211; 1000 g"},"content":{"rendered":"<p>A Cashew Butter Smooth \u00e9 constitu\u00edda por 100 por cento de cajus torrados e tem um sabor natural.<\/p>\n<p>Refine as suas sobremesas e produtos de pastelaria ou utilize esta del\u00edcia cremosa como um delicioso e saud\u00e1vel creme para barrar.<\/p>\n<p>Nota: \u00c9 normal que o \u00f3leo flutue neste produto. Basta mexer um pouco para recuperar a consist\u00eancia cremosa. <\/p>\n<ul>\n<li>vegano<\/li>\n<li>Sem gl\u00faten<\/li>\n<li>Sem adi\u00e7\u00e3o de a\u00e7\u00facar, \u00f3leo de palma ou sal<\/li>\n<\/ul>\n","protected":false},"excerpt":{"rendered":"<p>A Cashew Butter Smooth \u00e9 constitu\u00edda por 100 por cento de cajus torrados e tem um sabor natural. Refine as suas sobremesas e produtos de pastelaria ou utilize esta del\u00edcia cremosa como um delicioso e saud\u00e1vel creme para barrar. Nota: \u00c9 normal que o \u00f3leo flutue neste produto. Basta mexer um pouco para recuperar a [&hellip;]<\/p>\n","protected":false},"featured_media":53066,"template":"","meta":{"_acf_changed":false},"product_brand":[10221],"product_cat":[550,537],"product_tag":[],"class_list":{"0":"post-27007","1":"product","2":"type-product","3":"status-publish","4":"has-post-thumbnail","6":"product_brand-vit4ever-pt-pt","7":"product_cat-cozinhar-e-petiscar","8":"product_cat-produtos-de-a-z","10":"first","11":"outofstock","12":"taxable","13":"shipping-taxable","14":"purchasable","15":"product-type-simple"},"acf":[],"_links":{"self":[{"href":"https:\/\/dev.vitalstoffversand.com\/pt-pt\/wp-json\/wp\/v2\/product\/27007","targetHints":{"allow":["GET"]}}],"collection":[{"href":"https:\/\/dev.vitalstoffversand.com\/pt-pt\/wp-json\/wp\/v2\/product"}],"about":[{"href":"https:\/\/dev.vitalstoffversand.com\/pt-pt\/wp-json\/wp\/v2\/types\/product"}],"wp:featuredmedia":[{"embeddable":true,"href":"https:\/\/dev.vitalstoffversand.com\/pt-pt\/wp-json\/wp\/v2\/media\/53066"}],"wp:attachment":[{"href":"https:\/\/dev.vitalstoffversand.com\/pt-pt\/wp-json\/wp\/v2\/media?parent=27007"}],"wp:term":[{"taxonomy":"product_brand","embeddable":true,"href":"https:\/\/dev.vitalstoffversand.com\/pt-pt\/wp-json\/wp\/v2\/product_brand?post=27007"},{"taxonomy":"product_cat","embeddable":true,"href":"https:\/\/dev.vitalstoffversand.com\/pt-pt\/wp-json\/wp\/v2\/product_cat?post=27007"},{"taxonomy":"product_tag","embeddable":true,"href":"https:\/\/dev.vitalstoffversand.com\/pt-pt\/wp-json\/wp\/v2\/product_tag?post=27007"}],"curies":[{"name":"wp","href":"https:\/\/api.w.org\/{rel}","templated":true}]}}