{"id":27004,"date":"2025-01-02T17:49:49","date_gmt":"2025-01-02T16:49:49","guid":{"rendered":"https:\/\/vitalstoffversand.com\/produkt\/vit4ever-manteiga-de-amendoa-branca-1000-g\/"},"modified":"2026-03-15T17:28:57","modified_gmt":"2026-03-15T16:28:57","slug":"vit4ever-manteiga-de-amendoa-branca-1000-g","status":"publish","type":"product","link":"https:\/\/dev.vitalstoffversand.com\/pt-pt\/produto\/vit4ever-manteiga-de-amendoa-branca-1000-g\/","title":{"rendered":"Vit4ever <br>Manteiga de am\u00eandoa branca &#8211; 1000 g"},"content":{"rendered":"<p>A Manteiga de Am\u00eandoa Branca Suave \u00e9 composta por 100% de am\u00eandoas torradas e escaldadas e tem um sabor natural.<\/p>\n<p>Para al\u00e9m de um teor proteico de 25 por cento e 8,5 gramas de fibra por 100 gramas, tamb\u00e9m fornece vitaminas e minerais valiosos.<\/p>\n<p>Para barrar ou para apurar sobremesas e produtos de pastelaria.<\/p>\n<p>Nota: \u00c9 normal que o \u00f3leo flutue neste produto. Basta mexer um pouco para recuperar a consist\u00eancia cremosa. <\/p>\n<ul>\n<li>vegano<\/li>\n<li>Sem gl\u00faten<\/li>\n<li>Sem adi\u00e7\u00e3o de a\u00e7\u00facar, \u00f3leo de palma ou sal<\/li>\n<\/ul>\n","protected":false},"excerpt":{"rendered":"<p>A Manteiga de Am\u00eandoa Branca Suave \u00e9 composta por 100% de am\u00eandoas torradas e escaldadas e tem um sabor natural. Para al\u00e9m de um teor proteico de 25 por cento e 8,5 gramas de fibra por 100 gramas, tamb\u00e9m fornece vitaminas e minerais valiosos. Para barrar ou para apurar sobremesas e produtos de pastelaria. Nota: [&hellip;]<\/p>\n","protected":false},"featured_media":53026,"template":"","meta":{"_acf_changed":false},"product_brand":[10221],"product_cat":[550,537],"product_tag":[],"class_list":{"0":"post-27004","1":"product","2":"type-product","3":"status-publish","4":"has-post-thumbnail","6":"product_brand-vit4ever-pt-pt","7":"product_cat-cozinhar-e-petiscar","8":"product_cat-produtos-de-a-z","10":"first","11":"outofstock","12":"taxable","13":"shipping-taxable","14":"purchasable","15":"product-type-simple"},"acf":[],"_links":{"self":[{"href":"https:\/\/dev.vitalstoffversand.com\/pt-pt\/wp-json\/wp\/v2\/product\/27004","targetHints":{"allow":["GET"]}}],"collection":[{"href":"https:\/\/dev.vitalstoffversand.com\/pt-pt\/wp-json\/wp\/v2\/product"}],"about":[{"href":"https:\/\/dev.vitalstoffversand.com\/pt-pt\/wp-json\/wp\/v2\/types\/product"}],"wp:featuredmedia":[{"embeddable":true,"href":"https:\/\/dev.vitalstoffversand.com\/pt-pt\/wp-json\/wp\/v2\/media\/53026"}],"wp:attachment":[{"href":"https:\/\/dev.vitalstoffversand.com\/pt-pt\/wp-json\/wp\/v2\/media?parent=27004"}],"wp:term":[{"taxonomy":"product_brand","embeddable":true,"href":"https:\/\/dev.vitalstoffversand.com\/pt-pt\/wp-json\/wp\/v2\/product_brand?post=27004"},{"taxonomy":"product_cat","embeddable":true,"href":"https:\/\/dev.vitalstoffversand.com\/pt-pt\/wp-json\/wp\/v2\/product_cat?post=27004"},{"taxonomy":"product_tag","embeddable":true,"href":"https:\/\/dev.vitalstoffversand.com\/pt-pt\/wp-json\/wp\/v2\/product_tag?post=27004"}],"curies":[{"name":"wp","href":"https:\/\/api.w.org\/{rel}","templated":true}]}}