{"id":27001,"date":"2024-11-11T14:26:33","date_gmt":"2024-11-11T13:26:33","guid":{"rendered":"https:\/\/vitalstoffversand.com\/produkt\/vit4ever-mistura-de-manteiga-de-nozes-amendoimcajuamendoa-1000-g\/"},"modified":"2026-03-15T17:26:47","modified_gmt":"2026-03-15T16:26:47","slug":"vit4ever-mistura-de-manteiga-de-nozes-amendoimcajuamendoa-1000-g","status":"publish","type":"product","link":"https:\/\/dev.vitalstoffversand.com\/pt-pt\/produto\/vit4ever-mistura-de-manteiga-de-nozes-amendoimcajuamendoa-1000-g\/","title":{"rendered":"Vit4ever <br>Mistura de manteiga de nozes &#8211; amendoim+caju+am\u00eandoa &#8211; 1000 g"},"content":{"rendered":"<p>A mistura de manteiga de frutos secos \u00e9 constitu\u00edda por 60 % de amendoins torrados, 30 % de castanhas de caju e 10 % de am\u00eandoas.<\/p>\n<p>\u00c9 uma fonte de alta qualidade de prote\u00ednas e de \u00e1cidos gordos insaturados e cont\u00e9m muitos minerais e vitaminas, como o pot\u00e1ssio, o magn\u00e9sio, a vitamina E, as vitaminas B e tamb\u00e9m fibras.<\/p>\n<p>Para barrar ou para apurar sobremesas e produtos de pastelaria.<\/p>\n<p>Nota: \u00c9 normal que o \u00f3leo flutue nos produtos \u00e0 base de manteiga de am\u00eandoa e creme. Basta mexer para recuperar a cremosidade. <\/p>\n<ul>\n<li>vegano<\/li>\n<li>Sem gl\u00faten<\/li>\n<li>Sem adi\u00e7\u00e3o de a\u00e7\u00facar, \u00f3leo de palma ou sal<\/li>\n<li>Rico em \u00e1cidos gordos insaturados e naturais (43,7%)<\/li>\n<\/ul>\n","protected":false},"excerpt":{"rendered":"<p>A mistura de manteiga de frutos secos \u00e9 constitu\u00edda por 60 % de amendoins torrados, 30 % de castanhas de caju e 10 % de am\u00eandoas. \u00c9 uma fonte de alta qualidade de prote\u00ednas e de \u00e1cidos gordos insaturados e cont\u00e9m muitos minerais e vitaminas, como o pot\u00e1ssio, o magn\u00e9sio, a vitamina E, as vitaminas [&hellip;]<\/p>\n","protected":false},"featured_media":52986,"template":"","meta":{"_acf_changed":false},"product_brand":[10221],"product_cat":[550,537],"product_tag":[],"class_list":{"0":"post-27001","1":"product","2":"type-product","3":"status-publish","4":"has-post-thumbnail","6":"product_brand-vit4ever-pt-pt","7":"product_cat-cozinhar-e-petiscar","8":"product_cat-produtos-de-a-z","10":"first","11":"instock","12":"taxable","13":"shipping-taxable","14":"purchasable","15":"product-type-simple"},"acf":[],"_links":{"self":[{"href":"https:\/\/dev.vitalstoffversand.com\/pt-pt\/wp-json\/wp\/v2\/product\/27001","targetHints":{"allow":["GET"]}}],"collection":[{"href":"https:\/\/dev.vitalstoffversand.com\/pt-pt\/wp-json\/wp\/v2\/product"}],"about":[{"href":"https:\/\/dev.vitalstoffversand.com\/pt-pt\/wp-json\/wp\/v2\/types\/product"}],"wp:featuredmedia":[{"embeddable":true,"href":"https:\/\/dev.vitalstoffversand.com\/pt-pt\/wp-json\/wp\/v2\/media\/52986"}],"wp:attachment":[{"href":"https:\/\/dev.vitalstoffversand.com\/pt-pt\/wp-json\/wp\/v2\/media?parent=27001"}],"wp:term":[{"taxonomy":"product_brand","embeddable":true,"href":"https:\/\/dev.vitalstoffversand.com\/pt-pt\/wp-json\/wp\/v2\/product_brand?post=27001"},{"taxonomy":"product_cat","embeddable":true,"href":"https:\/\/dev.vitalstoffversand.com\/pt-pt\/wp-json\/wp\/v2\/product_cat?post=27001"},{"taxonomy":"product_tag","embeddable":true,"href":"https:\/\/dev.vitalstoffversand.com\/pt-pt\/wp-json\/wp\/v2\/product_tag?post=27001"}],"curies":[{"name":"wp","href":"https:\/\/api.w.org\/{rel}","templated":true}]}}