{"id":26989,"date":"2024-11-11T14:22:49","date_gmt":"2024-11-11T13:22:49","guid":{"rendered":"https:\/\/vitalstoffversand.com\/produkt\/vit4ever-astragalus-intenso-180-capsulas\/"},"modified":"2026-03-15T17:34:38","modified_gmt":"2026-03-15T16:34:38","slug":"vit4ever-astragalus-intenso-180-capsulas","status":"publish","type":"product","link":"https:\/\/dev.vitalstoffversand.com\/pt-pt\/produto\/vit4ever-astragalus-intenso-180-capsulas\/","title":{"rendered":"Vit4ever <br>Astragalus Intenso &#8211; 180 c\u00e1psulas"},"content":{"rendered":"<p>Embora o astr\u00e1galo seja utilizado na medicina tradicional chinesa h\u00e1 mais de 4000 anos, n\u00e3o existem estudos de alta qualidade sobre a efic\u00e1cia m\u00e9dica efectiva da toma de um suplemento de astr\u00e1galo.<\/p>\n<p>Embora o astr\u00e1galo seja provavelmente seguro para a maioria das pessoas, as mulheres gr\u00e1vidas, as m\u00e3es que amamentam, as crian\u00e7as e as pessoas com doen\u00e7as auto-imunes ou hep\u00e1ticas devem evitar o produto.<\/p>\n<p>O astr\u00e1galo tem tamb\u00e9m um elevado potencial para intera\u00e7\u00f5es indesej\u00e1veis com um grande n\u00famero de grupos de medicamentos, raz\u00e3o pela qual aconselhamos cautela.<\/p>\n<ul>\n<li>Vegano<\/li>\n<li>Sem gl\u00faten<\/li>\n<li>Sem lactose<\/li>\n<li>Sem OGM<\/li>\n<li>Produzido de acordo com rigorosos padr\u00f5es de qualidade da UE<\/li>\n<\/ul>\n","protected":false},"excerpt":{"rendered":"<p>Embora o astr\u00e1galo seja utilizado na medicina tradicional chinesa h\u00e1 mais de 4000 anos, n\u00e3o existem estudos de alta qualidade sobre a efic\u00e1cia m\u00e9dica efectiva da toma de um suplemento de astr\u00e1galo. Embora o astr\u00e1galo seja provavelmente seguro para a maioria das pessoas, as mulheres gr\u00e1vidas, as m\u00e3es que amamentam, as crian\u00e7as e as pessoas [&hellip;]<\/p>\n","protected":false},"featured_media":52922,"template":"","meta":{"_acf_changed":false},"product_brand":[10221],"product_cat":[559,537],"product_tag":[],"class_list":{"0":"post-26989","1":"product","2":"type-product","3":"status-publish","4":"has-post-thumbnail","6":"product_brand-vit4ever-pt-pt","7":"product_cat-nutrientes","8":"product_cat-produtos-de-a-z","10":"first","11":"instock","12":"taxable","13":"shipping-taxable","14":"purchasable","15":"product-type-simple"},"acf":[],"_links":{"self":[{"href":"https:\/\/dev.vitalstoffversand.com\/pt-pt\/wp-json\/wp\/v2\/product\/26989","targetHints":{"allow":["GET"]}}],"collection":[{"href":"https:\/\/dev.vitalstoffversand.com\/pt-pt\/wp-json\/wp\/v2\/product"}],"about":[{"href":"https:\/\/dev.vitalstoffversand.com\/pt-pt\/wp-json\/wp\/v2\/types\/product"}],"wp:featuredmedia":[{"embeddable":true,"href":"https:\/\/dev.vitalstoffversand.com\/pt-pt\/wp-json\/wp\/v2\/media\/52922"}],"wp:attachment":[{"href":"https:\/\/dev.vitalstoffversand.com\/pt-pt\/wp-json\/wp\/v2\/media?parent=26989"}],"wp:term":[{"taxonomy":"product_brand","embeddable":true,"href":"https:\/\/dev.vitalstoffversand.com\/pt-pt\/wp-json\/wp\/v2\/product_brand?post=26989"},{"taxonomy":"product_cat","embeddable":true,"href":"https:\/\/dev.vitalstoffversand.com\/pt-pt\/wp-json\/wp\/v2\/product_cat?post=26989"},{"taxonomy":"product_tag","embeddable":true,"href":"https:\/\/dev.vitalstoffversand.com\/pt-pt\/wp-json\/wp\/v2\/product_tag?post=26989"}],"curies":[{"name":"wp","href":"https:\/\/api.w.org\/{rel}","templated":true}]}}