{"id":26983,"date":"2024-11-11T14:18:40","date_gmt":"2024-11-11T13:18:40","guid":{"rendered":"https:\/\/vitalstoffversand.com\/produkt\/vit4ever-mistura-de-fibras-alimentares-400-g\/"},"modified":"2026-03-15T16:56:17","modified_gmt":"2026-03-15T15:56:17","slug":"vit4ever-mistura-de-fibras-alimentares-400-g","status":"publish","type":"product","link":"https:\/\/dev.vitalstoffversand.com\/pt-pt\/produto\/vit4ever-mistura-de-fibras-alimentares-400-g\/","title":{"rendered":"Vit4ever <br>Mistura de fibras alimentares &#8211; 400 g"},"content":{"rendered":"<p>As fibras s\u00e3o essenciais para um sistema digestivo saud\u00e1vel e uma boa digest\u00e3o. Um intestino saud\u00e1vel \u00e9 essencial para um sistema imunit\u00e1rio forte, mas os h\u00e1bitos alimentares \u201cmodernos\u201d significam frequentemente que j\u00e1 n\u00e3o consumimos fibras suficientes.<\/p>\n<p>Aromatizado com \u00e1cido c\u00edtrico, aroma natural de anan\u00e1s e eritritol.<\/p>\n<ul>\n<li>Vegano<\/li>\n<li>Sem gl\u00faten<\/li>\n<li>Sem lactose<\/li>\n<li>Sem OGM<\/li>\n<li>Produzido de acordo com rigorosos padr\u00f5es de qualidade da UE<\/li>\n<\/ul>\n","protected":false},"excerpt":{"rendered":"<p>As fibras s\u00e3o essenciais para um sistema digestivo saud\u00e1vel e uma boa digest\u00e3o. Um intestino saud\u00e1vel \u00e9 essencial para um sistema imunit\u00e1rio forte, mas os h\u00e1bitos alimentares \u201cmodernos\u201d significam frequentemente que j\u00e1 n\u00e3o consumimos fibras suficientes. Aromatizado com \u00e1cido c\u00edtrico, aroma natural de anan\u00e1s e eritritol. Vegano Sem gl\u00faten Sem lactose Sem OGM Produzido de [&hellip;]<\/p>\n","protected":false},"featured_media":52866,"template":"","meta":{"_acf_changed":false},"product_brand":[10221],"product_cat":[559,537],"product_tag":[],"class_list":{"0":"post-26983","1":"product","2":"type-product","3":"status-publish","4":"has-post-thumbnail","6":"product_brand-vit4ever-pt-pt","7":"product_cat-nutrientes","8":"product_cat-produtos-de-a-z","10":"first","11":"instock","12":"taxable","13":"shipping-taxable","14":"purchasable","15":"product-type-simple"},"acf":[],"_links":{"self":[{"href":"https:\/\/dev.vitalstoffversand.com\/pt-pt\/wp-json\/wp\/v2\/product\/26983","targetHints":{"allow":["GET"]}}],"collection":[{"href":"https:\/\/dev.vitalstoffversand.com\/pt-pt\/wp-json\/wp\/v2\/product"}],"about":[{"href":"https:\/\/dev.vitalstoffversand.com\/pt-pt\/wp-json\/wp\/v2\/types\/product"}],"wp:featuredmedia":[{"embeddable":true,"href":"https:\/\/dev.vitalstoffversand.com\/pt-pt\/wp-json\/wp\/v2\/media\/52866"}],"wp:attachment":[{"href":"https:\/\/dev.vitalstoffversand.com\/pt-pt\/wp-json\/wp\/v2\/media?parent=26983"}],"wp:term":[{"taxonomy":"product_brand","embeddable":true,"href":"https:\/\/dev.vitalstoffversand.com\/pt-pt\/wp-json\/wp\/v2\/product_brand?post=26983"},{"taxonomy":"product_cat","embeddable":true,"href":"https:\/\/dev.vitalstoffversand.com\/pt-pt\/wp-json\/wp\/v2\/product_cat?post=26983"},{"taxonomy":"product_tag","embeddable":true,"href":"https:\/\/dev.vitalstoffversand.com\/pt-pt\/wp-json\/wp\/v2\/product_tag?post=26983"}],"curies":[{"name":"wp","href":"https:\/\/api.w.org\/{rel}","templated":true}]}}