{"id":26977,"date":"2024-11-11T14:12:33","date_gmt":"2024-11-11T13:12:33","guid":{"rendered":"https:\/\/vitalstoffversand.com\/produkt\/vit4ever-alkaline-powder-360-g\/"},"modified":"2026-03-15T16:58:33","modified_gmt":"2026-03-15T15:58:33","slug":"vit4ever-alkaline-powder-360-g","status":"publish","type":"product","link":"https:\/\/dev.vitalstoffversand.com\/pt-pt\/produto\/vit4ever-alkaline-powder-360-g\/","title":{"rendered":"Vit4ever <br>Alkaline Powder &#8211; 360 g"},"content":{"rendered":"<p>Alkaline Powder Advanced \u00e9 uma mistura de minerais e oligoelementos importantes sob a forma de sais alcalinos.<\/p>\n<p>O p\u00f3 alcalinizante pode combater a hiperacidez e contribuir para a desacidifica\u00e7\u00e3o do organismo em caso de perturba\u00e7\u00e3o do equil\u00edbrio \u00e1cido-base.<\/p>\n<p><strong>Devido \u00e0 influ\u00eancia no equil\u00edbrio \u00e1cido natural do est\u00f4mago, desaconselhamos a utiliza\u00e7\u00e3o ininterrupta durante mais de 1-2 meses.<\/strong><\/p>\n<ul>\n<li>Vegano<\/li>\n<li>Sem gl\u00faten<\/li>\n<li>Sem lactose<\/li>\n<li>Sem OGM<\/li>\n<li>Produzido de acordo com rigorosos padr\u00f5es de qualidade da UE<\/li>\n<\/ul>\n","protected":false},"excerpt":{"rendered":"<p>Alkaline Powder Advanced \u00e9 uma mistura de minerais e oligoelementos importantes sob a forma de sais alcalinos. O p\u00f3 alcalinizante pode combater a hiperacidez e contribuir para a desacidifica\u00e7\u00e3o do organismo em caso de perturba\u00e7\u00e3o do equil\u00edbrio \u00e1cido-base. Devido \u00e0 influ\u00eancia no equil\u00edbrio \u00e1cido natural do est\u00f4mago, desaconselhamos a utiliza\u00e7\u00e3o ininterrupta durante mais de 1-2 [&hellip;]<\/p>\n","protected":false},"featured_media":52802,"template":"","meta":{"_acf_changed":false},"product_brand":[10221],"product_cat":[559,537],"product_tag":[],"class_list":{"0":"post-26977","1":"product","2":"type-product","3":"status-publish","4":"has-post-thumbnail","6":"product_brand-vit4ever-pt-pt","7":"product_cat-nutrientes","8":"product_cat-produtos-de-a-z","10":"first","11":"outofstock","12":"taxable","13":"shipping-taxable","14":"purchasable","15":"product-type-simple"},"acf":[],"_links":{"self":[{"href":"https:\/\/dev.vitalstoffversand.com\/pt-pt\/wp-json\/wp\/v2\/product\/26977","targetHints":{"allow":["GET"]}}],"collection":[{"href":"https:\/\/dev.vitalstoffversand.com\/pt-pt\/wp-json\/wp\/v2\/product"}],"about":[{"href":"https:\/\/dev.vitalstoffversand.com\/pt-pt\/wp-json\/wp\/v2\/types\/product"}],"wp:featuredmedia":[{"embeddable":true,"href":"https:\/\/dev.vitalstoffversand.com\/pt-pt\/wp-json\/wp\/v2\/media\/52802"}],"wp:attachment":[{"href":"https:\/\/dev.vitalstoffversand.com\/pt-pt\/wp-json\/wp\/v2\/media?parent=26977"}],"wp:term":[{"taxonomy":"product_brand","embeddable":true,"href":"https:\/\/dev.vitalstoffversand.com\/pt-pt\/wp-json\/wp\/v2\/product_brand?post=26977"},{"taxonomy":"product_cat","embeddable":true,"href":"https:\/\/dev.vitalstoffversand.com\/pt-pt\/wp-json\/wp\/v2\/product_cat?post=26977"},{"taxonomy":"product_tag","embeddable":true,"href":"https:\/\/dev.vitalstoffversand.com\/pt-pt\/wp-json\/wp\/v2\/product_tag?post=26977"}],"curies":[{"name":"wp","href":"https:\/\/api.w.org\/{rel}","templated":true}]}}