{"id":26899,"date":"2024-11-10T16:33:43","date_gmt":"2024-11-10T15:33:43","guid":{"rendered":"https:\/\/vitalstoffversand.com\/produkt\/vit4ever-bromelaina-intenso-120-capsulas-varios-f-i-p\/"},"modified":"2026-03-14T18:57:21","modified_gmt":"2026-03-14T17:57:21","slug":"vit4ever-bromelaina-intenso-120-capsulas-varios-f-i-p","status":"publish","type":"product","link":"https:\/\/dev.vitalstoffversand.com\/pt-pt\/produto\/vit4ever-bromelaina-intenso-120-capsulas-varios-f-i-p\/","title":{"rendered":"Vit4ever <br>Bromelina Intenso 2000 F.I.P &#8211; 120 c\u00e1psulas"},"content":{"rendered":"<p>Bromela\u00edna Intenso com 2000 F.I.P (Federa\u00e7\u00e3o Internacional Farmac\u00eautica = unidade de medida da atividade enzim\u00e1tica).<\/p>\n<p>\u00c9 obtido a partir da planta do anan\u00e1s e \u00e9 composto por duas enzimas e \u00e9 utilizado, entre outras coisas, como um medicamento \u00e0 base de plantas para tratar o incha\u00e7o ap\u00f3s les\u00f5es e opera\u00e7\u00f5es.<\/p>\n<p>Tem tamb\u00e9m propriedades anti-inflamat\u00f3rias e digestivas.<\/p>\n<p>As c\u00e1psulas t\u00eam um revestimento ent\u00e9rico para que o ingrediente ativo s\u00f3 seja libertado onde possa ser absorvido.<\/p>\n<ul>\n<li>Vegano<\/li>\n<li>Sem gl\u00faten<\/li>\n<li>Sem lactose<\/li>\n<li>Sem OGM<\/li>\n<li>Produzido de acordo com rigorosos padr\u00f5es de qualidade da UE<\/li>\n<\/ul>\n","protected":false},"excerpt":{"rendered":"<p>Bromela\u00edna Intenso com 2000 F.I.P (Federa\u00e7\u00e3o Internacional Farmac\u00eautica = unidade de medida da atividade enzim\u00e1tica). \u00c9 obtido a partir da planta do anan\u00e1s e \u00e9 composto por duas enzimas e \u00e9 utilizado, entre outras coisas, como um medicamento \u00e0 base de plantas para tratar o incha\u00e7o ap\u00f3s les\u00f5es e opera\u00e7\u00f5es. Tem tamb\u00e9m propriedades anti-inflamat\u00f3rias e [&hellip;]<\/p>\n","protected":false},"featured_media":52201,"template":"","meta":{"_acf_changed":false},"product_brand":[10221],"product_cat":[559,537],"product_tag":[],"class_list":{"0":"post-26899","1":"product","2":"type-product","3":"status-publish","4":"has-post-thumbnail","6":"product_brand-vit4ever-pt-pt","7":"product_cat-nutrientes","8":"product_cat-produtos-de-a-z","10":"first","11":"instock","12":"taxable","13":"shipping-taxable","14":"purchasable","15":"product-type-simple"},"acf":[],"_links":{"self":[{"href":"https:\/\/dev.vitalstoffversand.com\/pt-pt\/wp-json\/wp\/v2\/product\/26899","targetHints":{"allow":["GET"]}}],"collection":[{"href":"https:\/\/dev.vitalstoffversand.com\/pt-pt\/wp-json\/wp\/v2\/product"}],"about":[{"href":"https:\/\/dev.vitalstoffversand.com\/pt-pt\/wp-json\/wp\/v2\/types\/product"}],"wp:featuredmedia":[{"embeddable":true,"href":"https:\/\/dev.vitalstoffversand.com\/pt-pt\/wp-json\/wp\/v2\/media\/52201"}],"wp:attachment":[{"href":"https:\/\/dev.vitalstoffversand.com\/pt-pt\/wp-json\/wp\/v2\/media?parent=26899"}],"wp:term":[{"taxonomy":"product_brand","embeddable":true,"href":"https:\/\/dev.vitalstoffversand.com\/pt-pt\/wp-json\/wp\/v2\/product_brand?post=26899"},{"taxonomy":"product_cat","embeddable":true,"href":"https:\/\/dev.vitalstoffversand.com\/pt-pt\/wp-json\/wp\/v2\/product_cat?post=26899"},{"taxonomy":"product_tag","embeddable":true,"href":"https:\/\/dev.vitalstoffversand.com\/pt-pt\/wp-json\/wp\/v2\/product_tag?post=26899"}],"curies":[{"name":"wp","href":"https:\/\/api.w.org\/{rel}","templated":true}]}}